{"id":3168,"date":"2023-05-21T11:05:48","date_gmt":"2023-05-21T11:05:48","guid":{"rendered":"https:\/\/aesp.edu.br\/portal\/?page_id=3168"},"modified":"2025-03-05T15:04:08","modified_gmt":"2025-03-05T15:04:08","slug":"especializacao-tecnica-em-enfermagem-do-trabalho-32","status":"publish","type":"page","link":"https:\/\/aesp.edu.br\/portal\/especializacao-tecnica-em-enfermagem-do-trabalho-32\/","title":{"rendered":"Especializa\u00e7\u00e3o T\u00e9cnica em Sa\u00fade do Trabalhador"},"content":{"rendered":"\t\t<div data-elementor-type=\"wp-page\" data-elementor-id=\"3168\" class=\"elementor elementor-3168\">\n\t\t\t\t\t\t<section class=\"elementor-section elementor-top-section elementor-element elementor-element-a0229d0 elementor-section-full_width elementor-section-height-default elementor-section-height-default\" data-id=\"a0229d0\" data-element_type=\"section\" data-e-type=\"section\" data-settings=\"{&quot;background_background&quot;:&quot;classic&quot;}\">\n\t\t\t\t\t\t<div class=\"elementor-container elementor-column-gap-no\">\n\t\t\t\t\t<div class=\"elementor-column elementor-col-100 elementor-top-column elementor-element elementor-element-3bbc9f4\" data-id=\"3bbc9f4\" data-element_type=\"column\" data-e-type=\"column\">\n\t\t\t<div class=\"elementor-widget-wrap elementor-element-populated\">\n\t\t\t\t\t\t<div class=\"elementor-element elementor-element-fbc72a9 elementor-widget elementor-widget-image\" data-id=\"fbc72a9\" data-element_type=\"widget\" data-e-type=\"widget\" data-widget_type=\"image.default\">\n\t\t\t\t<div class=\"elementor-widget-container\">\n\t\t\t\t\t\t\t\t\t\t\t\t\t\t\t<img decoding=\"async\" width=\"150\" height=\"150\" src=\"https:\/\/aesp.edu.br\/portal\/wp-content\/uploads\/2022\/07\/t20-150x150.png\" class=\"attachment-thumbnail size-thumbnail wp-image-619\" alt=\"\" srcset=\"https:\/\/aesp.edu.br\/portal\/wp-content\/uploads\/2022\/07\/t20-150x150.png 150w, https:\/\/aesp.edu.br\/portal\/wp-content\/uploads\/2022\/07\/t20-300x300.png 300w, https:\/\/aesp.edu.br\/portal\/wp-content\/uploads\/2022\/07\/t20-1024x1024.png 1024w, https:\/\/aesp.edu.br\/portal\/wp-content\/uploads\/2022\/07\/t20-768x768.png 768w, https:\/\/aesp.edu.br\/portal\/wp-content\/uploads\/2022\/07\/t20-1536x1536.png 1536w, https:\/\/aesp.edu.br\/portal\/wp-content\/uploads\/2022\/07\/t20-2048x2048.png 2048w\" sizes=\"(max-width: 150px) 100vw, 150px\" \/>\t\t\t\t\t\t\t\t\t\t\t\t\t\t\t<\/div>\n\t\t\t\t<\/div>\n\t\t\t\t\t<\/div>\n\t\t<\/div>\n\t\t\t\t\t<\/div>\n\t\t<\/section>\n\t\t\t\t<section class=\"elementor-section elementor-top-section elementor-element elementor-element-0f8e5a4 elementor-section-full_width elementor-section-height-min-height elementor-section-height-default elementor-section-items-middle\" data-id=\"0f8e5a4\" data-element_type=\"section\" data-e-type=\"section\" data-settings=\"{&quot;background_background&quot;:&quot;gradient&quot;}\">\n\t\t\t\t\t\t<div class=\"elementor-container elementor-column-gap-no\">\n\t\t\t\t\t<div class=\"elementor-column elementor-col-100 elementor-top-column elementor-element elementor-element-8a5a32e\" data-id=\"8a5a32e\" data-element_type=\"column\" data-e-type=\"column\">\n\t\t\t<div class=\"elementor-widget-wrap elementor-element-populated\">\n\t\t\t\t\t\t<div class=\"elementor-element elementor-element-f93e74f elementor-widget elementor-widget-text-editor\" data-id=\"f93e74f\" data-element_type=\"widget\" data-e-type=\"widget\" data-widget_type=\"text-editor.default\">\n\t\t\t\t<div class=\"elementor-widget-container\">\n\t\t\t\t\t\t\t\t\t<h2 style=\"text-align: center;\"><span style=\"color: #000000;\"><strong>ESPECIALIZA\u00c7\u00c3O T\u00c9CNICA EM SA\u00daDE DO TRABALHADOR<\/strong><\/span><\/h2>\t\t\t\t\t\t\t\t<\/div>\n\t\t\t\t<\/div>\n\t\t\t\t\t<\/div>\n\t\t<\/div>\n\t\t\t\t\t<\/div>\n\t\t<\/section>\n\t\t\t\t<section class=\"elementor-section elementor-top-section elementor-element elementor-element-614568a elementor-section-boxed elementor-section-height-default elementor-section-height-default\" data-id=\"614568a\" data-element_type=\"section\" data-e-type=\"section\">\n\t\t\t\t\t\t<div class=\"elementor-container elementor-column-gap-default\">\n\t\t\t\t\t<div class=\"elementor-column elementor-col-100 elementor-top-column elementor-element elementor-element-5c10fb7\" data-id=\"5c10fb7\" data-element_type=\"column\" data-e-type=\"column\">\n\t\t\t<div class=\"elementor-widget-wrap elementor-element-populated\">\n\t\t\t\t\t\t<div class=\"elementor-element elementor-element-69dc17b elementor-align-center elementor-widget elementor-widget-button\" data-id=\"69dc17b\" data-element_type=\"widget\" data-e-type=\"widget\" data-widget_type=\"button.default\">\n\t\t\t\t<div class=\"elementor-widget-container\">\n\t\t\t\t\t\t\t\t\t<div class=\"elementor-button-wrapper\">\n\t\t\t\t\t<a class=\"elementor-button elementor-button-link elementor-size-sm\" href=\"https:\/\/aluno.aesp.edu.br\/inscricao-cesp\/\">\n\t\t\t\t\t\t<span class=\"elementor-button-content-wrapper\">\n\t\t\t\t\t\t\t\t\t<span class=\"elementor-button-text\">Clique aqui e inscreva-se:<\/span>\n\t\t\t\t\t<\/span>\n\t\t\t\t\t<\/a>\n\t\t\t\t<\/div>\n\t\t\t\t\t\t\t\t<\/div>\n\t\t\t\t<\/div>\n\t\t\t\t<div class=\"elementor-element elementor-element-5e6b40f elementor-widget elementor-widget-jw-headline\" data-id=\"5e6b40f\" data-element_type=\"widget\" data-e-type=\"widget\" data-widget_type=\"jw-headline.default\">\n\t\t\t\t<div class=\"elementor-widget-container\">\n\t\t\t\t\t<h6 class=\"jw-headline jw-headline--direction-horizontal\"><span class=\"jw-headline__part jw-headline__first\"><span class=\"jw-headline__label\">Especializa\u00e7\u00e3o T\u00e9cnica em Sa\u00fade do Trabalhador<\/span><\/span><span class=\"jw-headline__space\">&nbsp;<\/span><\/h6>\t\t\t\t<\/div>\n\t\t\t\t<\/div>\n\t\t\t\t<div class=\"elementor-element elementor-element-2790c8c elementor-widget__width-inherit elementor-widget elementor-widget-text-editor\" data-id=\"2790c8c\" data-element_type=\"widget\" data-e-type=\"widget\" data-widget_type=\"text-editor.default\">\n\t\t\t\t<div class=\"elementor-widget-container\">\n\t\t\t\t\t\t\t\t\t<p><img fetchpriority=\"high\" decoding=\"async\" class=\"wp-image-3173 alignleft\" src=\"https:\/\/aesp.edu.br\/portal\/wp-content\/uploads\/2023\/05\/esp-300x275.jpg\" alt=\"\" width=\"277\" height=\"254\" srcset=\"https:\/\/aesp.edu.br\/portal\/wp-content\/uploads\/2023\/05\/esp-300x275.jpg 300w, https:\/\/aesp.edu.br\/portal\/wp-content\/uploads\/2023\/05\/esp.jpg 600w\" sizes=\"(max-width: 277px) 100vw, 277px\" \/><\/p><p style=\"text-align: left;\">A atua\u00e7\u00e3o profissional se d\u00e1 junto \u00e0s empresas e ind\u00fastrias dos mais diversos ramos de atividade econ\u00f4mica, desenvolvendo a\u00e7\u00f5es que visam melhorar as condi\u00e7\u00f5es de trabalho, prevenindo acidentes e doen\u00e7as profissionais, valorizando a sa\u00fade e a qualidade de vida do Trabalhador.<br \/>H\u00e1 falta de profissionais qualificados neste mercado de trabalho.<br \/>O Col\u00e9gio CESP desenvolveu o Aprimoramento em Sa\u00fade no Trabalho, voltado para Auxiliares e T\u00e9cnicos em Enfermagem. <br \/>O objetivo do curso \u00e9 aprofundar conhecimentos na rela\u00e7\u00e3o trabalho e doen\u00e7as do trabalhador.<\/p>\t\t\t\t\t\t\t\t<\/div>\n\t\t\t\t<\/div>\n\t\t\t\t\t<\/div>\n\t\t<\/div>\n\t\t\t\t\t<\/div>\n\t\t<\/section>\n\t\t\t\t<section class=\"elementor-section elementor-top-section elementor-element elementor-element-9ecf30a elementor-section-boxed elementor-section-height-default elementor-section-height-default\" data-id=\"9ecf30a\" data-element_type=\"section\" data-e-type=\"section\">\n\t\t\t\t\t\t<div class=\"elementor-container elementor-column-gap-default\">\n\t\t\t\t\t<div class=\"elementor-column elementor-col-100 elementor-top-column elementor-element elementor-element-082320f\" data-id=\"082320f\" data-element_type=\"column\" data-e-type=\"column\">\n\t\t\t<div class=\"elementor-widget-wrap\">\n\t\t\t\t\t\t\t<\/div>\n\t\t<\/div>\n\t\t\t\t\t<\/div>\n\t\t<\/section>\n\t\t\t\t<section class=\"elementor-section elementor-top-section elementor-element elementor-element-29e8a43 elementor-section-boxed elementor-section-height-default elementor-section-height-default\" data-id=\"29e8a43\" data-element_type=\"section\" data-e-type=\"section\">\n\t\t\t\t\t\t<div class=\"elementor-container elementor-column-gap-default\">\n\t\t\t\t\t<div class=\"elementor-column elementor-col-100 elementor-top-column elementor-element elementor-element-2af60ac\" data-id=\"2af60ac\" data-element_type=\"column\" data-e-type=\"column\">\n\t\t\t<div class=\"elementor-widget-wrap elementor-element-populated\">\n\t\t\t\t\t\t<div class=\"elementor-element elementor-element-f2d307b elementor-widget elementor-widget-eael-adv-tabs\" data-id=\"f2d307b\" data-element_type=\"widget\" data-e-type=\"widget\" data-widget_type=\"eael-adv-tabs.default\">\n\t\t\t\t<div class=\"elementor-widget-container\">\n\t\t\t\t\t        <div data-scroll-on-click=\"no\" data-scroll-speed=\"300\" id=\"eael-advance-tabs-f2d307b\" class=\"eael-advance-tabs eael-tabs-horizontal eael-tab-auto-active \" data-tabid=\"f2d307b\">\n            <div class=\"eael-tabs-nav \">\n                <ul class=\"\" role=\"tablist\">\n                                            <li id=\"matriz-curricular-ead-curso-especializao-tcnica-de-nvel-mdio-em-enfermagem-do-trabalho-eixo-tecnolgico-ambiente-e-sade\" class=\"active-default eael-tab-item-trigger eael-tab-nav-item\" aria-selected=\"true\" data-tab=\"1\" role=\"tab\" tabindex=\"0\" aria-controls=\"matriz-curricular-ead-curso-especializao-tcnica-de-nvel-mdio-em-enfermagem-do-trabalho-eixo-tecnolgico-ambiente-e-sade-tab\" aria-expanded=\"false\">\n                            \n                            \n                            \n                                                            <span class=\"eael-tab-title title-after-icon\" >MATRIZ CURRICULAR \u2013 (EaD) CURSO: ESPECIALIZA\u00c7\u00c3O T\u00c9CNICA DE N\u00cdVEL M\u00c9DIO EM ENFERMAGEM DO TRABALHO EIXO TECNOL\u00d3GICO: Ambiente e Sa\u00fade<\/span>                                                    <\/li>\n                    \n                                  <\/ul>\n            <\/div>\n            \n            <div class=\"eael-tabs-content\">\n\t\t        \n                    <div id=\"matriz-curricular-ead-curso-especializao-tcnica-de-nvel-mdio-em-enfermagem-do-trabalho-eixo-tecnolgico-ambiente-e-sade-tab\" class=\"clearfix eael-tab-content-item active-default\" data-title-link=\"matriz-curricular-ead-curso-especializao-tcnica-de-nvel-mdio-em-enfermagem-do-trabalho-eixo-tecnolgico-ambiente-e-sade-tab\">\n\t\t\t\t        <table><tbody><tr><td><span style=\"color: #ffffff\">DISCIPLINAS<\/span><\/td><td><span style=\"color: #ffffff\">AULA<\/span><\/td><td><span style=\"color: #ffffff\">CARGA HOR\u00c1RIA<\/span><\/td><\/tr><tr><td>Enfermagem do trabalho<\/td><td>DIST \/ PRES<\/td><td>50<\/td><\/tr><tr><td>Seguran\u00e7a do trabalho<\/td><td>DIST \/ PRES<\/td><td>60<\/td><\/tr><tr><td>Diretrizes pol\u00edticas e legisla\u00e7\u00e3o do trabalho<\/td><td>DIST \/ PRES<\/td><td>30<\/td><\/tr><tr><td>Organiza\u00e7\u00e3o dos servi\u00e7os de sa\u00fade do trabalhador<\/td><td>DIST \/ PRES<\/td><td>60<\/td><\/tr><tr><td>Psicologia do trabalho e \u00e9tica profissional<\/td><td>DIST \/ PRES<\/td><td>20<\/td><\/tr><tr><td>Higiene do trabalho e saneamento do meio ambiente<\/td><td>DIST \/ PRES<\/td><td>30<\/td><\/tr><tr><td>Fisiologia do trabalho e ergonomia<\/td><td>DIST \/ PRES<\/td><td>30<\/td><\/tr><tr><td>Epidemiologia e estat\u00edstica aplicada \u00e0 sa\u00fade do trabalhador<\/td><td>DIST \/ PRES<\/td><td>20<\/td><\/tr><tr><td>EST\u00c1GIO SUPERVISIONADO<\/td><td>\u00a0<\/td><td>60<\/td><\/tr><\/tbody><\/table><table><tbody><tr><td><h5><span style=\"color: #ffffff\"><strong>CARGA HOR\u00c1RIA TOTAL &#8212;&#8212;&#8212;&#8212;&#8212;&#8212;&#8212;&#8212;&#8212;&#8212;&#8212;&#8212;&#8212;&#8212;&#8212;&#8212;&#8212;&#8212;&#8212;&#8212;&#8211;\u00a0\u00a0\u00a0\u00a0\u00a0\u00a0 <\/strong><strong>360 h\/a<\/strong><\/span><\/h5><\/td><\/tr><\/tbody><\/table><h5 style=\"text-align: center\"><span style=\"color: #ff0000\">OBS.: A ESTRUTURA CURRICULAR DESSA GRADE, PODER\u00c1 SOFRER ALTERA\u00c7\u00d5ES SEM AVISO PR\u00c9VIO.<\/span><\/h5><h4>\u00a0<\/h4><h4><strong>EMENTA<\/strong><\/h4><p><strong>ENFERMAGEM DO TRABALHO<\/strong><\/p><div id=\"icpbravoaccess_loaded\"><p><strong>Ementa: <\/strong>\u00a0\u00a0\u00a0Organiza\u00e7\u00e3o, estrutura, fun\u00e7\u00f5es, finalidades do Servi\u00e7o de Sa\u00fade do Trabalhador \u2013 SST; Atua\u00e7\u00e3o do t\u00e9cnico em enfermagem do trabalho nos diferentes n\u00edveis de preven\u00e7\u00e3o; Primeiros socorros: a\u00e7\u00e3o do t\u00e9cnico frente as os acidentes de trabalho e transporte seguro do acidentado; Instrumentos de registro relacionados \u00e0 sa\u00fade do trabalhador; Servi\u00e7os especializados em Engenharia de Seguran\u00e7a em Medicina do Trabalho \u2013 SESMT; \u00a0\u00a0Programa de Controle M\u00e9dico de Sa\u00fade Ocupacional &#8211; PCMSO: provas funcionais e exames m\u00e9dicos; Registros biom\u00e9tricos; Gin\u00e1stica laboral; Esteriliza\u00e7\u00e3o de materiais e equipamentos utilizados na sa\u00fade do trabalhador.<\/p><p><strong>SEGURAN\u00c7A DO TRABALHO<\/strong><\/p><p><strong>Ementa: <\/strong>Breve hist\u00f3rico sobre Seguran\u00e7a do Trabalho; Conceito de Trabalho, sa\u00fade e Seguran\u00e7a do Trabalho; Atua\u00e7\u00e3o dos Profissionais envolvidos e suas fun\u00e7\u00f5es; Aspectos Econ\u00f4micos e Pol\u00edticos da Seguran\u00e7a do Trabalho; Conceito, Classifica\u00e7\u00e3o, Consequ\u00eancias, Investiga\u00e7\u00e3o e Formas de Preven\u00e7\u00e3o dos Acidentes de Trabalho; Comunica\u00e7\u00e3o de Acidentes de Trabalho (CAT); Inspe\u00e7\u00e3o e Campanhas de Seguran\u00e7a; Equipamentos de Prote\u00e7\u00e3o; An\u00e1lise e Estat\u00edsticas dos Acidentes; Normas Regulamentadoras e Sinaliza\u00e7\u00f5es de Seguran\u00e7a; Programa de Controle M\u00e9dico e Sa\u00fade Ocupacional; (PCMSO), Exames (admissional, peri\u00f3dico, demissional).<\/p><p><strong>DIRETRIZES POL\u00cdTICAS E LEGISLA\u00c7\u00c3O DO TRABALHO<\/strong><\/p><p><strong>Ementa: <\/strong>Legisla\u00e7\u00e3o sobre Seguran\u00e7a e Sa\u00fade no Trabalho \u2013 Normas Regulamentadoras &#8211; NRs &#8211; Fontes de Pesquisa. Institui\u00e7\u00f5es Reguladoras; NR1 &#8211; Disposi\u00e7\u00f5es Gerais; NR5 &#8211; Comiss\u00e3o Interna de Preven\u00e7\u00e3o de Acidente; NR24 &#8211; Condi\u00e7\u00f5es Sanit\u00e1rias e de Conforto nos Locais de Trabalho; NR25 &#8211; Res\u00edduos Industriais; NR27 &#8211; Registro Profissional do T\u00e9cnico de Seguran\u00e7a do Trabalho no MTB; NR28 &#8211; Fiscaliza\u00e7\u00e3o e Penalidades; Saneamento b\u00e1sico do meio; Ecologia &#8211; aspectos gerais sobre o crescimento das popula\u00e7\u00f5es, os perigos da polui\u00e7\u00e3o e os desequil\u00edbrios ecol\u00f3gicos; Legisla\u00e7\u00e3o Trabalhista (CLT &#8211; Consolida\u00e7\u00e3o das Leis do Trabalho: direitos e obriga\u00e7\u00f5es do empregado e empregador, obrigatoriedade do registro na CTPS, processos trabalhistas &#8211; vara do trabalho).<\/p><p><strong>ORGANIZA\u00c7\u00c3O DOS SERVI\u00c7OS DE SA\u00daDE DO TRABALHADOR<\/strong><\/p><p><strong>Ementa: <\/strong>Sa\u00fade ocupacional: conceitos e objetivos; Mapeamento dos riscos ambientais; Classifica\u00e7\u00e3o dos fatores de riscos: f\u00edsicos; qu\u00edmicos; biol\u00f3gicos; mec\u00e2nicos e ergon\u00f4micos; Seguran\u00e7a do trabalho: Conceito de acidente do trabalho; causas dos acidentes de trabalho; bi\u00f3tipo e trabalho e condi\u00e7\u00f5es inseguras; Comunica\u00e7\u00e3o de acidentes de trabalho (CAT); Equipamentos de prote\u00e7\u00e3o individual e coletiva (EPI-EPC): tipos, utiliza\u00e7\u00e3o e armazenamento; Comiss\u00e3o interna de preven\u00e7\u00e3o de acidentes (CIPA): organiza\u00e7\u00e3o e funcionamento; Programa de preven\u00e7\u00e3o de riscos ambientais (PPRA); Sinaliza\u00e7\u00e3o (NR26); Prote\u00e7\u00e3o contra inc\u00eandios (NR23).<\/p><p><strong>PSICOLOGIA DO TRABALHO E \u00c9TICA PROFISSIONAL<\/strong><\/p><p><strong>Ementa: <\/strong>\u00a0\u00a0Direitos Humanos e Cidadania; Rela\u00e7\u00f5es Humanas de Vida e no Trabalho; \u00c9tica profissional, regras e regulamentos organizacionais; Conceitos de trabalho em equipe, coopera\u00e7\u00e3o e autonomia pessoal; Crit\u00e9rios de imagem pessoal organizacional; C\u00f3digo de Defesa do Consumidor; Conselhos Regionais da Profiss\u00e3o; Atribui\u00e7\u00f5es e responsabilidades de t\u00e9cnico de seguran\u00e7a do trabalho.<\/p><p><strong>HIGIENE DO TRABALHO E SANEAMENTO DO MEIO AMBIENTE<\/strong><\/p><p><strong>Ementa: <\/strong>Res\u00edduos industriais, de sa\u00fade e da agroind\u00fastria:<\/p><ul><li>\u00c1gua: sistema de utiliza\u00e7\u00e3o e reutiliza\u00e7\u00e3o<\/li><li>Esgoto: tratamento de acordo com o res\u00edduo produzido.<\/li><li>Ar atmosf\u00e9rico: controle do n\u00edvel de poluentes.<\/li><li>Armazenamento e descarte de res\u00edduos: sa\u00fade, ind\u00fastria e agroind\u00fastria.<\/li><\/ul><p>Condi\u00e7\u00f5es sanit\u00e1rias e conforto nos locais de trabalho; Controle de Qualidade: ISO 9000 e ISO 14000.<\/p><p><strong>FISIOLOGIA DO TRABALHO E ERGONOMIA<\/strong><\/p><p><strong>Ementa:<\/strong> \u00a0\u00a0Fisiopatologia das doen\u00e7as relacionadas ao trabalho nos diversos sistemas:<\/p><ul><li>Tegumentar, respirat\u00f3rio, nervoso e \u00f3rg\u00e3os do sentido (perda auditiva induzida por ru\u00eddo ocupacional &#8211; PAIRO);<\/li><li>Urin\u00e1rio,<\/li><li>Digest\u00f3rio e m\u00fasculo esquel\u00e9tico (les\u00e3o por esfor\u00e7o repetitivo &#8211; LER)<\/li><\/ul><p>(Doen\u00e7as osteomusculares relacionadas ao trabalho &#8211; DORT).<\/p><p><strong>EPIDEMIOLOGIA E ESTAT\u00cdSTICA APLICADA \u00c0 SA\u00daDE DO TRABALHADOR<\/strong><\/p><p><strong>Ementa: <\/strong>Doen\u00e7as ocupacionais; Toxicologia; Altera\u00e7\u00f5es provocadas pelo trabalho em turnos (AnexoNR7); Bioestat\u00edstica e aplica\u00e7\u00e3o da epidemiologia b\u00e1sica na sa\u00fade do trabalhador\/notifica\u00e7\u00e3o das doen\u00e7as ocupacionais; Programa de Sa\u00fade do Trabalhador (segundo MS).<\/p><\/div>                    <\/div>\n\t\t                    <\/div>\n        <\/div>\n\t\t\t\t<\/div>\n\t\t\t\t<\/div>\n\t\t\t\t<div class=\"elementor-element elementor-element-244cc1a elementor-align-center elementor-widget elementor-widget-button\" data-id=\"244cc1a\" data-element_type=\"widget\" data-e-type=\"widget\" data-widget_type=\"button.default\">\n\t\t\t\t<div class=\"elementor-widget-container\">\n\t\t\t\t\t\t\t\t\t<div class=\"elementor-button-wrapper\">\n\t\t\t\t\t<a class=\"elementor-button elementor-button-link elementor-size-sm\" href=\"https:\/\/aluno.aesp.edu.br\/inscricao-cesp\/\">\n\t\t\t\t\t\t<span class=\"elementor-button-content-wrapper\">\n\t\t\t\t\t\t\t\t\t<span class=\"elementor-button-text\">Clique aqui e inscreva-se:<\/span>\n\t\t\t\t\t<\/span>\n\t\t\t\t\t<\/a>\n\t\t\t\t<\/div>\n\t\t\t\t\t\t\t\t<\/div>\n\t\t\t\t<\/div>\n\t\t\t\t\t<\/div>\n\t\t<\/div>\n\t\t\t\t\t<\/div>\n\t\t<\/section>\n\t\t\t\t<\/div>\n\t\t","protected":false},"excerpt":{"rendered":"<p>ESPECIALIZA\u00c7\u00c3O T\u00c9CNICA EM SA\u00daDE DO TRABALHADOR Clique aqui e inscreva-se: Especializa\u00e7\u00e3o T\u00e9cnica em Sa\u00fade do Trabalhador&nbsp; A atua\u00e7\u00e3o profissional se d\u00e1 junto \u00e0s empresas e ind\u00fastrias dos mais diversos ramos de atividade econ\u00f4mica, desenvolvendo a\u00e7\u00f5es que visam melhorar as condi\u00e7\u00f5es de trabalho, prevenindo acidentes e doen\u00e7as profissionais, valorizando a sa\u00fade e a qualidade de vida [&hellip;]<\/p>\n","protected":false},"author":2,"featured_media":0,"parent":0,"menu_order":0,"comment_status":"closed","ping_status":"closed","template":"","meta":{"footnotes":""},"class_list":["post-3168","page","type-page","status-publish","hentry"],"_links":{"self":[{"href":"https:\/\/aesp.edu.br\/portal\/wp-json\/wp\/v2\/pages\/3168","targetHints":{"allow":["GET"]}}],"collection":[{"href":"https:\/\/aesp.edu.br\/portal\/wp-json\/wp\/v2\/pages"}],"about":[{"href":"https:\/\/aesp.edu.br\/portal\/wp-json\/wp\/v2\/types\/page"}],"author":[{"embeddable":true,"href":"https:\/\/aesp.edu.br\/portal\/wp-json\/wp\/v2\/users\/2"}],"replies":[{"embeddable":true,"href":"https:\/\/aesp.edu.br\/portal\/wp-json\/wp\/v2\/comments?post=3168"}],"version-history":[{"count":15,"href":"https:\/\/aesp.edu.br\/portal\/wp-json\/wp\/v2\/pages\/3168\/revisions"}],"predecessor-version":[{"id":4023,"href":"https:\/\/aesp.edu.br\/portal\/wp-json\/wp\/v2\/pages\/3168\/revisions\/4023"}],"wp:attachment":[{"href":"https:\/\/aesp.edu.br\/portal\/wp-json\/wp\/v2\/media?parent=3168"}],"curies":[{"name":"wp","href":"https:\/\/api.w.org\/{rel}","templated":true}]}}