{"id":3178,"date":"2023-05-21T13:12:34","date_gmt":"2023-05-21T13:12:34","guid":{"rendered":"https:\/\/aesp.edu.br\/portal\/?page_id=3178"},"modified":"2023-05-23T14:54:01","modified_gmt":"2023-05-23T14:54:01","slug":"especializacao-tecnica-em-instrumentacao-cirurgica","status":"publish","type":"page","link":"https:\/\/aesp.edu.br\/portal\/especializacao-tecnica-em-instrumentacao-cirurgica\/","title":{"rendered":"Especializa\u00e7\u00e3o T\u00e9cnica em Instrumenta\u00e7\u00e3o Cir\u00fargica"},"content":{"rendered":"\t\t<div data-elementor-type=\"wp-page\" data-elementor-id=\"3178\" class=\"elementor elementor-3178\">\n\t\t\t\t\t\t<section class=\"elementor-section elementor-top-section elementor-element elementor-element-a0229d0 elementor-section-full_width elementor-section-height-default elementor-section-height-default\" data-id=\"a0229d0\" data-element_type=\"section\" data-e-type=\"section\" data-settings=\"{&quot;background_background&quot;:&quot;classic&quot;}\">\n\t\t\t\t\t\t<div class=\"elementor-container elementor-column-gap-no\">\n\t\t\t\t\t<div class=\"elementor-column elementor-col-100 elementor-top-column elementor-element elementor-element-3bbc9f4\" data-id=\"3bbc9f4\" data-element_type=\"column\" data-e-type=\"column\">\n\t\t\t<div class=\"elementor-widget-wrap elementor-element-populated\">\n\t\t\t\t\t\t<div class=\"elementor-element elementor-element-fbc72a9 elementor-widget elementor-widget-image\" data-id=\"fbc72a9\" data-element_type=\"widget\" data-e-type=\"widget\" data-widget_type=\"image.default\">\n\t\t\t\t<div class=\"elementor-widget-container\">\n\t\t\t\t\t\t\t\t\t\t\t\t\t\t\t<img decoding=\"async\" width=\"150\" height=\"150\" src=\"https:\/\/aesp.edu.br\/portal\/wp-content\/uploads\/2022\/07\/t10-150x150.png\" class=\"attachment-thumbnail size-thumbnail wp-image-587\" alt=\"\" srcset=\"https:\/\/aesp.edu.br\/portal\/wp-content\/uploads\/2022\/07\/t10-150x150.png 150w, https:\/\/aesp.edu.br\/portal\/wp-content\/uploads\/2022\/07\/t10-300x300.png 300w, https:\/\/aesp.edu.br\/portal\/wp-content\/uploads\/2022\/07\/t10-1024x1024.png 1024w, https:\/\/aesp.edu.br\/portal\/wp-content\/uploads\/2022\/07\/t10-768x768.png 768w, https:\/\/aesp.edu.br\/portal\/wp-content\/uploads\/2022\/07\/t10-1536x1536.png 1536w, https:\/\/aesp.edu.br\/portal\/wp-content\/uploads\/2022\/07\/t10-2048x2048.png 2048w\" sizes=\"(max-width: 150px) 100vw, 150px\" \/>\t\t\t\t\t\t\t\t\t\t\t\t\t\t\t<\/div>\n\t\t\t\t<\/div>\n\t\t\t\t\t<\/div>\n\t\t<\/div>\n\t\t\t\t\t<\/div>\n\t\t<\/section>\n\t\t\t\t<section class=\"elementor-section elementor-top-section elementor-element elementor-element-0f8e5a4 elementor-section-full_width elementor-section-height-min-height elementor-section-height-default elementor-section-items-middle\" data-id=\"0f8e5a4\" data-element_type=\"section\" data-e-type=\"section\" data-settings=\"{&quot;background_background&quot;:&quot;classic&quot;}\">\n\t\t\t\t\t\t<div class=\"elementor-container elementor-column-gap-no\">\n\t\t\t\t\t<div class=\"elementor-column elementor-col-100 elementor-top-column elementor-element elementor-element-8a5a32e\" data-id=\"8a5a32e\" data-element_type=\"column\" data-e-type=\"column\">\n\t\t\t<div class=\"elementor-widget-wrap elementor-element-populated\">\n\t\t\t\t\t\t<div class=\"elementor-element elementor-element-5e6b40f elementor-widget elementor-widget-jw-headline\" data-id=\"5e6b40f\" data-element_type=\"widget\" data-e-type=\"widget\" data-widget_type=\"jw-headline.default\">\n\t\t\t\t<div class=\"elementor-widget-container\">\n\t\t\t\t\t<h6 class=\"jw-headline jw-headline--direction-horizontal\"><span class=\"jw-headline__part jw-headline__first\"><span class=\"jw-headline__label\">ESPECIALIZA\u00c7\u00c3O TECNICO EM INSTRUMENTA\u00c7\u00c3O CIR\u00daRGICA - EaD <\/span><\/span><span class=\"jw-headline__space\">&nbsp;<\/span><\/h6>\t\t\t\t<\/div>\n\t\t\t\t<\/div>\n\t\t\t\t\t<\/div>\n\t\t<\/div>\n\t\t\t\t\t<\/div>\n\t\t<\/section>\n\t\t\t\t<section class=\"elementor-section elementor-top-section elementor-element elementor-element-614568a elementor-section-boxed elementor-section-height-default elementor-section-height-default\" data-id=\"614568a\" data-element_type=\"section\" data-e-type=\"section\">\n\t\t\t\t\t\t<div class=\"elementor-container elementor-column-gap-default\">\n\t\t\t\t\t<div class=\"elementor-column elementor-col-100 elementor-top-column elementor-element elementor-element-5c10fb7\" data-id=\"5c10fb7\" data-element_type=\"column\" data-e-type=\"column\">\n\t\t\t<div class=\"elementor-widget-wrap elementor-element-populated\">\n\t\t\t\t\t\t<div class=\"elementor-element elementor-element-69dc17b elementor-align-center elementor-widget elementor-widget-button\" data-id=\"69dc17b\" data-element_type=\"widget\" data-e-type=\"widget\" data-widget_type=\"button.default\">\n\t\t\t\t<div class=\"elementor-widget-container\">\n\t\t\t\t\t\t\t\t\t<div class=\"elementor-button-wrapper\">\n\t\t\t\t\t<a class=\"elementor-button elementor-button-link elementor-size-sm\" href=\"https:\/\/aluno.aesp.edu.br\/inscricao-cesp\/\">\n\t\t\t\t\t\t<span class=\"elementor-button-content-wrapper\">\n\t\t\t\t\t\t\t\t\t<span class=\"elementor-button-text\">Clique aqui e inscreva-se:<\/span>\n\t\t\t\t\t<\/span>\n\t\t\t\t\t<\/a>\n\t\t\t\t<\/div>\n\t\t\t\t\t\t\t\t<\/div>\n\t\t\t\t<\/div>\n\t\t\t\t<div class=\"elementor-element elementor-element-2790c8c elementor-widget__width-inherit elementor-widget elementor-widget-text-editor\" data-id=\"2790c8c\" data-element_type=\"widget\" data-e-type=\"widget\" data-widget_type=\"text-editor.default\">\n\t\t\t\t<div class=\"elementor-widget-container\">\n\t\t\t\t\t\t\t\t\t<p><img fetchpriority=\"high\" decoding=\"async\" class=\"wp-image-3180 size-full alignleft\" src=\"https:\/\/aesp.edu.br\/portal\/wp-content\/uploads\/2023\/05\/CIRU.jpg\" alt=\"\" width=\"389\" height=\"129\" srcset=\"https:\/\/aesp.edu.br\/portal\/wp-content\/uploads\/2023\/05\/CIRU.jpg 389w, https:\/\/aesp.edu.br\/portal\/wp-content\/uploads\/2023\/05\/CIRU-300x99.jpg 300w\" sizes=\"(max-width: 389px) 100vw, 389px\" \/><\/p><p>O curso a dist\u00e2ncia de Atualiza\u00e7\u00e3o em Instrumenta\u00e7\u00e3o Cir\u00fargica em EAD &#8211; fala sobre uma das \u00e1reas mais importantes para o sucesso de uma cirurgia, pois ela \u00e9 de fundamental import\u00e2ncia para o \u00eaxito de cada tempo cirurgia reduzindo assim o tempo de interna\u00e7\u00e3o dos pacientes e diminuindo as poss\u00edveis complica\u00e7\u00f5es da cirurgia. O nosso material busca passar de forma objetiva um conte\u00fado completo, abordando temas como: o centro cir\u00fargico, a defini\u00e7\u00e3o e o hist\u00f3rico da instrumenta\u00e7\u00e3o cir\u00fargica, a paramenta\u00e7\u00e3o cir\u00fargica, a arruma\u00e7\u00e3o da mesa de instrumenta\u00e7\u00e3o cir\u00fargica, t\u00e9cnicas apropriadas de instrumenta\u00e7\u00e3o cir\u00fargica, quais s\u00e3o os tipos de anestesia e a sala de recupera\u00e7\u00e3o p\u00f3s-anest\u00e9sica. <br \/>O Curso de Especializa\u00e7\u00e3o T\u00e9cnica, de N\u00edvel M\u00e9dio, em Instrumenta\u00e7\u00e3o Cir\u00fargica est\u00e1 estruturado em \u00e1reas de conhecimentos agrupados em um \u00fanico m\u00f3dulo (M\u00f3dulo I) espec\u00edfico. Ter\u00e1 carga hor\u00e1ria total de 380 (trezentas e oitenta) horas sendo 300 (trezentas) horas te\u00f3rico\/pr\u00e1ticas e 80(oitenta) horas de est\u00e1gio supervisionado. <\/p><p>\u00a0<\/p><p>Al\u00e9m do profissional ser indispens\u00e1vel nas cirurgias, ele possui diversas outras fun\u00e7\u00f5es.<\/p><ul><li><img decoding=\"async\" class=\"wp-image-3120 alignright\" style=\"text-align: right;\" src=\"https:\/\/aesp.edu.br\/portal\/wp-content\/uploads\/2023\/05\/site2-300x199.jpg\" alt=\"\" width=\"303\" height=\"201\" srcset=\"https:\/\/aesp.edu.br\/portal\/wp-content\/uploads\/2023\/05\/site2-300x199.jpg 300w, https:\/\/aesp.edu.br\/portal\/wp-content\/uploads\/2023\/05\/site2-1024x680.jpg 1024w, https:\/\/aesp.edu.br\/portal\/wp-content\/uploads\/2023\/05\/site2-768x510.jpg 768w, https:\/\/aesp.edu.br\/portal\/wp-content\/uploads\/2023\/05\/site2-1536x1020.jpg 1536w, https:\/\/aesp.edu.br\/portal\/wp-content\/uploads\/2023\/05\/site2.jpg 1600w\" sizes=\"(max-width: 303px) 100vw, 303px\" \/>consultar o respons\u00e1vel pelo Centro Cir\u00fargico para certificar a identidade do paciente e averiguar se seus exames pr\u00e9-operat\u00f3rios est\u00e3o em conformidade com a cirurgia a ser realizada;<\/li><li>ordenar e controlar o instrumental cir\u00fargico;<\/li><li>preparar os instrumentos a serem usados na cirurgia;<\/li><li>selecionar e apresentar os instrumentos \u00e0 equipe m\u00e9dica;<\/li><li>manter a higiene e limpeza do campo operat\u00f3rio;<\/li><li>fazer a assepsia de todo o material;<\/li><li>montar e desmontar mesas para o procedimento;<\/li><li>guardar o material ao t\u00e9rmino da cirurgia;<\/li><li>conhecer o nome dos instrumentos;<\/li><li>antever os atos m\u00e9dicos para atender o cirurgi\u00e3o com prontid\u00e3o.<\/li><\/ul><p>\u00a0<\/p><p>O profissional formado em instrumenta\u00e7\u00e3o cir\u00fargica pode trabalhar em locais, como:<\/p><ul><li>hospitais p\u00fabicos;<\/li><li>hospitais privados;<\/li><li>cl\u00ednicas especializadas.<\/li><\/ul><p style=\"margin-bottom: 0cm; text-align: left;\">\u00a0<\/p><p style=\"text-align: center;\">\u00a0<\/p>\t\t\t\t\t\t\t\t<\/div>\n\t\t\t\t<\/div>\n\t\t\t\t\t<\/div>\n\t\t<\/div>\n\t\t\t\t\t<\/div>\n\t\t<\/section>\n\t\t\t\t<section class=\"elementor-section elementor-top-section elementor-element elementor-element-9ecf30a elementor-section-boxed elementor-section-height-default elementor-section-height-default\" data-id=\"9ecf30a\" data-element_type=\"section\" data-e-type=\"section\">\n\t\t\t\t\t\t<div class=\"elementor-container elementor-column-gap-default\">\n\t\t\t\t\t<div class=\"elementor-column elementor-col-100 elementor-top-column elementor-element elementor-element-082320f\" data-id=\"082320f\" data-element_type=\"column\" data-e-type=\"column\">\n\t\t\t<div class=\"elementor-widget-wrap\">\n\t\t\t\t\t\t\t<\/div>\n\t\t<\/div>\n\t\t\t\t\t<\/div>\n\t\t<\/section>\n\t\t\t\t<section class=\"elementor-section elementor-top-section elementor-element elementor-element-29e8a43 elementor-section-boxed elementor-section-height-default elementor-section-height-default\" data-id=\"29e8a43\" data-element_type=\"section\" data-e-type=\"section\">\n\t\t\t\t\t\t<div class=\"elementor-container elementor-column-gap-default\">\n\t\t\t\t\t<div class=\"elementor-column elementor-col-100 elementor-top-column elementor-element elementor-element-2af60ac\" data-id=\"2af60ac\" data-element_type=\"column\" data-e-type=\"column\">\n\t\t\t<div class=\"elementor-widget-wrap elementor-element-populated\">\n\t\t\t\t\t\t<div class=\"elementor-element elementor-element-f2d307b elementor-widget elementor-widget-eael-adv-tabs\" data-id=\"f2d307b\" data-element_type=\"widget\" data-e-type=\"widget\" data-widget_type=\"eael-adv-tabs.default\">\n\t\t\t\t<div class=\"elementor-widget-container\">\n\t\t\t\t\t        <div data-scroll-on-click=\"no\" data-scroll-speed=\"300\" id=\"eael-advance-tabs-f2d307b\" class=\"eael-advance-tabs eael-tabs-horizontal eael-tab-auto-active \" data-tabid=\"f2d307b\">\n            <div class=\"eael-tabs-nav \">\n                <ul class=\"\" role=\"tablist\">\n                                            <li id=\"matriz-curricular-ead-curso-especializao-tcnica-de-nvel-mdio-em-instrumentao-cirurgica-eixo-tecnolgico-ambiente-e-sade\" class=\"active-default eael-tab-item-trigger eael-tab-nav-item\" aria-selected=\"true\" data-tab=\"1\" role=\"tab\" tabindex=\"0\" aria-controls=\"matriz-curricular-ead-curso-especializao-tcnica-de-nvel-mdio-em-instrumentao-cirurgica-eixo-tecnolgico-ambiente-e-sade-tab\" aria-expanded=\"false\">\n                            \n                            \n                            \n                                                            <span class=\"eael-tab-title title-after-icon\" >MATRIZ CURRICULAR \u2013 (EaD) CURSO: ESPECIALIZA\u00c7\u00c3O T\u00c9CNICA DE N\u00cdVEL M\u00c9DIO EM INSTRUMENTA\u00c7\u00c3O CIRURGICA EIXO TECNOL\u00d3GICO: Ambiente e Sa\u00fade<\/span>                                                    <\/li>\n                    \n                                  <\/ul>\n            <\/div>\n            \n            <div class=\"eael-tabs-content\">\n\t\t        \n                    <div id=\"matriz-curricular-ead-curso-especializao-tcnica-de-nvel-mdio-em-instrumentao-cirurgica-eixo-tecnolgico-ambiente-e-sade-tab\" class=\"clearfix eael-tab-content-item active-default\" data-title-link=\"matriz-curricular-ead-curso-especializao-tcnica-de-nvel-mdio-em-instrumentao-cirurgica-eixo-tecnolgico-ambiente-e-sade-tab\">\n\t\t\t\t        <table><tbody><tr><td><span style=\"color: #ffffff\">DISCIPLINAS<\/span><\/td><td><span style=\"color: #ffffff\">AULA<\/span><\/td><td><span style=\"color: #ffffff\">CARGA HOR\u00c1RIA<\/span><\/td><\/tr><tr><td>Cirurgia Segura<\/td><td>DIST \/ PRES<\/td><td>50<\/td><\/tr><tr><td>Gest\u00e3o em Bloco Cir\u00fargico<\/td><td>DIST \/ PRES<\/td><td>60<\/td><\/tr><tr><td>Central de Material Esterilizado<\/td><td>DIST \/ PRES<\/td><td>50<\/td><\/tr><tr><td>Assist\u00eancia ao Paciente no Centro Cir\u00fargico e Recupera\u00e7\u00e3o Anest\u00e9sica<\/td><td>DIST \/ PRES<\/td><td>60<\/td><\/tr><tr><td>Instrumenta\u00e7\u00e3o Cir\u00fargica<\/td><td>DIST \/ PRES<\/td><td>80<\/td><\/tr><tr><td><strong>EST\u00c1GIO\u00a0<\/strong><\/td><td>\u00a0<\/td><td><strong>80<\/strong><\/td><\/tr><\/tbody><\/table><table><tbody><tr><td><h5><span style=\"color: #ffffff\"><strong>\u00a0<\/strong><strong>CARGA HOR\u00c1RIA TOTAL &#8212;&#8212;&#8212;&#8212;&#8212;&#8212;&#8212;&#8212;&#8212;&#8212;&#8212;&#8212;&#8212;&#8212;&#8212;&#8212;&#8212;&#8212;&#8212;&#8212;&#8211;\u00a0\u00a0\u00a0\u00a0\u00a0\u00a0 <\/strong><strong>380 h\/a<\/strong><\/span><\/h5><\/td><\/tr><\/tbody><\/table><h5 style=\"text-align: center\"><span style=\"color: #ff0000\">OBS.: A ESTRUTURA CURRICULAR DESSA GRADE, PODER\u00c1 SOFRER ALTERA\u00c7\u00d5ES SEM AVISO PR\u00c9VIO.<\/span><\/h5><h4>\u00a0<\/h4><h4><strong>EMENTAS<\/strong><\/h4><div id=\"icpbravoaccess_loaded\"><p><strong>\u2022 CIRURGIA SEGURA<\/strong><\/p><p><strong>Ementa:<\/strong><br \/>Hist\u00f3rico da Cirurgia Segura, segundo a Organiza\u00e7\u00e3o Mundial de Sa\u00fade; Eventos adversos e complica\u00e7\u00f5es cir\u00fargicas e o Impacto na Sa\u00fade P\u00fablica; Objetivos Espec\u00edficos para a Cirurgia Segura; Paciente certo e local certo; M\u00e9todos para impedir os danos na administra\u00e7\u00e3o de anest\u00e9sico e controle da dor; Fun\u00e7\u00e3o respirat\u00f3ria e perda de vias a\u00e9reas, que ameacem a vida; Controle de perdas sangu\u00edneas; Alergias ou rea\u00e7\u00f5es adversas as drogas; Infec\u00e7\u00e3o do s\u00edtio cir\u00fargico; Reten\u00e7\u00e3o de compressas ou instrumentos na ferida cir\u00fargica; Identifica\u00e7\u00e3o de esp\u00e9cimes; Comunica\u00e7\u00e3o e informa\u00e7\u00f5es durante a cirurgia; Vigil\u00e2ncia de rotina; Lista de verifica\u00e7\u00e3o de seguran\u00e7a cir\u00fargica.<\/p><p><strong>\u2022 GEST\u00c3O EM BLOCO CIR\u00daRGICO<\/strong><\/p><p><strong>Ementa:<\/strong><br \/>Princ\u00edpios de qualidade no bloco cir\u00fargico; Princ\u00edpios de \u00e9tica e bio\u00e9tica em centro cir\u00fargico; Recursos humanos e a comunica\u00e7\u00e3o entre as equipes do bloco cir\u00fargico; Din\u00e2mica de trabalho em centro cir\u00fargico; Cirurgia eletiva e urg\u00eancia;<br \/>Mapa cir\u00fargico &#8211; Humaniza\u00e7\u00e3o e Acolhimento; Reserva: de UTI, de materiais \u00f3rtese e pr\u00f3tese, hemoderivados; Ergonomia e risco ocupacional no bloco cir\u00fargico; Descarte de res\u00edduos: qu\u00edmicos e biol\u00f3gicos.<\/p><p><strong>\u2022 CENTRAL DE MATERIAL ESTERILIZADO<\/strong><\/p><p><strong>Ementa:<\/strong><br \/>Planta f\u00edsica, do CME e fluxo de trabalho no CME; Atribui\u00e7\u00f5es da equipe de enfermagem: atividades desenvolvidas, na recep\u00e7\u00e3o de materiais e expurgo, sala de verifica\u00e7\u00e3o e preparo \u00e1rea de esteriliza\u00e7\u00e3o, guarda e distribui\u00e7\u00e3o; Classifica\u00e7\u00e3o de artigos: cr\u00edticos, semicr\u00edticos e n\u00e3o cr\u00edticos; M\u00e9todos de limpeza\/ desinfec\u00e7\u00e3o: de materiais, instrumentais de superf\u00edcie, de l\u00famem; \u00f3ticas; termo sens\u00edveis, el\u00e9tricos, extens\u00f5es; Sala de preparo: verifica\u00e7\u00e3o e secagem, lubrifica\u00e7\u00e3o, montagem do material, embalagens, preparo e dobradura de roupa cir\u00fargica \u2013 aventais, campos cir\u00fargico \u2013 campos para cirurgias por v\u00eddeo; Processo de funcionamento dos equipamentos de esteriliza\u00e7\u00e3o vapor sob press\u00e3o, \u00f3xido de etileno, radia\u00e7\u00e3o gama, per\u00f3xido de hidrog\u00eanio, \u00e1cido perac\u00e9tico, vapor de baixa temperatura; Materiais para reprocessamento conforme legisla\u00e7\u00e3o vigente; Validade do processo de esteriliza\u00e7\u00e3o; Armazenamento, distribui\u00e7\u00e3o e transporte do material esterilizado; <br \/>Rastreabilidade do material e valida\u00e7\u00e3o de equipamento: testes multiparam\u00e9tricos \u2013 qu\u00edmicos indicadores biol\u00f3gicos, processo de esteriliza\u00e7\u00e3o; <br \/>Documenta\u00e7\u00e3o pertinente aos processos executados na CME: registro de materiais, de processo de esteriliza\u00e7\u00e3o, distribui\u00e7\u00e3o de materiais.<\/p><p><strong>\u2022 ASSIST\u00caNCIA AO PACIENTE NO CENTRO CIR\u00daRGICO E RECUPERA\u00c7\u00c3O ANEST\u00c9SICA<\/strong><\/p><p><strong>Ementa:<\/strong><br \/>Estrutura, organiza\u00e7\u00e3o e equipamentos do centro cir\u00fargico e recupera\u00e7\u00e3o anest\u00e9sica: monitores; carrinho de emerg\u00eancia; bisturis (el\u00e9trico, arg\u00f4nio e ultrass\u00f4nico); aspirador; laser; radiologia; Din\u00e2mica de trabalho conforme a classifica\u00e7\u00e3o do potencial de contamina\u00e7\u00e3o das cirurgias; Assist\u00eancia de enfermagem: recep\u00e7\u00e3o do paciente no centro cir\u00fargico; transoperat\u00f3rio; transporte p\u00f3s-cir\u00fargico; Assist\u00eancia de enfermagem em anestesia: tipos de anestesia; riscos anest\u00e9sicos; medicamentos; equipamentos de anestesia; Recupera\u00e7\u00e3o anest\u00e9sica: recep\u00e7\u00e3o do paciente na recupera\u00e7\u00e3o anest\u00e9sica; drenos, sondas, curativos; complica\u00e7\u00f5es; alta; registros de enfermagem (Escala ALDRETE), terminologia cir\u00fargica; Medicamentos utilizados no centro cir\u00fargico e recupera\u00e7\u00e3o anest\u00e9sica; Altera\u00e7\u00f5es f\u00edsicas e emocionais no p\u00f3s-operat\u00f3rio; <br \/>Protocolo de capta\u00e7\u00e3o de \u00f3rg\u00e3os.<\/p><p><strong>\u2022 INSTRUMENTA\u00c7\u00c3O CIR\u00daRGICA<\/strong><\/p><p><strong>Ementa:<\/strong><br \/>Atribui\u00e7\u00f5es do instrumentador cir\u00fargico; C\u00f3digo de \u00e9tica do instrumentador cir\u00fargico; Antissepsia \u2013 escova\u00e7\u00e3o das m\u00e3os; Paramenta\u00e7\u00e3o e enluvamento; Classifica\u00e7\u00e3o dos instrumentais de acordo com tempo cir\u00fargico: di\u00e9rese; hemostasia; afastadores; s\u00edntese; Materiais e equipamentos especiais: equipamentos de v\u00eddeo cirurgia; garrote pneum\u00e1tico; shave; grampeadores e endogranpeadores; \u00f3rtese e pr\u00f3tese (implant\u00e1veis); Fios e agulhas de sutura; Montagem e desmontagem da mesa cir\u00fargica: mesa auxiliar; mesa mayo; Din\u00e2mica da instrumenta\u00e7\u00e3o cir\u00fargica: tempo cir\u00fargico; linguagem de sinais; Contagem de materiais no intra operat\u00f3rio: compressas, gaze, instrumentais. Descarte de materiais.<\/p><\/div>                    <\/div>\n\t\t                    <\/div>\n        <\/div>\n\t\t\t\t<\/div>\n\t\t\t\t<\/div>\n\t\t\t\t<div class=\"elementor-element elementor-element-244cc1a elementor-align-center elementor-widget elementor-widget-button\" data-id=\"244cc1a\" data-element_type=\"widget\" data-e-type=\"widget\" data-widget_type=\"button.default\">\n\t\t\t\t<div class=\"elementor-widget-container\">\n\t\t\t\t\t\t\t\t\t<div class=\"elementor-button-wrapper\">\n\t\t\t\t\t<a class=\"elementor-button elementor-button-link elementor-size-sm\" href=\"https:\/\/aluno.aesp.edu.br\/inscricao-cesp\/\">\n\t\t\t\t\t\t<span class=\"elementor-button-content-wrapper\">\n\t\t\t\t\t\t\t\t\t<span class=\"elementor-button-text\">Clique aqui e inscreva-se:<\/span>\n\t\t\t\t\t<\/span>\n\t\t\t\t\t<\/a>\n\t\t\t\t<\/div>\n\t\t\t\t\t\t\t\t<\/div>\n\t\t\t\t<\/div>\n\t\t\t\t\t<\/div>\n\t\t<\/div>\n\t\t\t\t\t<\/div>\n\t\t<\/section>\n\t\t\t\t<\/div>\n\t\t","protected":false},"excerpt":{"rendered":"<p>ESPECIALIZA\u00c7\u00c3O TECNICO EM INSTRUMENTA\u00c7\u00c3O CIR\u00daRGICA &#8211; EaD &nbsp; Clique aqui e inscreva-se: O curso a dist\u00e2ncia de Atualiza\u00e7\u00e3o em Instrumenta\u00e7\u00e3o Cir\u00fargica em EAD &#8211; fala sobre uma das \u00e1reas mais importantes para o sucesso de uma cirurgia, pois ela \u00e9 de fundamental import\u00e2ncia para o \u00eaxito de cada tempo cirurgia reduzindo assim o tempo de [&hellip;]<\/p>\n","protected":false},"author":2,"featured_media":0,"parent":0,"menu_order":0,"comment_status":"closed","ping_status":"closed","template":"","meta":{"footnotes":""},"class_list":["post-3178","page","type-page","status-publish","hentry"],"_links":{"self":[{"href":"https:\/\/aesp.edu.br\/portal\/wp-json\/wp\/v2\/pages\/3178","targetHints":{"allow":["GET"]}}],"collection":[{"href":"https:\/\/aesp.edu.br\/portal\/wp-json\/wp\/v2\/pages"}],"about":[{"href":"https:\/\/aesp.edu.br\/portal\/wp-json\/wp\/v2\/types\/page"}],"author":[{"embeddable":true,"href":"https:\/\/aesp.edu.br\/portal\/wp-json\/wp\/v2\/users\/2"}],"replies":[{"embeddable":true,"href":"https:\/\/aesp.edu.br\/portal\/wp-json\/wp\/v2\/comments?post=3178"}],"version-history":[{"count":11,"href":"https:\/\/aesp.edu.br\/portal\/wp-json\/wp\/v2\/pages\/3178\/revisions"}],"predecessor-version":[{"id":3237,"href":"https:\/\/aesp.edu.br\/portal\/wp-json\/wp\/v2\/pages\/3178\/revisions\/3237"}],"wp:attachment":[{"href":"https:\/\/aesp.edu.br\/portal\/wp-json\/wp\/v2\/media?parent=3178"}],"curies":[{"name":"wp","href":"https:\/\/api.w.org\/{rel}","templated":true}]}}