{"id":3185,"date":"2023-05-21T13:34:56","date_gmt":"2023-05-21T13:34:56","guid":{"rendered":"https:\/\/aesp.edu.br\/portal\/?page_id=3185"},"modified":"2023-05-23T14:46:20","modified_gmt":"2023-05-23T14:46:20","slug":"especializacao-tecnica-em-seguranca-trabalho-construcao-civil","status":"publish","type":"page","link":"https:\/\/aesp.edu.br\/portal\/especializacao-tecnica-em-seguranca-trabalho-construcao-civil\/","title":{"rendered":"Especializa\u00e7\u00e3o T\u00e9cnica em Seguran\u00e7a do Trabalho na Constru\u00e7\u00e3o Civil"},"content":{"rendered":"\t\t<div data-elementor-type=\"wp-page\" data-elementor-id=\"3185\" class=\"elementor elementor-3185\">\n\t\t\t\t\t\t<section class=\"elementor-section elementor-top-section elementor-element elementor-element-a0229d0 elementor-section-full_width elementor-section-height-default elementor-section-height-default\" data-id=\"a0229d0\" data-element_type=\"section\" data-e-type=\"section\" data-settings=\"{&quot;background_background&quot;:&quot;classic&quot;}\">\n\t\t\t\t\t\t<div class=\"elementor-container elementor-column-gap-no\">\n\t\t\t\t\t<div class=\"elementor-column elementor-col-100 elementor-top-column elementor-element elementor-element-3bbc9f4\" data-id=\"3bbc9f4\" data-element_type=\"column\" data-e-type=\"column\">\n\t\t\t<div class=\"elementor-widget-wrap elementor-element-populated\">\n\t\t\t\t\t\t<div class=\"elementor-element elementor-element-fbc72a9 elementor-widget elementor-widget-image\" data-id=\"fbc72a9\" data-element_type=\"widget\" data-e-type=\"widget\" data-widget_type=\"image.default\">\n\t\t\t\t<div class=\"elementor-widget-container\">\n\t\t\t\t\t\t\t\t\t\t\t\t\t\t\t<img decoding=\"async\" width=\"150\" height=\"150\" src=\"https:\/\/aesp.edu.br\/portal\/wp-content\/uploads\/2022\/07\/seguraca-trabalho-construcao-civil-150x150.png\" class=\"attachment-thumbnail size-thumbnail wp-image-1033\" alt=\"\" srcset=\"https:\/\/aesp.edu.br\/portal\/wp-content\/uploads\/2022\/07\/seguraca-trabalho-construcao-civil-150x150.png 150w, https:\/\/aesp.edu.br\/portal\/wp-content\/uploads\/2022\/07\/seguraca-trabalho-construcao-civil-300x300.png 300w, https:\/\/aesp.edu.br\/portal\/wp-content\/uploads\/2022\/07\/seguraca-trabalho-construcao-civil-1024x1024.png 1024w, https:\/\/aesp.edu.br\/portal\/wp-content\/uploads\/2022\/07\/seguraca-trabalho-construcao-civil-768x768.png 768w, https:\/\/aesp.edu.br\/portal\/wp-content\/uploads\/2022\/07\/seguraca-trabalho-construcao-civil.png 1501w\" sizes=\"(max-width: 150px) 100vw, 150px\" \/>\t\t\t\t\t\t\t\t\t\t\t\t\t\t\t<\/div>\n\t\t\t\t<\/div>\n\t\t\t\t\t<\/div>\n\t\t<\/div>\n\t\t\t\t\t<\/div>\n\t\t<\/section>\n\t\t\t\t<section class=\"elementor-section elementor-top-section elementor-element elementor-element-0f8e5a4 elementor-section-full_width elementor-section-height-min-height elementor-section-height-default elementor-section-items-middle\" data-id=\"0f8e5a4\" data-element_type=\"section\" data-e-type=\"section\" data-settings=\"{&quot;background_background&quot;:&quot;classic&quot;}\">\n\t\t\t\t\t\t<div class=\"elementor-container elementor-column-gap-no\">\n\t\t\t\t\t<div class=\"elementor-column elementor-col-100 elementor-top-column elementor-element elementor-element-8a5a32e\" data-id=\"8a5a32e\" data-element_type=\"column\" data-e-type=\"column\">\n\t\t\t<div class=\"elementor-widget-wrap elementor-element-populated\">\n\t\t\t\t\t\t<div class=\"elementor-element elementor-element-5e6b40f elementor-widget elementor-widget-jw-headline\" data-id=\"5e6b40f\" data-element_type=\"widget\" data-e-type=\"widget\" data-widget_type=\"jw-headline.default\">\n\t\t\t\t<div class=\"elementor-widget-container\">\n\t\t\t\t\t<h1 class=\"jw-headline jw-headline--direction-horizontal\"><span class=\"jw-headline__part jw-headline__first\"><span class=\"jw-headline__label\">ESPECIALIZA\u00c7\u00c3O TECNICO EM\nSEGURAN\u00c7A DO TRABALHO NA CONSTRU\u00c7\u00c3O CIVIL - EaD\n<\/span><\/span><span class=\"jw-headline__space\">&nbsp;<\/span><\/h1>\t\t\t\t<\/div>\n\t\t\t\t<\/div>\n\t\t\t\t\t<\/div>\n\t\t<\/div>\n\t\t\t\t\t<\/div>\n\t\t<\/section>\n\t\t\t\t<section class=\"elementor-section elementor-top-section elementor-element elementor-element-614568a elementor-section-boxed elementor-section-height-default elementor-section-height-default\" data-id=\"614568a\" data-element_type=\"section\" data-e-type=\"section\">\n\t\t\t\t\t\t<div class=\"elementor-container elementor-column-gap-default\">\n\t\t\t\t\t<div class=\"elementor-column elementor-col-100 elementor-top-column elementor-element elementor-element-5c10fb7\" data-id=\"5c10fb7\" data-element_type=\"column\" data-e-type=\"column\">\n\t\t\t<div class=\"elementor-widget-wrap elementor-element-populated\">\n\t\t\t\t\t\t<div class=\"elementor-element elementor-element-69dc17b elementor-align-center elementor-widget elementor-widget-button\" data-id=\"69dc17b\" data-element_type=\"widget\" data-e-type=\"widget\" data-widget_type=\"button.default\">\n\t\t\t\t<div class=\"elementor-widget-container\">\n\t\t\t\t\t\t\t\t\t<div class=\"elementor-button-wrapper\">\n\t\t\t\t\t<a class=\"elementor-button elementor-button-link elementor-size-sm\" href=\"https:\/\/aluno.aesp.edu.br\/inscricao-cesp\/\">\n\t\t\t\t\t\t<span class=\"elementor-button-content-wrapper\">\n\t\t\t\t\t\t\t\t\t<span class=\"elementor-button-text\">Clique aqui e inscreva-se:<\/span>\n\t\t\t\t\t<\/span>\n\t\t\t\t\t<\/a>\n\t\t\t\t<\/div>\n\t\t\t\t\t\t\t\t<\/div>\n\t\t\t\t<\/div>\n\t\t\t\t<div class=\"elementor-element elementor-element-2790c8c elementor-widget__width-inherit elementor-widget elementor-widget-text-editor\" data-id=\"2790c8c\" data-element_type=\"widget\" data-e-type=\"widget\" data-widget_type=\"text-editor.default\">\n\t\t\t\t<div class=\"elementor-widget-container\">\n\t\t\t\t\t\t\t\t\t<p><img decoding=\"async\" class=\"wp-image-3187 size-medium alignleft\" src=\"https:\/\/aesp.edu.br\/portal\/wp-content\/uploads\/2023\/05\/SEG-300x158.jpg\" alt=\"\" width=\"300\" height=\"158\" srcset=\"https:\/\/aesp.edu.br\/portal\/wp-content\/uploads\/2023\/05\/SEG-300x158.jpg 300w, https:\/\/aesp.edu.br\/portal\/wp-content\/uploads\/2023\/05\/SEG.jpg 720w\" sizes=\"(max-width: 300px) 100vw, 300px\" \/><\/p><p>A constru\u00e7\u00e3o civil \u00e9 um setor da economia formado por uma enorme quantidade de atividades. \u00c9 t\u00e3o grande que \u00e9 chamado de \u201cmacrocomplexo da constru\u00e7\u00e3o\u201d. Macro complexo \u00e9 um conjunto de atividades econ\u00f4micas, diferentes e interligadas umas \u00e0s outras.<\/p><p>O setor da Constru\u00e7\u00e3o Civil vem crescendo significativamente a cada ano gra\u00e7as ao aumento do \u00edndice de desenvolvimento no mercado imobili\u00e1rio e da sua oferta de cr\u00e9dito, bem como pela grande oferta de vagas de trabalho destinada aos qualificados nesta \u00e1rea.<\/p><p>Como o mercado construtor ferve, \u00e9 natural o amento da produtividade e da busca por profissionais qualificados que possam responder a altura o cargo que lhes \u00e9 consentido, sobretudo aos profissionais da Seguran\u00e7a no Trabalho, pois a este \u00e9 dada a responsabilidade sobre a fiscaliza\u00e7\u00e3o do trabalho no ambiente da constru\u00e7\u00e3o, onde \u00e9 poss\u00edvel verificar grande \u00edndice de acidentes e de doen\u00e7as ocupacionais, devido a exposi\u00e7\u00e3o dos trabalhadores a fatores de risco como, por exemplo, trabalho em altura, movimentos repetitivos, choques el\u00e9tricos, ru\u00eddos, desabamentos, soterramentos, produtos qu\u00edmicos, dentre outros.<\/p><p>O CESP coloca \u00e0 disponibilidade o curso de ESPECIALIZA\u00c7\u00c3O T\u00c9CNICA EM SEGURAN\u00c7A DO TRABALHO NA COSNTRU\u00c7\u00c3O CIVIL para o acompanhamento das mudan\u00e7as sociais, culturais e tecnol\u00f3gicas do ambiente do trabalho, especialmente para aqueles que fazem parte do eixo da SEGURAN\u00c7A do trabalho.<\/p><p>\u00a0<\/p>\t\t\t\t\t\t\t\t<\/div>\n\t\t\t\t<\/div>\n\t\t\t\t\t<\/div>\n\t\t<\/div>\n\t\t\t\t\t<\/div>\n\t\t<\/section>\n\t\t\t\t<section class=\"elementor-section elementor-top-section elementor-element elementor-element-9ecf30a elementor-section-boxed elementor-section-height-default elementor-section-height-default\" data-id=\"9ecf30a\" data-element_type=\"section\" data-e-type=\"section\">\n\t\t\t\t\t\t<div class=\"elementor-container elementor-column-gap-default\">\n\t\t\t\t\t<div class=\"elementor-column elementor-col-100 elementor-top-column elementor-element elementor-element-082320f\" data-id=\"082320f\" data-element_type=\"column\" data-e-type=\"column\">\n\t\t\t<div class=\"elementor-widget-wrap\">\n\t\t\t\t\t\t\t<\/div>\n\t\t<\/div>\n\t\t\t\t\t<\/div>\n\t\t<\/section>\n\t\t\t\t<section class=\"elementor-section elementor-top-section elementor-element elementor-element-29e8a43 elementor-section-boxed elementor-section-height-default elementor-section-height-default\" data-id=\"29e8a43\" data-element_type=\"section\" data-e-type=\"section\">\n\t\t\t\t\t\t<div class=\"elementor-container elementor-column-gap-default\">\n\t\t\t\t\t<div class=\"elementor-column elementor-col-100 elementor-top-column elementor-element elementor-element-2af60ac\" data-id=\"2af60ac\" data-element_type=\"column\" data-e-type=\"column\">\n\t\t\t<div class=\"elementor-widget-wrap elementor-element-populated\">\n\t\t\t\t\t\t<div class=\"elementor-element elementor-element-f2d307b elementor-widget elementor-widget-eael-adv-tabs\" data-id=\"f2d307b\" data-element_type=\"widget\" data-e-type=\"widget\" data-widget_type=\"eael-adv-tabs.default\">\n\t\t\t\t<div class=\"elementor-widget-container\">\n\t\t\t\t\t        <div data-scroll-on-click=\"no\" data-scroll-speed=\"300\" id=\"eael-advance-tabs-f2d307b\" class=\"eael-advance-tabs eael-tabs-horizontal eael-tab-auto-active \" data-tabid=\"f2d307b\">\n            <div class=\"eael-tabs-nav \">\n                <ul class=\"\" role=\"tablist\">\n                                            <li id=\"matriz-curricular-ead-curso-especializao-tcnica-de-nvel-mdio-em-segurana-do-trabalho-na-construo-civil-eixo-tecnolgico-segurana\" class=\"active-default eael-tab-item-trigger eael-tab-nav-item\" aria-selected=\"true\" data-tab=\"1\" role=\"tab\" tabindex=\"0\" aria-controls=\"matriz-curricular-ead-curso-especializao-tcnica-de-nvel-mdio-em-segurana-do-trabalho-na-construo-civil-eixo-tecnolgico-segurana-tab\" aria-expanded=\"false\">\n                            \n                            \n                            \n                                                            <span class=\"eael-tab-title title-after-icon\" >MATRIZ CURRICULAR \u2013 (EaD) CURSO: ESPECIALIZA\u00c7\u00c3O T\u00c9CNICA DE N\u00cdVEL M\u00c9DIO EM SEGURAN\u00c7A DO TRABALHO NA CONSTRU\u00c7\u00c3O CIVIL EIXO TECNOL\u00d3GICO: Seguran\u00e7a<\/span>                                                    <\/li>\n                    \n                                  <\/ul>\n            <\/div>\n            \n            <div class=\"eael-tabs-content\">\n\t\t        \n                    <div id=\"matriz-curricular-ead-curso-especializao-tcnica-de-nvel-mdio-em-segurana-do-trabalho-na-construo-civil-eixo-tecnolgico-segurana-tab\" class=\"clearfix eael-tab-content-item active-default\" data-title-link=\"matriz-curricular-ead-curso-especializao-tcnica-de-nvel-mdio-em-segurana-do-trabalho-na-construo-civil-eixo-tecnolgico-segurana-tab\">\n\t\t\t\t        <table><tbody><tr><td><span style=\"color: #ffffff\">DISCIPLINAS<\/span><\/td><td><span style=\"color: #ffffff\">AULA<\/span><\/td><td><span style=\"color: #ffffff\">CARGA HOR\u00c1RIA<\/span><\/td><\/tr><tr><td>Desenho T\u00e9cnico<\/td><td>DIST \/ PRES<\/td><td>30<\/td><\/tr><tr><td>Or\u00e7amento da Constru\u00e7\u00e3o Civil<\/td><td>DIST \/ PRES<\/td><td>20<\/td><\/tr><tr><td>Materiais de Constru\u00e7\u00e3o<\/td><td>DIST \/ PRES<\/td><td>30<\/td><\/tr><tr><td>Projeto El\u00e9trico<\/td><td>DIST \/ PRES<\/td><td>35<\/td><\/tr><tr><td>Projeto Hidro Sanit\u00e1rio<\/td><td>DIST \/ PRES<\/td><td>35<\/td><\/tr><tr><td>Tecnologia de Constru\u00e7\u00e3o Civil<\/td><td>DIST \/ PRES<\/td><td>40<\/td><\/tr><tr><td>Sistemas Prediais<\/td><td>DIST \/ PRES<\/td><td>40<\/td><\/tr><tr><td>Estabilidade da Constru\u00e7\u00e3o Predial<\/td><td>DIST \/ PRES<\/td><td>40<\/td><\/tr><tr><td>Projeto Arquitet\u00f4nico<\/td><td>DIST \/ PRES<\/td><td>30<\/td><\/tr><tr><td>EST\u00c1GIO<\/td><td>\u00a0<\/td><td>60<\/td><\/tr><\/tbody><\/table><table><tbody><tr><td><h5 style=\"text-align: center\"><span style=\"color: #ffffff\"><strong>CARGA HOR\u00c1RIA TOTAL &#8212;&#8212;&#8212;&#8212;&#8212;&#8212;&#8212;&#8212;&#8212;&#8212;&#8212;&#8212;&#8212;&#8212;&#8212;&#8212;&#8212;&#8212;&#8212;&#8212;&#8211;\u00a0\u00a0\u00a0\u00a0\u00a0\u00a0 <\/strong><strong>360 h\/a<\/strong><\/span><\/h5><\/td><\/tr><\/tbody><\/table><h6 style=\"text-align: center\"><span style=\"color: #ff0000\">OBS.: A ESTRUTURA CURRICULAR DESSA GRADE, PODER\u00c1 SOFRER ALTERA\u00c7\u00d5ES SEM AVISO PR\u00c9VIO.<\/span><\/h6><h4>\u00a0<\/h4><h4><strong>EMENTAS<\/strong><\/h4><div id=\"icpbravoaccess_loaded\"><p><strong>DESENHO T\u00c9CNICO<\/strong><\/p><p><strong>Ementa:<\/strong> Conven\u00e7\u00f5es gr\u00e1ficas e normas t\u00e9cnicas e identifica\u00e7\u00e3o dos elementos componentes de um projeto arquitet\u00f4nico; Anteprojeto Arquitet\u00f4nico, cortes, fachadas, eleva\u00e7\u00f5es, planta de cobertura e planta de situa\u00e7\u00e3o.<\/p><p><strong>OR\u00c7AMENTO DA CONSTRU\u00c7\u00c3O CIVIL<\/strong><\/p><p><strong>Ementa:<\/strong> Especifica\u00e7\u00f5es t\u00e9cnicas e composi\u00e7\u00e3o de pre\u00e7os; Cronograma f\u00edsico financeiro.<\/p><p><strong>MATERIAIS DE CONSTRU\u00c7\u00c3O<\/strong><\/p><p><strong>Ementa:<\/strong> Normas e equipamentos para ensaios; Caracter\u00edsticas f\u00edsicas e qu\u00edmicas dos materiais.<\/p><p><strong>PROJETO EL\u00c9TRICO<\/strong><\/p><p><strong>Ementa:<\/strong> Dimensionar eletrodutos para alojamento dos condutores el\u00e9tricos; Projetar, dimensionar e solucionar problemas de ilumina\u00e7\u00e3o nos ambientes.<\/p><p><strong>PROJETO HIDRO SANIT\u00c1RIO<\/strong><\/p><p><strong>Ementa:<\/strong> Quantificar os dispositivos, tubos e conex\u00f5es existentes em um projeto de instala\u00e7\u00f5es hidros sanit\u00e1rias; Aplicar m\u00e9todos para dimensionamento das instala\u00e7\u00f5es hidros sanit\u00e1rias.<\/p><p><strong>TECNOLOGIA DE CONSTRU\u00c7\u00c3O CIVIL<\/strong><\/p><p><strong>Ementa:<\/strong> Sistemas construtivos; Coordena\u00e7\u00e3o de atividades; Sistemas Prediais<\/p><p><strong>SISTEMAS PREDIAIS<\/strong><\/p><p><strong>Ementa:<\/strong> Instala\u00e7\u00f5es prediais; Sistemas El\u00e9trico; Hidr\u00e1ulico e Sanit\u00e1rio.<\/p><p><strong>ESTABILIDADE DA CONSTRU\u00c7\u00c3O PREDIAL<\/strong><\/p><p><strong>Ementa:<\/strong> Estruturas de concreto armado e estruturas de a\u00e7o; Estabilidade das Estruturas;<\/p><p><strong>PROJETO ARQUITET\u00d4NICO<\/strong><\/p><p><strong>Ementa:<\/strong> Aplicar normas t\u00e9cnicas para desenho arquitet\u00f4nico; Conceber e elaborar projetos t\u00e9cnicos arquitet\u00f4nicos, memoriais e especifica\u00e7\u00f5es.<\/p><\/div>                    <\/div>\n\t\t                    <\/div>\n        <\/div>\n\t\t\t\t<\/div>\n\t\t\t\t<\/div>\n\t\t\t\t<div class=\"elementor-element elementor-element-244cc1a elementor-align-center elementor-widget elementor-widget-button\" data-id=\"244cc1a\" data-element_type=\"widget\" data-e-type=\"widget\" data-widget_type=\"button.default\">\n\t\t\t\t<div class=\"elementor-widget-container\">\n\t\t\t\t\t\t\t\t\t<div class=\"elementor-button-wrapper\">\n\t\t\t\t\t<a class=\"elementor-button elementor-button-link elementor-size-sm\" href=\"https:\/\/aluno.aesp.edu.br\/inscricao-cesp\/\">\n\t\t\t\t\t\t<span class=\"elementor-button-content-wrapper\">\n\t\t\t\t\t\t\t\t\t<span class=\"elementor-button-text\">Clique aqui e inscreva-se:<\/span>\n\t\t\t\t\t<\/span>\n\t\t\t\t\t<\/a>\n\t\t\t\t<\/div>\n\t\t\t\t\t\t\t\t<\/div>\n\t\t\t\t<\/div>\n\t\t\t\t\t<\/div>\n\t\t<\/div>\n\t\t\t\t\t<\/div>\n\t\t<\/section>\n\t\t\t\t<\/div>\n\t\t","protected":false},"excerpt":{"rendered":"<p>ESPECIALIZA\u00c7\u00c3O TECNICO EM SEGURAN\u00c7A DO TRABALHO NA CONSTRU\u00c7\u00c3O CIVIL &#8211; EaD &nbsp; Clique aqui e inscreva-se: A constru\u00e7\u00e3o civil \u00e9 um setor da economia formado por uma enorme quantidade de atividades. \u00c9 t\u00e3o grande que \u00e9 chamado de \u201cmacrocomplexo da constru\u00e7\u00e3o\u201d. Macro complexo \u00e9 um conjunto de atividades econ\u00f4micas, diferentes e interligadas umas \u00e0s outras. [&hellip;]<\/p>\n","protected":false},"author":2,"featured_media":0,"parent":0,"menu_order":0,"comment_status":"closed","ping_status":"closed","template":"","meta":{"footnotes":""},"class_list":["post-3185","page","type-page","status-publish","hentry"],"_links":{"self":[{"href":"https:\/\/aesp.edu.br\/portal\/wp-json\/wp\/v2\/pages\/3185","targetHints":{"allow":["GET"]}}],"collection":[{"href":"https:\/\/aesp.edu.br\/portal\/wp-json\/wp\/v2\/pages"}],"about":[{"href":"https:\/\/aesp.edu.br\/portal\/wp-json\/wp\/v2\/types\/page"}],"author":[{"embeddable":true,"href":"https:\/\/aesp.edu.br\/portal\/wp-json\/wp\/v2\/users\/2"}],"replies":[{"embeddable":true,"href":"https:\/\/aesp.edu.br\/portal\/wp-json\/wp\/v2\/comments?post=3185"}],"version-history":[{"count":8,"href":"https:\/\/aesp.edu.br\/portal\/wp-json\/wp\/v2\/pages\/3185\/revisions"}],"predecessor-version":[{"id":3239,"href":"https:\/\/aesp.edu.br\/portal\/wp-json\/wp\/v2\/pages\/3185\/revisions\/3239"}],"wp:attachment":[{"href":"https:\/\/aesp.edu.br\/portal\/wp-json\/wp\/v2\/media?parent=3185"}],"curies":[{"name":"wp","href":"https:\/\/api.w.org\/{rel}","templated":true}]}}