{"id":3191,"date":"2023-05-23T11:15:49","date_gmt":"2023-05-23T11:15:49","guid":{"rendered":"https:\/\/aesp.edu.br\/portal\/?page_id=3191"},"modified":"2023-05-23T14:58:37","modified_gmt":"2023-05-23T14:58:37","slug":"especializacao-tecnica-em-urgencia-e-emergencia","status":"publish","type":"page","link":"https:\/\/aesp.edu.br\/portal\/especializacao-tecnica-em-urgencia-e-emergencia\/","title":{"rendered":"Especializa\u00e7\u00e3o T\u00e9cnica em Urg\u00eancia e Emerg\u00eancia"},"content":{"rendered":"\t\t<div data-elementor-type=\"wp-page\" data-elementor-id=\"3191\" class=\"elementor elementor-3191\">\n\t\t\t\t\t\t<section class=\"elementor-section elementor-top-section elementor-element elementor-element-a0229d0 elementor-section-full_width elementor-section-height-default elementor-section-height-default\" data-id=\"a0229d0\" data-element_type=\"section\" data-e-type=\"section\" data-settings=\"{&quot;background_background&quot;:&quot;classic&quot;}\">\n\t\t\t\t\t\t<div class=\"elementor-container elementor-column-gap-no\">\n\t\t\t\t\t<div class=\"elementor-column elementor-col-100 elementor-top-column elementor-element elementor-element-3bbc9f4\" data-id=\"3bbc9f4\" data-element_type=\"column\" data-e-type=\"column\">\n\t\t\t<div class=\"elementor-widget-wrap elementor-element-populated\">\n\t\t\t\t\t\t<div class=\"elementor-element elementor-element-fbc72a9 elementor-widget elementor-widget-image\" data-id=\"fbc72a9\" data-element_type=\"widget\" data-e-type=\"widget\" data-widget_type=\"image.default\">\n\t\t\t\t<div class=\"elementor-widget-container\">\n\t\t\t\t\t\t\t\t\t\t\t\t\t\t\t<img decoding=\"async\" width=\"150\" height=\"150\" src=\"https:\/\/aesp.edu.br\/portal\/wp-content\/uploads\/2023\/05\/Urgencia-e-emergencia-150x150.png\" class=\"attachment-thumbnail size-thumbnail wp-image-3193\" alt=\"\" srcset=\"https:\/\/aesp.edu.br\/portal\/wp-content\/uploads\/2023\/05\/Urgencia-e-emergencia-150x150.png 150w, https:\/\/aesp.edu.br\/portal\/wp-content\/uploads\/2023\/05\/Urgencia-e-emergencia-300x300.png 300w, https:\/\/aesp.edu.br\/portal\/wp-content\/uploads\/2023\/05\/Urgencia-e-emergencia-1024x1024.png 1024w, https:\/\/aesp.edu.br\/portal\/wp-content\/uploads\/2023\/05\/Urgencia-e-emergencia-768x768.png 768w, https:\/\/aesp.edu.br\/portal\/wp-content\/uploads\/2023\/05\/Urgencia-e-emergencia-1536x1536.png 1536w, https:\/\/aesp.edu.br\/portal\/wp-content\/uploads\/2023\/05\/Urgencia-e-emergencia.png 1893w\" sizes=\"(max-width: 150px) 100vw, 150px\" \/>\t\t\t\t\t\t\t\t\t\t\t\t\t\t\t<\/div>\n\t\t\t\t<\/div>\n\t\t\t\t\t<\/div>\n\t\t<\/div>\n\t\t\t\t\t<\/div>\n\t\t<\/section>\n\t\t\t\t<section class=\"elementor-section elementor-top-section elementor-element elementor-element-0f8e5a4 elementor-section-full_width elementor-section-height-min-height elementor-section-height-default elementor-section-items-middle\" data-id=\"0f8e5a4\" data-element_type=\"section\" data-e-type=\"section\" data-settings=\"{&quot;background_background&quot;:&quot;classic&quot;}\">\n\t\t\t\t\t\t<div class=\"elementor-container elementor-column-gap-no\">\n\t\t\t\t\t<div class=\"elementor-column elementor-col-100 elementor-top-column elementor-element elementor-element-8a5a32e\" data-id=\"8a5a32e\" data-element_type=\"column\" data-e-type=\"column\">\n\t\t\t<div class=\"elementor-widget-wrap elementor-element-populated\">\n\t\t\t\t\t\t<div class=\"elementor-element elementor-element-5e6b40f elementor-widget elementor-widget-jw-headline\" data-id=\"5e6b40f\" data-element_type=\"widget\" data-e-type=\"widget\" data-widget_type=\"jw-headline.default\">\n\t\t\t\t<div class=\"elementor-widget-container\">\n\t\t\t\t\t<h2 class=\"jw-headline jw-headline--direction-horizontal\"><span class=\"jw-headline__part jw-headline__first\"><span class=\"jw-headline__label\">Especializa\u00e7\u00e3o T\u00e9cnica em Urg\u00eancia e Emerg\u00eancia<\/span><\/span><span class=\"jw-headline__space\">&nbsp;<\/span><\/h2>\t\t\t\t<\/div>\n\t\t\t\t<\/div>\n\t\t\t\t\t<\/div>\n\t\t<\/div>\n\t\t\t\t\t<\/div>\n\t\t<\/section>\n\t\t\t\t<section class=\"elementor-section elementor-top-section elementor-element elementor-element-614568a elementor-section-boxed elementor-section-height-default elementor-section-height-default\" data-id=\"614568a\" data-element_type=\"section\" data-e-type=\"section\">\n\t\t\t\t\t\t<div class=\"elementor-container elementor-column-gap-default\">\n\t\t\t\t\t<div class=\"elementor-column elementor-col-100 elementor-top-column elementor-element elementor-element-5c10fb7\" data-id=\"5c10fb7\" data-element_type=\"column\" data-e-type=\"column\">\n\t\t\t<div class=\"elementor-widget-wrap elementor-element-populated\">\n\t\t\t\t\t\t<div class=\"elementor-element elementor-element-69dc17b elementor-align-center elementor-widget elementor-widget-button\" data-id=\"69dc17b\" data-element_type=\"widget\" data-e-type=\"widget\" data-widget_type=\"button.default\">\n\t\t\t\t<div class=\"elementor-widget-container\">\n\t\t\t\t\t\t\t\t\t<div class=\"elementor-button-wrapper\">\n\t\t\t\t\t<a class=\"elementor-button elementor-button-link elementor-size-sm\" href=\"https:\/\/aluno.aesp.edu.br\/inscricao-cesp\/\">\n\t\t\t\t\t\t<span class=\"elementor-button-content-wrapper\">\n\t\t\t\t\t\t\t\t\t<span class=\"elementor-button-text\">Clique aqui e inscreva-se:<\/span>\n\t\t\t\t\t<\/span>\n\t\t\t\t\t<\/a>\n\t\t\t\t<\/div>\n\t\t\t\t\t\t\t\t<\/div>\n\t\t\t\t<\/div>\n\t\t\t\t<div class=\"elementor-element elementor-element-2790c8c elementor-widget__width-inherit elementor-widget elementor-widget-text-editor\" data-id=\"2790c8c\" data-element_type=\"widget\" data-e-type=\"widget\" data-widget_type=\"text-editor.default\">\n\t\t\t\t<div class=\"elementor-widget-container\">\n\t\t\t\t\t\t\t\t\t<p><img fetchpriority=\"high\" decoding=\"async\" class=\"wp-image-3194 size-medium alignleft\" src=\"https:\/\/aesp.edu.br\/portal\/wp-content\/uploads\/2023\/05\/SIT-300x300.jpg\" alt=\"\" width=\"300\" height=\"300\" srcset=\"https:\/\/aesp.edu.br\/portal\/wp-content\/uploads\/2023\/05\/SIT-300x300.jpg 300w, https:\/\/aesp.edu.br\/portal\/wp-content\/uploads\/2023\/05\/SIT-150x150.jpg 150w, https:\/\/aesp.edu.br\/portal\/wp-content\/uploads\/2023\/05\/SIT.jpg 550w\" sizes=\"(max-width: 300px) 100vw, 300px\" \/><\/p><p><strong><em>O que \u00e9 emerg\u00eancia:<\/em><\/strong> Risco (imediato) de morte iminente ou sequelas graves. <strong><em>Ex:<\/em><\/strong> <em>parada card\u00edaca, infarto agudo do mioc\u00e1rdio, edema agudo de pulm\u00e3o, hemorragias graves, queimaduras graves e outras<\/em>. O que \u00e9 urg\u00eancia: Risco (mediato) de morte em curto prazo ou sequelas graves no mesmo per\u00edodo. <strong><em>Ex:<\/em><\/strong> c\u00f3lica renal, insufici\u00eancia respirat\u00f3ria, crises asm\u00e1tica, apendicite aguda e outras.<\/p><p>Em m\u00e9dia 95% das emerg\u00eancias ocorrem fora do ambiente hospitalar, e o tempo do in\u00edcio do atendimento \u00e9 determinante para vida do paciente, bem como para exist\u00eancia e ou gravidade de sequelas.<\/p><p>Objetivo dos servi\u00e7os de urg\u00eancia e emerg\u00eancias \u00e9 salvar vida, diminuir riscos de sequelas e transportar o paciente com seguran\u00e7a para tratamento definitivo em ambiente hospitalar quando necess\u00e1rio. Hoje existem leis que obrigam ter ambul\u00e2ncia em est\u00e1dio de futebol, eventos de m\u00e9dio e grande porte, por\u00e9m suas fiscaliza\u00e7\u00f5es s\u00e3o brandas e nem sempre tem equipamentos apropriados para um atendimento de qualidade.<\/p><p>A oferta do Curso Especializa\u00e7\u00e3o de N\u00edvel M\u00e9dio em Urg\u00eancia e Emerg\u00eancia prop\u00f5e contribuir para a eleva\u00e7\u00e3o da qualidade dos servi\u00e7os prestados \u00e0 sociedade, capacitando pessoas por meio de processos de constru\u00e7\u00e3o de conhecimentos cient\u00edficos e tecnol\u00f3gicos, capazes de contribuir com a forma\u00e7\u00e3o humana integral e com o desenvolvimento socioecon\u00f4mico da regi\u00e3o, articulando processos de democratiza\u00e7\u00e3o e justi\u00e7a social.<\/p><p><img decoding=\"async\" class=\"wp-image-3195 size-medium alignright\" src=\"https:\/\/aesp.edu.br\/portal\/wp-content\/uploads\/2023\/05\/SIT2-300x300.jpg\" alt=\"\" width=\"300\" height=\"300\" srcset=\"https:\/\/aesp.edu.br\/portal\/wp-content\/uploads\/2023\/05\/SIT2-300x300.jpg 300w, https:\/\/aesp.edu.br\/portal\/wp-content\/uploads\/2023\/05\/SIT2-150x150.jpg 150w, https:\/\/aesp.edu.br\/portal\/wp-content\/uploads\/2023\/05\/SIT2-768x768.jpg 768w, https:\/\/aesp.edu.br\/portal\/wp-content\/uploads\/2023\/05\/SIT2.jpg 1000w\" sizes=\"(max-width: 300px) 100vw, 300px\" \/><\/p><p>O curso est\u00e1 estruturado em \u00e1reas de conhecimentos agrupados em um \u00fanico m\u00f3dulo (M\u00f3dulo I) espec\u00edfico. Ter\u00e1 carga hor\u00e1ria total de 360 horas sendo 150 horas de aulas a dist\u00e2ncia, 150 horas de aulas presenciais e 60 horas de est\u00e1gio supervisionado.<\/p><p><em>O profissional t\u00e9cnico em enfermagem com Especializa\u00e7\u00e3o T\u00e9cnica em Urg\u00eancia e Emerg\u00eancia deve ser capaz de:<\/em><\/p><ul><li>Atuar em equipe multiprofissional em sa\u00fade no enfrentamento de situa\u00e7\u00f5es que requerem atendimento de emerg\u00eancia e urg\u00eancia, nos diferentes n\u00edveis de complexidade;<\/li><li>Ter seguran\u00e7a para desenvolver procedimentos na reestrutura\u00e7\u00e3o da sa\u00fade;<\/li><li>Prestar atendimento humanizado e eficaz nos setores que atendem urg\u00eancia e emerg\u00eancia;<\/li><li>Atuar nos servi\u00e7os de atendimento pr\u00e9-hospitalar, hospitalar e p\u00f3s-hospitalar.<\/li><\/ul><p style=\"text-align: left;\">\u00a0<\/p>\t\t\t\t\t\t\t\t<\/div>\n\t\t\t\t<\/div>\n\t\t\t\t\t<\/div>\n\t\t<\/div>\n\t\t\t\t\t<\/div>\n\t\t<\/section>\n\t\t\t\t<section class=\"elementor-section elementor-top-section elementor-element elementor-element-9ecf30a elementor-section-boxed elementor-section-height-default elementor-section-height-default\" data-id=\"9ecf30a\" data-element_type=\"section\" data-e-type=\"section\">\n\t\t\t\t\t\t<div class=\"elementor-container elementor-column-gap-default\">\n\t\t\t\t\t<div class=\"elementor-column elementor-col-100 elementor-top-column elementor-element elementor-element-082320f\" data-id=\"082320f\" data-element_type=\"column\" data-e-type=\"column\">\n\t\t\t<div class=\"elementor-widget-wrap\">\n\t\t\t\t\t\t\t<\/div>\n\t\t<\/div>\n\t\t\t\t\t<\/div>\n\t\t<\/section>\n\t\t\t\t<section class=\"elementor-section elementor-top-section elementor-element elementor-element-29e8a43 elementor-section-boxed elementor-section-height-default elementor-section-height-default\" data-id=\"29e8a43\" data-element_type=\"section\" data-e-type=\"section\">\n\t\t\t\t\t\t<div class=\"elementor-container elementor-column-gap-default\">\n\t\t\t\t\t<div class=\"elementor-column elementor-col-100 elementor-top-column elementor-element elementor-element-2af60ac\" data-id=\"2af60ac\" data-element_type=\"column\" data-e-type=\"column\">\n\t\t\t<div class=\"elementor-widget-wrap elementor-element-populated\">\n\t\t\t\t\t\t<div class=\"elementor-element elementor-element-f2d307b elementor-widget elementor-widget-eael-adv-tabs\" data-id=\"f2d307b\" data-element_type=\"widget\" data-e-type=\"widget\" data-widget_type=\"eael-adv-tabs.default\">\n\t\t\t\t<div class=\"elementor-widget-container\">\n\t\t\t\t\t        <div data-scroll-on-click=\"no\" data-scroll-speed=\"300\" id=\"eael-advance-tabs-f2d307b\" class=\"eael-advance-tabs eael-tabs-horizontal eael-tab-auto-active \" data-tabid=\"f2d307b\">\n            <div class=\"eael-tabs-nav \">\n                <ul class=\"\" role=\"tablist\">\n                                            <li id=\"matriz-curricular-ead-curso-especializao-tcnica-de-nvel-mdio-em-urgncia-e-emergncia-eixo-tecnolgico-ambiente-e-sade\" class=\"active-default eael-tab-item-trigger eael-tab-nav-item\" aria-selected=\"true\" data-tab=\"1\" role=\"tab\" tabindex=\"0\" aria-controls=\"matriz-curricular-ead-curso-especializao-tcnica-de-nvel-mdio-em-urgncia-e-emergncia-eixo-tecnolgico-ambiente-e-sade-tab\" aria-expanded=\"false\">\n                            \n                            \n                            \n                                                            <span class=\"eael-tab-title title-after-icon\" >MATRIZ CURRICULAR \u2013 (EaD) CURSO: ESPECIALIZA\u00c7\u00c3O T\u00c9CNICA DE N\u00cdVEL M\u00c9DIO EM URG\u00caNCIA E EMERG\u00caNCIA EIXO TECNOL\u00d3GICO: Ambiente e Sa\u00fade<\/span>                                                    <\/li>\n                    \n                                  <\/ul>\n            <\/div>\n            \n            <div class=\"eael-tabs-content\">\n\t\t        \n                    <div id=\"matriz-curricular-ead-curso-especializao-tcnica-de-nvel-mdio-em-urgncia-e-emergncia-eixo-tecnolgico-ambiente-e-sade-tab\" class=\"clearfix eael-tab-content-item active-default\" data-title-link=\"matriz-curricular-ead-curso-especializao-tcnica-de-nvel-mdio-em-urgncia-e-emergncia-eixo-tecnolgico-ambiente-e-sade-tab\">\n\t\t\t\t        <table><tbody><tr><td><span style=\"color: #ffffff\">DISCIPLINAS<\/span><\/td><td><span style=\"color: #ffffff\">AULA<\/span><\/td><td><span style=\"color: #ffffff\">CARGA HOR\u00c1RIA<\/span><\/td><\/tr><tr><td>Epidemiologia e Pol\u00edticas de Aten\u00e7\u00e3o \u00e0s Emerg\u00eancias e Urg\u00eancias<\/td><td>DIST \/ PRES<\/td><td>40<\/td><\/tr><tr><td>Biosseguran\u00e7a, \u00c9tica, e Aspectos Legais na Emerg\u00eancia e Urg\u00eancia<\/td><td>DIST \/ PRES<\/td><td>20<\/td><\/tr><tr><td>Gest\u00e3o no Atendimento de Emerg\u00eancia e Urg\u00eancia<\/td><td>DIST \/ PRES<\/td><td>40<\/td><\/tr><tr><td>Avalia\u00e7\u00e3o e Monitoriza\u00e7\u00e3o do Paciente Criticamente Enfermo voltado para a Sistematiza\u00e7\u00e3o da Assist\u00eancia de Enfermagem<\/td><td>DIST \/ PRES<\/td><td>40<\/td><\/tr><tr><td>Assist\u00eancia nas Emerg\u00eancias Cl\u00ednicas<\/td><td>DIST \/ PRES<\/td><td>60<\/td><\/tr><tr><td>Assist\u00eancia de enfermagem ao politraumatizado<\/td><td>DIST \/ PRES<\/td><td>60<\/td><\/tr><tr><td>Assist\u00eancia nas Emerg\u00eancias Obst\u00e9tricas e Pedi\u00e1tricas<\/td><td>DIST \/ PRES<\/td><td>40<\/td><\/tr><tr><td><strong>EST\u00c1GIO<\/strong><\/td><td>\u00a0<\/td><td><strong>60<\/strong><\/td><\/tr><\/tbody><\/table><table style=\"height: 0px\"><tbody><tr><td><h5><span style=\"color: #ffffff\"><strong>CARGA HOR\u00c1RIA TOTAL &#8212;&#8212;&#8212;&#8212;&#8212;&#8212;&#8212;&#8212;&#8212;&#8212;&#8212;&#8212;&#8212;&#8212;&#8212;&#8212;&#8212;&#8212;&#8212;&#8212;&#8211;\u00a0\u00a0\u00a0\u00a0\u00a0\u00a0 <\/strong><strong>360 h\/a<\/strong><\/span><\/h5><\/td><\/tr><\/tbody><\/table><h5 style=\"text-align: center\"><span style=\"color: #ff0000\">OBS.: A ESTRUTURA CURRICULAR DESSA GRADE, PODER\u00c1 SOFRER ALTERA\u00c7\u00d5ES SEM AVISO PR\u00c9VIO.<\/span><\/h5><h4>\u00a0<\/h4><h4><strong>EMENTAS<\/strong><\/h4><div id=\"icpbravoaccess_loaded\"><p><strong>EPIDEMIOLOGIA E POL\u00cdTICAS DE ATEN\u00c7\u00c3O \u00c0S EMERG\u00caNCIAS E URG\u00caNCIAS<\/strong><\/p><p><strong>Ementa:<\/strong><br \/>Seguran\u00e7a e Prote\u00e7\u00e3o Pessoal; Transporte de Paciente e Registros no Pr\u00e9-Hospitalar; Transporte de Paciente e Registros no Intra-Hospitalar; Portarias Governamentais que regulamentam o Setor de Emerg\u00eancia e Urg\u00eancia; Classifica\u00e7\u00e3o de Risco; Conceitos e legisla\u00e7\u00e3o sobre princ\u00edpios do sistema de aten\u00e7\u00e3o \u00e0s urg\u00eancias e emerg\u00eancias e destacar a incid\u00eancia de agravos bem como suas principais causas e medidas de controle.<\/p><p><strong>BIOSSEGURAN\u00c7A, \u00c9TICA, E ASPECTOS LEGAIS NA EMERG\u00caNCIA E URG\u00caNCIA<\/strong><\/p><p><strong>Ementa:<\/strong><br \/>Fundamentos de \u00c9tica e Bio\u00e9tica; Bio\u00e9tica da interven\u00e7\u00e3o e da Prote\u00e7\u00e3o; Princ\u00edpios e valores da \u00c9tica e Bio\u00e9tica; Humaniza\u00e7\u00e3o e Acolhimento; Aspectos \u00e9ticos e legais envolvendo a atua\u00e7\u00e3o de profissionais de enfermagem na emerg\u00eancia; Biosseguran\u00e7a e humaniza\u00e7\u00e3o no atendimento emergencial.<\/p><p><strong>GEST\u00c3O NO ATENDIMENTO DE EMERG\u00caNCIA E URG\u00caNCIA<\/strong><\/p><p><strong>Ementa:<\/strong><br \/>Planejamento no Setor de Emerg\u00eancia e Urg\u00eancia; Gest\u00e3o Assistencial; Gest\u00e3o de Riscos Assistenciais; Gest\u00e3o de Pessoal; Gest\u00e3o de Materiais e Custos; Equipamentos e Tecnologias usadas no setor de Emerg\u00eancia e Urg\u00eancia;<\/p><p><strong>AVALIA\u00c7\u00c3O E MONITORIZA\u00c7\u00c3O DO PACIENTE CRITICAMENTE ENFERMO VOLTADO PARA A SISTEMATIZA\u00c7\u00c3O DA ASSIST\u00caNCIA DE ENFERMAGEM<\/strong><\/p><p><strong>Ementa:<\/strong><br \/>Exame F\u00edsico, Semiologia e Semiot\u00e9cnica; Farmacologia Aplicada; Manejo da Dor; M\u00e9todos Diagn\u00f3sticos; Monitoriza\u00e7\u00e3o Multimodal; Sistematiza\u00e7\u00e3o da Assist\u00eancia de Enfermagem.<\/p><p><strong>ASSIST\u00caNCIA NAS EMERG\u00caNCIAS CL\u00cdNICAS<\/strong><\/p><p><strong>Ementa:<\/strong><br \/>Dist\u00farbios Neurol\u00f3gicos; Dist\u00farbios respirat\u00f3rios; Dist\u00farbios Cardiovasculares; Dist\u00farbios Hemodin\u00e2micos; Dist\u00farbios Renais; Dist\u00farbios Digest\u00f3rios; Dist\u00farbios End\u00f3crinos; Dist\u00farbios M\u00fasculo-Esquel\u00eaticos e Tegumentares; Dist\u00farbios Hidroeletrol\u00edticos; Dist\u00farbios da Coagula\u00e7\u00e3o; Dist\u00farbios Psiqui\u00e1tricos; Intoxica\u00e7\u00f5es Ex\u00f3genas; Procedimentos Invasivos\/Cuidados com sondas, drenos, cateteres; Controle de Infec\u00e7\u00e3o nas \u00e1reas cr\u00edticas; Sustenta\u00e7\u00e3o do Potencial Doador e Transplante de \u00d3rg\u00e3os; Conceituar as principais emerg\u00eancias cl\u00ednicas e evidenciar o papel do t\u00e9cnico na assist\u00eancia especializada.<\/p><p><strong>ASSIST\u00caNCIA DE ENFERMAGEM AO POLITRAUMATIZADO<\/strong><\/p><p><strong>Ementa:<\/strong><br \/>Epidemiologia e Cinem\u00e1tica do Trauma; Protocolos de Atendimento (ATCN, PHTL, PALS); Via A\u00e9rea Dif\u00edcil e Trauma de Face; Trauma de T\u00f3rax; Trauma Abdominal; Trauma Cranioencef\u00e1lico; Trauma Raquimedular; Trauma de Extremidades; Queimados; Traumas Especiais &#8211; Gestantes e Idosos; Transporte A\u00e9reom\u00e9dico; Conceituar o politraumatismo, mecanismo e cinem\u00e1tica do trauma; T\u00e9cnicas de imobiliza\u00e7\u00e3o e transporte do paciente politraumatizado; Atendimento pr\u00e9, intra e p\u00f3s hospitalar.<\/p><p><strong>ASSIST\u00caNCIA NAS EMERG\u00caNCIAS OBST\u00c9TRICAS E PEDI\u00c1TRICAS<\/strong><\/p><p><strong>Ementa:<\/strong><br \/>Inj\u00farias Intencionais e n\u00e3o Intencionais na Inf\u00e2ncia; Emerg\u00eancias Clinicas na Crian\u00e7a; Interven\u00e7\u00f5es de enfermagem na assist\u00eancia \u00e0s Urg\u00eancias e Emerg\u00eancias Ginecoobst\u00e9tricas, Neonatos e Pedi\u00e1tricas.<\/p><\/div>                    <\/div>\n\t\t                    <\/div>\n        <\/div>\n\t\t\t\t<\/div>\n\t\t\t\t<\/div>\n\t\t\t\t<div class=\"elementor-element elementor-element-244cc1a elementor-align-center elementor-widget elementor-widget-button\" data-id=\"244cc1a\" data-element_type=\"widget\" data-e-type=\"widget\" data-widget_type=\"button.default\">\n\t\t\t\t<div class=\"elementor-widget-container\">\n\t\t\t\t\t\t\t\t\t<div class=\"elementor-button-wrapper\">\n\t\t\t\t\t<a class=\"elementor-button elementor-button-link elementor-size-sm\" href=\"https:\/\/aluno.aesp.edu.br\/inscricao-cesp\/\">\n\t\t\t\t\t\t<span class=\"elementor-button-content-wrapper\">\n\t\t\t\t\t\t\t\t\t<span class=\"elementor-button-text\">Clique aqui e inscreva-se:<\/span>\n\t\t\t\t\t<\/span>\n\t\t\t\t\t<\/a>\n\t\t\t\t<\/div>\n\t\t\t\t\t\t\t\t<\/div>\n\t\t\t\t<\/div>\n\t\t\t\t\t<\/div>\n\t\t<\/div>\n\t\t\t\t\t<\/div>\n\t\t<\/section>\n\t\t\t\t<\/div>\n\t\t","protected":false},"excerpt":{"rendered":"<p>Especializa\u00e7\u00e3o T\u00e9cnica em Urg\u00eancia e Emerg\u00eancia&nbsp; Clique aqui e inscreva-se: O que \u00e9 emerg\u00eancia: Risco (imediato) de morte iminente ou sequelas graves. Ex: parada card\u00edaca, infarto agudo do mioc\u00e1rdio, edema agudo de pulm\u00e3o, hemorragias graves, queimaduras graves e outras. O que \u00e9 urg\u00eancia: Risco (mediato) de morte em curto prazo ou sequelas graves no mesmo [&hellip;]<\/p>\n","protected":false},"author":2,"featured_media":0,"parent":0,"menu_order":0,"comment_status":"closed","ping_status":"closed","template":"","meta":{"footnotes":""},"class_list":["post-3191","page","type-page","status-publish","hentry"],"_links":{"self":[{"href":"https:\/\/aesp.edu.br\/portal\/wp-json\/wp\/v2\/pages\/3191","targetHints":{"allow":["GET"]}}],"collection":[{"href":"https:\/\/aesp.edu.br\/portal\/wp-json\/wp\/v2\/pages"}],"about":[{"href":"https:\/\/aesp.edu.br\/portal\/wp-json\/wp\/v2\/types\/page"}],"author":[{"embeddable":true,"href":"https:\/\/aesp.edu.br\/portal\/wp-json\/wp\/v2\/users\/2"}],"replies":[{"embeddable":true,"href":"https:\/\/aesp.edu.br\/portal\/wp-json\/wp\/v2\/comments?post=3191"}],"version-history":[{"count":5,"href":"https:\/\/aesp.edu.br\/portal\/wp-json\/wp\/v2\/pages\/3191\/revisions"}],"predecessor-version":[{"id":3240,"href":"https:\/\/aesp.edu.br\/portal\/wp-json\/wp\/v2\/pages\/3191\/revisions\/3240"}],"wp:attachment":[{"href":"https:\/\/aesp.edu.br\/portal\/wp-json\/wp\/v2\/media?parent=3191"}],"curies":[{"name":"wp","href":"https:\/\/api.w.org\/{rel}","templated":true}]}}