{"id":353,"date":"2022-06-27T03:38:38","date_gmt":"2022-06-27T03:38:38","guid":{"rendered":"https:\/\/aesp.edu.br\/portal\/?page_id=353"},"modified":"2022-06-27T03:48:26","modified_gmt":"2022-06-27T03:48:26","slug":"historico","status":"publish","type":"page","link":"https:\/\/aesp.edu.br\/portal\/historico\/","title":{"rendered":"Hist\u00f3rico"},"content":{"rendered":"\t\t<div data-elementor-type=\"wp-page\" data-elementor-id=\"353\" class=\"elementor elementor-353\">\n\t\t\t\t\t\t<section class=\"elementor-section elementor-top-section elementor-element elementor-element-fe83ea9 elementor-section-boxed elementor-section-height-default elementor-section-height-default\" data-id=\"fe83ea9\" data-element_type=\"section\" data-e-type=\"section\" data-settings=\"{&quot;background_background&quot;:&quot;classic&quot;}\">\n\t\t\t\t\t\t\t<div class=\"elementor-background-overlay\"><\/div>\n\t\t\t\t\t\t\t<div class=\"elementor-container elementor-column-gap-no\">\n\t\t\t\t\t<div class=\"elementor-column elementor-col-100 elementor-top-column elementor-element elementor-element-570180c\" data-id=\"570180c\" data-element_type=\"column\" data-e-type=\"column\">\n\t\t\t<div class=\"elementor-widget-wrap elementor-element-populated\">\n\t\t\t\t\t\t<section class=\"elementor-section elementor-inner-section elementor-element elementor-element-5a3ea97 elementor-section-boxed elementor-section-height-default elementor-section-height-default\" data-id=\"5a3ea97\" data-element_type=\"section\" data-e-type=\"section\">\n\t\t\t\t\t\t<div class=\"elementor-container elementor-column-gap-default\">\n\t\t\t\t\t<div class=\"elementor-column elementor-col-100 elementor-inner-column elementor-element elementor-element-ab75d08\" data-id=\"ab75d08\" data-element_type=\"column\" data-e-type=\"column\">\n\t\t\t<div class=\"elementor-widget-wrap elementor-element-populated\">\n\t\t\t\t\t\t<div class=\"elementor-element elementor-element-50e20e4 elementor-widget elementor-widget-heading\" data-id=\"50e20e4\" data-element_type=\"widget\" data-e-type=\"widget\" data-widget_type=\"heading.default\">\n\t\t\t\t<div class=\"elementor-widget-container\">\n\t\t\t\t\t<h2 class=\"elementor-heading-title elementor-size-default\">INSTITUCIONAL<\/h2>\t\t\t\t<\/div>\n\t\t\t\t<\/div>\n\t\t\t\t\t<\/div>\n\t\t<\/div>\n\t\t\t\t\t<\/div>\n\t\t<\/section>\n\t\t\t\t<section class=\"elementor-section elementor-inner-section elementor-element elementor-element-ac16cfe elementor-section-boxed elementor-section-height-default elementor-section-height-default\" data-id=\"ac16cfe\" data-element_type=\"section\" data-e-type=\"section\">\n\t\t\t\t\t\t<div class=\"elementor-container elementor-column-gap-default\">\n\t\t\t\t\t<div class=\"elementor-column elementor-col-100 elementor-inner-column elementor-element elementor-element-0e31712\" data-id=\"0e31712\" data-element_type=\"column\" data-e-type=\"column\">\n\t\t\t<div class=\"elementor-widget-wrap elementor-element-populated\">\n\t\t\t\t\t\t<div class=\"elementor-element elementor-element-e81f34a elementor-widget elementor-widget-heading\" data-id=\"e81f34a\" data-element_type=\"widget\" data-e-type=\"widget\" data-widget_type=\"heading.default\">\n\t\t\t\t<div class=\"elementor-widget-container\">\n\t\t\t\t\t<h2 class=\"elementor-heading-title elementor-size-default\">HIST\u00d3RICO FACESP<\/h2>\t\t\t\t<\/div>\n\t\t\t\t<\/div>\n\t\t\t\t\t<\/div>\n\t\t<\/div>\n\t\t\t\t\t<\/div>\n\t\t<\/section>\n\t\t\t\t\t<\/div>\n\t\t<\/div>\n\t\t\t\t\t<\/div>\n\t\t<\/section>\n\t\t\t\t<section class=\"elementor-section elementor-top-section elementor-element elementor-element-8ec27e2 elementor-section-boxed elementor-section-height-default elementor-section-height-default\" data-id=\"8ec27e2\" data-element_type=\"section\" data-e-type=\"section\">\n\t\t\t\t\t\t<div class=\"elementor-container elementor-column-gap-default\">\n\t\t\t\t\t<div class=\"elementor-column elementor-col-100 elementor-top-column elementor-element elementor-element-40d7ba7\" data-id=\"40d7ba7\" data-element_type=\"column\" data-e-type=\"column\">\n\t\t\t<div class=\"elementor-widget-wrap elementor-element-populated\">\n\t\t\t\t\t\t<div class=\"elementor-element elementor-element-1ae5ff2 elementor-widget elementor-widget-text-editor\" data-id=\"1ae5ff2\" data-element_type=\"widget\" data-e-type=\"widget\" data-widget_type=\"text-editor.default\">\n\t\t\t\t<div class=\"elementor-widget-container\">\n\t\t\t\t\t\t\t\t\t<p>A FACULDADE DE EDUCA\u00c7\u00c3O SUL DO PIAU\u00cd \u00e9 uma institui\u00e7\u00e3o de N\u00edvel Superior criada para oferecer Cursos Superiores visando contribuir para a educa\u00e7\u00e3o e desenvolvimento social e cultural da regi\u00e3o Nordeste.\u00a0<\/p><p>Por constatar o interesse de seu p\u00fablico-alvo em ter cursos superiores credenciados pelo Minist\u00e9rio da Educa\u00e7\u00e3o, em 2012 foi criada a Academia de Educa\u00e7\u00e3o Sul do Piau\u00ed, mantenedora da Faculdade de Educa\u00e7\u00e3o Sul do Piau\u00ed \u2013 FACESP. No ano de 2013 foi protocolado a solicita\u00e7\u00e3o de autoriza\u00e7\u00e3o dos cursos de Licenciatura em Pedagogia e Bacharelado em Administra\u00e7\u00e3o, sendo autorizada pela Portaria N\u00ba 998, de 17 de agosto de 2017.<\/p><p>Dando in\u00edcio as suas atividades acad\u00eamicas no \u00e2mbito da Gradua\u00e7\u00e3o para os estudantes do Curso de Licenciatura em Pedagogia e Bacharelado em Administra\u00e7\u00e3o, no ano de 2017, a Faculdade de Educa\u00e7\u00e3o Sul do Piau\u00ed abre as portas para os Cursos de P\u00f3s-Gradua\u00e7\u00e3o Lato Sensu, que anualmente vem crescendo a procura de estudantes egressos da Educa\u00e7\u00e3o Superior em suas diversas \u00e1reas ofertadas tais como Educa\u00e7\u00e3o, Administra\u00e7\u00e3o e MBA.<\/p><p>O Percurso Hist\u00f3rico, da FACESP, demonstra um cont\u00ednuo processo de mudan\u00e7as em sua constitui\u00e7\u00e3o interna, pela inser\u00e7\u00e3o de cursos, programas e servi\u00e7os a que tem se dedicado e causado importantes reflexos na comunidade local, regional e nacional.<\/p><p>\u00a0Considerando a FACESP, como ambiente prop\u00edcio para a oper\u00e2ncia, investiga\u00e7\u00e3o, criatividade e busca do novo, a Diretora Geral da Faculdade fez realizar estudos no sentido de diagnosticar a situa\u00e7\u00e3o da educa\u00e7\u00e3o na regi\u00e3o de abrang\u00eancia, para junto aos seus pares internos e externos, construir, em bases s\u00f3lidas, ofertando Cursos que propiciem autonomia, sustentabilidade e melhoria na qualidade de vida dos egressos e da comunidade do entorno.<\/p><div>\u00a0<\/div>\t\t\t\t\t\t\t\t<\/div>\n\t\t\t\t<\/div>\n\t\t\t\t\t<\/div>\n\t\t<\/div>\n\t\t\t\t\t<\/div>\n\t\t<\/section>\n\t\t\t\t<section class=\"elementor-section elementor-top-section elementor-element elementor-element-a0229d0 elementor-section-boxed elementor-section-height-default elementor-section-height-default\" data-id=\"a0229d0\" data-element_type=\"section\" data-e-type=\"section\">\n\t\t\t\t\t\t<div class=\"elementor-container elementor-column-gap-default\">\n\t\t\t\t\t<div class=\"elementor-column elementor-col-100 elementor-top-column elementor-element elementor-element-ecb06e4\" data-id=\"ecb06e4\" data-element_type=\"column\" data-e-type=\"column\">\n\t\t\t<div class=\"elementor-widget-wrap elementor-element-populated\">\n\t\t\t\t\t\t<div class=\"elementor-element elementor-element-3bdb94e elementor-widget elementor-widget-spacer\" data-id=\"3bdb94e\" data-element_type=\"widget\" data-e-type=\"widget\" data-widget_type=\"spacer.default\">\n\t\t\t\t<div class=\"elementor-widget-container\">\n\t\t\t\t\t\t\t<div class=\"elementor-spacer\">\n\t\t\t<div class=\"elementor-spacer-inner\"><\/div>\n\t\t<\/div>\n\t\t\t\t\t\t<\/div>\n\t\t\t\t<\/div>\n\t\t\t\t\t<\/div>\n\t\t<\/div>\n\t\t\t\t\t<\/div>\n\t\t<\/section>\n\t\t\t\t<\/div>\n\t\t","protected":false},"excerpt":{"rendered":"<p>INSTITUCIONAL HIST\u00d3RICO FACESP A FACULDADE DE EDUCA\u00c7\u00c3O SUL DO PIAU\u00cd \u00e9 uma institui\u00e7\u00e3o de N\u00edvel Superior criada para oferecer Cursos Superiores visando contribuir para a educa\u00e7\u00e3o e desenvolvimento social e cultural da regi\u00e3o Nordeste.\u00a0 Por constatar o interesse de seu p\u00fablico-alvo em ter cursos superiores credenciados pelo Minist\u00e9rio da Educa\u00e7\u00e3o, em 2012 foi criada a [&hellip;]<\/p>\n","protected":false},"author":1,"featured_media":0,"parent":0,"menu_order":0,"comment_status":"closed","ping_status":"closed","template":"","meta":{"footnotes":""},"class_list":["post-353","page","type-page","status-publish","hentry"],"_links":{"self":[{"href":"https:\/\/aesp.edu.br\/portal\/wp-json\/wp\/v2\/pages\/353","targetHints":{"allow":["GET"]}}],"collection":[{"href":"https:\/\/aesp.edu.br\/portal\/wp-json\/wp\/v2\/pages"}],"about":[{"href":"https:\/\/aesp.edu.br\/portal\/wp-json\/wp\/v2\/types\/page"}],"author":[{"embeddable":true,"href":"https:\/\/aesp.edu.br\/portal\/wp-json\/wp\/v2\/users\/1"}],"replies":[{"embeddable":true,"href":"https:\/\/aesp.edu.br\/portal\/wp-json\/wp\/v2\/comments?post=353"}],"version-history":[{"count":4,"href":"https:\/\/aesp.edu.br\/portal\/wp-json\/wp\/v2\/pages\/353\/revisions"}],"predecessor-version":[{"id":360,"href":"https:\/\/aesp.edu.br\/portal\/wp-json\/wp\/v2\/pages\/353\/revisions\/360"}],"wp:attachment":[{"href":"https:\/\/aesp.edu.br\/portal\/wp-json\/wp\/v2\/media?parent=353"}],"curies":[{"name":"wp","href":"https:\/\/api.w.org\/{rel}","templated":true}]}}