{"id":4049,"date":"2025-08-08T08:05:50","date_gmt":"2025-08-08T08:05:50","guid":{"rendered":"https:\/\/aesp.edu.br\/portal\/?page_id=4049"},"modified":"2025-08-08T14:13:07","modified_gmt":"2025-08-08T14:13:07","slug":"periodicos-direito","status":"publish","type":"page","link":"https:\/\/aesp.edu.br\/portal\/periodicos-direito\/","title":{"rendered":"Peri\u00f3dicos Direito"},"content":{"rendered":"\t\t<div data-elementor-type=\"wp-page\" data-elementor-id=\"4049\" class=\"elementor elementor-4049\">\n\t\t\t\t\t\t<section class=\"elementor-section elementor-top-section elementor-element elementor-element-bed27e4 elementor-section-boxed elementor-section-height-default elementor-section-height-default\" data-id=\"bed27e4\" data-element_type=\"section\" data-e-type=\"section\" data-settings=\"{&quot;background_background&quot;:&quot;classic&quot;}\">\n\t\t\t\t\t\t\t<div class=\"elementor-background-overlay\"><\/div>\n\t\t\t\t\t\t\t<div class=\"elementor-container elementor-column-gap-no\">\n\t\t\t\t\t<div class=\"elementor-column elementor-col-100 elementor-top-column elementor-element elementor-element-ddf7dd6\" data-id=\"ddf7dd6\" data-element_type=\"column\" data-e-type=\"column\">\n\t\t\t<div class=\"elementor-widget-wrap elementor-element-populated\">\n\t\t\t\t\t\t<section class=\"elementor-section elementor-inner-section elementor-element elementor-element-d5af136 elementor-section-boxed elementor-section-height-default elementor-section-height-default\" data-id=\"d5af136\" data-element_type=\"section\" data-e-type=\"section\">\n\t\t\t\t\t\t<div class=\"elementor-container elementor-column-gap-default\">\n\t\t\t\t\t<div class=\"elementor-column elementor-col-100 elementor-inner-column elementor-element elementor-element-b98a3f6\" data-id=\"b98a3f6\" data-element_type=\"column\" data-e-type=\"column\">\n\t\t\t<div class=\"elementor-widget-wrap elementor-element-populated\">\n\t\t\t\t\t\t<div class=\"elementor-element elementor-element-833265d elementor-widget elementor-widget-heading\" data-id=\"833265d\" data-element_type=\"widget\" data-e-type=\"widget\" data-widget_type=\"heading.default\">\n\t\t\t\t<div class=\"elementor-widget-container\">\n\t\t\t\t\t<h2 class=\"elementor-heading-title elementor-size-default\">ACAD\u00caMICO<\/h2>\t\t\t\t<\/div>\n\t\t\t\t<\/div>\n\t\t\t\t\t<\/div>\n\t\t<\/div>\n\t\t\t\t\t<\/div>\n\t\t<\/section>\n\t\t\t\t<section class=\"elementor-section elementor-inner-section elementor-element elementor-element-e1cf71b elementor-section-boxed elementor-section-height-default elementor-section-height-default\" data-id=\"e1cf71b\" data-element_type=\"section\" data-e-type=\"section\">\n\t\t\t\t\t\t<div class=\"elementor-container elementor-column-gap-default\">\n\t\t\t\t\t<div class=\"elementor-column elementor-col-100 elementor-inner-column elementor-element elementor-element-e745c90\" data-id=\"e745c90\" data-element_type=\"column\" data-e-type=\"column\">\n\t\t\t<div class=\"elementor-widget-wrap elementor-element-populated\">\n\t\t\t\t\t\t<div class=\"elementor-element elementor-element-7dbde8f elementor-widget elementor-widget-heading\" data-id=\"7dbde8f\" data-element_type=\"widget\" data-e-type=\"widget\" data-widget_type=\"heading.default\">\n\t\t\t\t<div class=\"elementor-widget-container\">\n\t\t\t\t\t<h2 class=\"elementor-heading-title elementor-size-default\">PER\u00cdODICOS DE DIREITO<\/h2>\t\t\t\t<\/div>\n\t\t\t\t<\/div>\n\t\t\t\t\t<\/div>\n\t\t<\/div>\n\t\t\t\t\t<\/div>\n\t\t<\/section>\n\t\t\t\t\t<\/div>\n\t\t<\/div>\n\t\t\t\t\t<\/div>\n\t\t<\/section>\n\t\t\t\t<section class=\"elementor-section elementor-top-section elementor-element elementor-element-d9d074b elementor-section-boxed elementor-section-height-default elementor-section-height-default\" data-id=\"d9d074b\" data-element_type=\"section\" data-e-type=\"section\">\n\t\t\t\t\t\t<div class=\"elementor-container elementor-column-gap-default\">\n\t\t\t\t\t<div class=\"elementor-column elementor-col-100 elementor-top-column elementor-element elementor-element-2cda6ff\" data-id=\"2cda6ff\" data-element_type=\"column\" data-e-type=\"column\">\n\t\t\t<div class=\"elementor-widget-wrap elementor-element-populated\">\n\t\t\t\t\t\t<div class=\"elementor-element elementor-element-872dbcb elementor-widget elementor-widget-text-editor\" data-id=\"872dbcb\" data-element_type=\"widget\" data-e-type=\"widget\" data-widget_type=\"text-editor.default\">\n\t\t\t\t<div class=\"elementor-widget-container\">\n\t\t\t\t\t\t\t\t\t<h1><a name=\"_Toc172281885\"><\/a><strong>1. PERI\u00d3DICOS SUPLEMENTARES E COMPLEMENTARES<\/strong><\/h1><p><strong>\u00a0<\/strong><\/p><p>O acervo de peri\u00f3dicos \u00e9 constantemente atualizado no site institucional, e nesta data consta a seguinte lista, na \u00e1rea do curso:<\/p><p><strong>BASES DE DADOS &#8211; ACESSO LIVRE:<\/strong><\/p><table width=\"664\"><tbody><tr><td width=\"664\"><p><strong>Peri\u00f3dicos<\/strong><\/p><\/td><\/tr><tr><td width=\"664\"><p><strong>Direito e Democracia<\/strong><\/p><p><strong>\u00a0<\/strong><\/p><p>Foca nas intera\u00e7\u00f5es entre o Direito e o sistema democr\u00e1tico, analisando temas como governan\u00e7a, justi\u00e7a social e o papel das institui\u00e7\u00f5es jur\u00eddicas na promo\u00e7\u00e3o da cidadania e dos direitos fundamentais.<\/p><p><strong>\u00a0<\/strong><\/p><p><strong>Acesso: <a href=\"http:\/\/www.periodicos.ulbra.br\/index.php\/direito\">http:\/\/www.periodicos.ulbra.br\/index.php\/direito<\/a><\/strong><\/p><\/td><\/tr><tr><td width=\"664\"><p><strong>Direito e Justi\u00e7a<\/strong><\/p><p>Explora a rela\u00e7\u00e3o entre a pr\u00e1tica jur\u00eddica e a teoria da justi\u00e7a, discutindo aspectos ligados \u00e0 equidade, igualdade, direitos humanos e decis\u00f5es judiciais.<\/p><p><strong>Acesso: <a href=\"http:\/\/revistaseletronicas.pucrs.br\/ojs\/index.php\/fadir\">http:\/\/revistaseletronicas.pucrs.br\/ojs\/index.php\/fadir<\/a><\/strong><\/p><\/td><\/tr><tr><td width=\"664\"><p><strong>Direito E-Nergia <\/strong><\/p><p><strong>\u00a0<\/strong><\/p><p>Peri\u00f3dico voltado para o Direito relacionado ao setor energ\u00e9tico. Enfoca regula\u00e7\u00e3o de energia, pol\u00edticas p\u00fablicas para recursos naturais, energia renov\u00e1vel, e legisla\u00e7\u00e3o ambiental.<\/p><p><strong>Acesso: <a href=\"https:\/\/periodicos.ufrn.br\/direitoenergia\">https:\/\/periodicos.ufrn.br\/direitoenergia<\/a><\/strong><\/p><\/td><\/tr><tr><td width=\"664\"><p><strong>G\u00eanero e Direito<\/strong><\/p><p>Aborda quest\u00f5es de g\u00eanero sob a perspectiva jur\u00eddica, explorando temas como direitos das mulheres, igualdade de g\u00eanero, viol\u00eancia dom\u00e9stica, e pol\u00edticas inclusivas para minorias de g\u00eanero.<\/p><p><strong>Acesso: <a href=\"http:\/\/periodicos.ufpb.br\/index.php\/ged\/index\">http:\/\/periodicos.ufpb.br\/index.php\/ged\/index<\/a><\/strong><\/p><\/td><\/tr><tr><td width=\"664\"><p><strong>IBD Civil<\/strong><\/p><p><strong>\u00a0<\/strong><\/p><p>Publica\u00e7\u00e3o do Instituto Brasileiro de Direito Civil. Trata de temas centrais do Direito Civil, como contratos, responsabilidade civil, direitos de fam\u00edlia e sucess\u00f5es.<\/p><p><strong>\u00a0<\/strong><\/p><p><strong>Acesso: <a href=\"https:\/\/rbdcivil.ibdcivil.org.br\/rbdc\">https:\/\/rbdcivil.ibdcivil.org.br\/rbdc<\/a><\/strong><\/p><\/td><\/tr><tr><td width=\"664\"><p><strong>Revista Brasileira de Direito<\/strong><\/p><p><strong>\u00a0<\/strong><\/p><p>Foca em temas amplos de Direito, publicando artigos sobre diversas \u00e1reas como direito constitucional, penal, civil e processual, al\u00e9m de estudos interdisciplinares.<\/p><p><strong>\u00a0<\/strong><\/p><p><strong>Acesso: <a href=\"https:\/\/seer.atitus.edu.br\/index.php\/revistadedireito\">https:\/\/seer.atitus.edu.br\/index.php\/revistadedireito<\/a><\/strong><\/p><\/td><\/tr><tr><td width=\"664\"><p><strong>Revista Brasileira de Direito Animal<\/strong><\/p><p><strong>\u00a0<\/strong><\/p><p>Especializada em Direito Animal, discute prote\u00e7\u00e3o animal, legisla\u00e7\u00e3o sobre direitos dos animais, bem-estar animal e \u00e9tica.<\/p><p><strong>Acesso: <a href=\"https:\/\/periodicos.ufba.br\/index.php\/RBDA\/\">https:\/\/periodicos.ufba.br\/index.php\/RBDA\/<\/a><\/strong><\/p><\/td><\/tr><tr><td width=\"664\"><p><strong>Revista Brasileira de Direito e Justi\u00e7a<\/strong><\/p><p>Explora a interse\u00e7\u00e3o entre o Direito e conceitos de justi\u00e7a, buscando uma compreens\u00e3o te\u00f3rica e pr\u00e1tica do sistema de justi\u00e7a brasileiro.<\/p><p><strong>Acesso: <a href=\"https:\/\/revistas.uepg.br\/index.php\/direito\">https:\/\/revistas.uepg.br\/index.php\/direito<\/a><\/strong><\/p><\/td><\/tr><tr><td width=\"664\"><p><strong>Revista Brasileira de Direito Processual Penal<\/strong><\/p><p><strong>\u00a0<\/strong><\/p><p>Aborda o Direito Processual Penal com an\u00e1lises sobre o sistema penal brasileiro, quest\u00f5es de prova, direitos dos acusados, e jurisprud\u00eancia processual penal.<\/p><p><strong>Acesso:\u00a0 <a href=\"https:\/\/revista.ibraspp.com.br\/RBDPP\">https:\/\/revista.ibraspp.com.br\/RBDPP<\/a><\/strong><\/p><\/td><\/tr><tr><td width=\"664\"><p><strong>Revista de Direito Brasileira<\/strong><\/p><p><strong>\u00a0<\/strong><\/p><p>Apresenta uma abordagem ampla do Direito brasileiro, discutindo desde o Direito Constitucional at\u00e9 \u00e1reas espec\u00edficas como Direito do Consumidor, Direito Tribut\u00e1rio e Administrativo.<\/p><p><strong>\u00a0<\/strong><\/p><p><strong>Acesso: <a href=\"https:\/\/www.rdb.org.br\/\">https:\/\/www.rdb.org.br\/<\/a><\/strong><\/p><\/td><\/tr><tr><td width=\"664\"><p><strong>Revista de Direito em Debate<\/strong><\/p><p><strong>\u00a0<\/strong><\/p><p>Peri\u00f3dico que estimula discuss\u00f5es te\u00f3ricas e pr\u00e1ticas sobre temas contempor\u00e2neos do Direito, abrangendo diversas \u00e1reas de interesse jur\u00eddico.<\/p><p><strong>Acesso: <a href=\"https:\/\/www.revistas.unijui.edu.br\/index.php\/revistadireitoemdebate\">https:\/\/www.revistas.unijui.edu.br\/index.php\/revistadireitoemdebate<\/a><\/strong><\/p><\/td><\/tr><tr><td width=\"664\"><p><strong>Revista de Direito Internacional<\/strong><\/p><p><strong>\u00a0<\/strong><\/p><p>Voltada para o estudo do Direito Internacional, cobrindo temas como tratados, direito humanit\u00e1rio, organiza\u00e7\u00f5es internacionais e conflitos entre na\u00e7\u00f5es.<\/p><p><strong>Acesso: <a href=\"https:\/\/www.publicacoesacademicas.uniceub.br\/rdi\">https:\/\/www.publicacoesacademicas.uniceub.br\/rdi<\/a><\/strong><\/p><\/td><\/tr><tr><td width=\"664\"><p><strong>Revista de Direito Internacional Econ\u00f4mico e Tribut\u00e1rio<\/strong><\/p><p><strong>\u00a0<\/strong><\/p><p>Explora as interfaces entre o Direito Internacional e o Direito Econ\u00f4mico e Tribut\u00e1rio, discutindo quest\u00f5es como tributa\u00e7\u00e3o global, com\u00e9rcio internacional e regula\u00e7\u00e3o financeira.<\/p><p><strong>Acesso: <a href=\"https:\/\/portalrevistas.ucb.br\/index.php\/RDIET\">https:\/\/portalrevistas.ucb.br\/index.php\/RDIET<\/a><\/strong><\/p><\/td><\/tr><tr><td width=\"664\"><p><strong>Revista de Estudos Emp\u00edricos em Direito<\/strong><\/p><p><strong>\u00a0<\/strong><\/p><p>Focada em pesquisas emp\u00edricas na \u00e1rea do Direito, utilizando m\u00e9todos quantitativos e qualitativos para explorar quest\u00f5es jur\u00eddicas a partir de dados reais e estudos de caso.<\/p><p><strong>Acesso:\u00a0 <a href=\"https:\/\/reedpesquisa.org\/ojs-2.4.3\/reed\/index\">https:\/\/reedpesquisa.org\/ojs-2.4.3\/reed\/index<\/a><\/strong><\/p><\/td><\/tr><tr><td width=\"664\"><p><strong>Revista Direito Ambiental e Sociedade<\/strong><\/p><p><strong>\u00a0<\/strong><\/p><p>Especializada em Direito Ambiental, discute temas como legisla\u00e7\u00e3o ambiental, desenvolvimento sustent\u00e1vel, e o impacto das pol\u00edticas p\u00fablicas sobre o meio ambiente.<\/p><p><strong>Acesso: <a href=\"https:\/\/sou.ucs.br\/etc\/revistas\/index.php\/direitoambiental\">https:\/\/sou.ucs.br\/etc\/revistas\/index.php\/direitoambiental<\/a><\/strong><\/p><\/td><\/tr><tr><td width=\"664\"><p><strong>Revista Direito e Liberdade<\/strong><\/p><p><strong>\u00a0<\/strong><\/p><p>Aborda temas relacionados \u00e0 liberdade individual e coletiva, com \u00eanfase em direitos humanos, direitos civis e o papel do Estado em garantir e proteger essas liberdades.<\/p><p><strong>Acesso: <a href=\"https:\/\/ww2.esmarn.tjrn.jus.br\/revistas\/index.php\/revista_direito_e_liberdade\">https:\/\/ww2.esmarn.tjrn.jus.br\/revistas\/index.php\/revista_direito_e_liberdade<\/a><\/strong><\/p><\/td><\/tr><tr><td width=\"664\"><p><strong>Revista do Direito<\/strong><\/p><p><strong>\u00a0<\/strong><\/p><p>Focada em temas cl\u00e1ssicos e contempor\u00e2neos do Direito, esta publica\u00e7\u00e3o explora quest\u00f5es te\u00f3ricas e pr\u00e1ticas de v\u00e1rias \u00e1reas do Direito, incluindo Direito Constitucional, Civil e Penal.<\/p><p><strong>Acesso: <a href=\"https:\/\/online.unisc.br\/seer\/index.php\/direito\">https:\/\/online.unisc.br\/seer\/index.php\/direito<\/a><\/strong><\/p><\/td><\/tr><tr><td width=\"664\"><p><strong>Revista do Direito P\u00fablico<\/strong><\/p><p><strong>\u00a0<\/strong><\/p><p>Publica\u00e7\u00e3o voltada para o Direito P\u00fablico, abrangendo Direito Administrativo, Constitucional, e \u00e1reas ligadas \u00e0 regula\u00e7\u00e3o e governan\u00e7a p\u00fablica.<\/p><p><strong>Acesso: <a href=\"http:\/\/www.uel.br\/revistas\/uel\/index.php\/direitopub\">http:\/\/www.uel.br\/revistas\/uel\/index.php\/direitopub<\/a><\/strong><\/p><\/td><\/tr><tr><td width=\"664\"><p><strong>Revista Eletr\u00f4nica Direito e Pol\u00edtica<\/strong><\/p><p><strong>\u00a0<\/strong><\/p><p>Explora a rela\u00e7\u00e3o entre o Direito e a Pol\u00edtica, discutindo como as estruturas jur\u00eddicas moldam as pr\u00e1ticas pol\u00edticas e vice-versa, al\u00e9m de quest\u00f5es de governan\u00e7a e regula\u00e7\u00e3o.<\/p><p><strong>Acesso: <a href=\"http:\/\/siaiap32.univali.br\/seer\/index.php\/rdp\">http:\/\/siaiap32.univali.br\/seer\/index.php\/rdp<\/a><\/strong><\/p><\/td><\/tr><tr><td width=\"664\"><p><strong>Revista Opini\u00e3o Jur\u00eddica<\/strong><\/p><p><strong>\u00a0<\/strong><\/p><p>Publica\u00e7\u00e3o que oferece an\u00e1lises cr\u00edticas e reflexivas sobre temas jur\u00eddicos atuais, proporcionando uma plataforma para o debate acad\u00eamico e pr\u00e1tico de quest\u00f5es emergentes no Direito.<\/p><p><strong>Acesso: <a href=\"https:\/\/periodicos.unichristus.edu.br\/opiniaojuridica\">https:\/\/periodicos.unichristus.edu.br\/opiniaojuridica<\/a><\/strong><\/p><\/td><\/tr><\/tbody><\/table>\t\t\t\t\t\t\t\t<\/div>\n\t\t\t\t<\/div>\n\t\t\t\t\t<\/div>\n\t\t<\/div>\n\t\t\t\t\t<\/div>\n\t\t<\/section>\n\t\t\t\t<section class=\"elementor-section elementor-top-section elementor-element elementor-element-77e6018 elementor-section-full_width elementor-section-height-default elementor-section-height-default\" data-id=\"77e6018\" data-element_type=\"section\" data-e-type=\"section\">\n\t\t\t\t\t\t<div class=\"elementor-container elementor-column-gap-no\">\n\t\t\t\t\t<div class=\"elementor-column elementor-col-100 elementor-top-column elementor-element elementor-element-b4fd7e3\" data-id=\"b4fd7e3\" data-element_type=\"column\" data-e-type=\"column\">\n\t\t\t<div class=\"elementor-widget-wrap\">\n\t\t\t\t\t\t\t<\/div>\n\t\t<\/div>\n\t\t\t\t\t<\/div>\n\t\t<\/section>\n\t\t\t\t<\/div>\n\t\t","protected":false},"excerpt":{"rendered":"<p>ACAD\u00caMICO PER\u00cdODICOS DE DIREITO 1. PERI\u00d3DICOS SUPLEMENTARES E COMPLEMENTARES \u00a0 O acervo de peri\u00f3dicos \u00e9 constantemente atualizado no site institucional, e nesta data consta a seguinte lista, na \u00e1rea do curso: BASES DE DADOS &#8211; ACESSO LIVRE: Peri\u00f3dicos Direito e Democracia \u00a0 Foca nas intera\u00e7\u00f5es entre o Direito e o sistema democr\u00e1tico, analisando temas como [&hellip;]<\/p>\n","protected":false},"author":1,"featured_media":0,"parent":0,"menu_order":0,"comment_status":"closed","ping_status":"closed","template":"","meta":{"footnotes":""},"class_list":["post-4049","page","type-page","status-publish","hentry"],"_links":{"self":[{"href":"https:\/\/aesp.edu.br\/portal\/wp-json\/wp\/v2\/pages\/4049","targetHints":{"allow":["GET"]}}],"collection":[{"href":"https:\/\/aesp.edu.br\/portal\/wp-json\/wp\/v2\/pages"}],"about":[{"href":"https:\/\/aesp.edu.br\/portal\/wp-json\/wp\/v2\/types\/page"}],"author":[{"embeddable":true,"href":"https:\/\/aesp.edu.br\/portal\/wp-json\/wp\/v2\/users\/1"}],"replies":[{"embeddable":true,"href":"https:\/\/aesp.edu.br\/portal\/wp-json\/wp\/v2\/comments?post=4049"}],"version-history":[{"count":7,"href":"https:\/\/aesp.edu.br\/portal\/wp-json\/wp\/v2\/pages\/4049\/revisions"}],"predecessor-version":[{"id":4060,"href":"https:\/\/aesp.edu.br\/portal\/wp-json\/wp\/v2\/pages\/4049\/revisions\/4060"}],"wp:attachment":[{"href":"https:\/\/aesp.edu.br\/portal\/wp-json\/wp\/v2\/media?parent=4049"}],"curies":[{"name":"wp","href":"https:\/\/api.w.org\/{rel}","templated":true}]}}