{"id":4070,"date":"2025-08-08T08:25:06","date_gmt":"2025-08-08T08:25:06","guid":{"rendered":"https:\/\/aesp.edu.br\/portal\/?page_id=4070"},"modified":"2025-08-08T14:29:36","modified_gmt":"2025-08-08T14:29:36","slug":"cpa-02","status":"publish","type":"page","link":"https:\/\/aesp.edu.br\/portal\/cpa-02\/","title":{"rendered":"CPA"},"content":{"rendered":"\t\t<div data-elementor-type=\"wp-page\" data-elementor-id=\"4070\" class=\"elementor elementor-4070\">\n\t\t\t\t\t\t<section class=\"elementor-section elementor-top-section elementor-element elementor-element-bed27e4 elementor-section-boxed elementor-section-height-default elementor-section-height-default\" data-id=\"bed27e4\" data-element_type=\"section\" data-e-type=\"section\" data-settings=\"{&quot;background_background&quot;:&quot;classic&quot;}\">\n\t\t\t\t\t\t\t<div class=\"elementor-background-overlay\"><\/div>\n\t\t\t\t\t\t\t<div class=\"elementor-container elementor-column-gap-no\">\n\t\t\t\t\t<div class=\"elementor-column elementor-col-100 elementor-top-column elementor-element elementor-element-ddf7dd6\" data-id=\"ddf7dd6\" data-element_type=\"column\" data-e-type=\"column\">\n\t\t\t<div class=\"elementor-widget-wrap elementor-element-populated\">\n\t\t\t\t\t\t<section class=\"elementor-section elementor-inner-section elementor-element elementor-element-d5af136 elementor-section-boxed elementor-section-height-default elementor-section-height-default\" data-id=\"d5af136\" data-element_type=\"section\" data-e-type=\"section\">\n\t\t\t\t\t\t<div class=\"elementor-container elementor-column-gap-default\">\n\t\t\t\t\t<div class=\"elementor-column elementor-col-100 elementor-inner-column elementor-element elementor-element-b98a3f6\" data-id=\"b98a3f6\" data-element_type=\"column\" data-e-type=\"column\">\n\t\t\t<div class=\"elementor-widget-wrap elementor-element-populated\">\n\t\t\t\t\t\t\t<\/div>\n\t\t<\/div>\n\t\t\t\t\t<\/div>\n\t\t<\/section>\n\t\t\t\t<section class=\"elementor-section elementor-inner-section elementor-element elementor-element-e1cf71b elementor-section-boxed elementor-section-height-default elementor-section-height-default\" data-id=\"e1cf71b\" data-element_type=\"section\" data-e-type=\"section\">\n\t\t\t\t\t\t<div class=\"elementor-container elementor-column-gap-default\">\n\t\t\t\t\t<div class=\"elementor-column elementor-col-100 elementor-inner-column elementor-element elementor-element-e745c90\" data-id=\"e745c90\" data-element_type=\"column\" data-e-type=\"column\">\n\t\t\t<div class=\"elementor-widget-wrap elementor-element-populated\">\n\t\t\t\t\t\t<div class=\"elementor-element elementor-element-7dbde8f elementor-widget elementor-widget-heading\" data-id=\"7dbde8f\" data-element_type=\"widget\" data-e-type=\"widget\" data-widget_type=\"heading.default\">\n\t\t\t\t<div class=\"elementor-widget-container\">\n\t\t\t\t\t<h2 class=\"elementor-heading-title elementor-size-default\"><span class=\"normal-text style-color\" style=\"z-index: 1;position: relative;vertical-align: bottom;font-size: 28px;line-height: 1.2;font-family: Poppins, sans-serif;letter-spacing: normal;text-align: center\">Comiss\u00e3o Pr\u00f3pria de Avalia\u00e7\u00e3o -&nbsp;<\/span><span class=\"dynamic-wrapper style-color\" style=\"overflow: visible;text-align: center;position: relative;vertical-align: bottom;font-size: 16px;font-weight: 400;letter-spacing: normal\"><span class=\"dynamic-text\" style=\"position: relative;top: 0px;left: 0px;z-index: auto;font-size: 28px;font-weight: 600;line-height: 1.2;font-family: Poppins, sans-serif\">CPA<\/span><\/span><\/h2>\t\t\t\t<\/div>\n\t\t\t\t<\/div>\n\t\t\t\t\t<\/div>\n\t\t<\/div>\n\t\t\t\t\t<\/div>\n\t\t<\/section>\n\t\t\t\t\t<\/div>\n\t\t<\/div>\n\t\t\t\t\t<\/div>\n\t\t<\/section>\n\t\t\t\t<section class=\"elementor-section elementor-top-section elementor-element elementor-element-d9d074b elementor-section-boxed elementor-section-height-default elementor-section-height-default\" data-id=\"d9d074b\" data-element_type=\"section\" data-e-type=\"section\">\n\t\t\t\t\t\t<div class=\"elementor-container elementor-column-gap-default\">\n\t\t\t\t\t<div class=\"elementor-column elementor-col-100 elementor-top-column elementor-element elementor-element-2cda6ff\" data-id=\"2cda6ff\" data-element_type=\"column\" data-e-type=\"column\">\n\t\t\t<div class=\"elementor-widget-wrap elementor-element-populated\">\n\t\t\t\t\t\t<div class=\"elementor-element elementor-element-872dbcb elementor-widget elementor-widget-text-editor\" data-id=\"872dbcb\" data-element_type=\"widget\" data-e-type=\"widget\" data-widget_type=\"text-editor.default\">\n\t\t\t\t<div class=\"elementor-widget-container\">\n\t\t\t\t\t\t\t\t\t<div><h5><strong>Comiss\u00e3o Pr\u00f3pria de Avalia\u00e7\u00e3o \u2013 CPA da FACESP<\/strong><\/h5><p>A\u00a0<strong>Comiss\u00e3o Pr\u00f3pria de Avalia\u00e7\u00e3o (CPA)<\/strong> da FACESP segue as diretrizes da Lei Federal n\u00ba 10.861\/2004, que institui o <strong>Sistema Nacional de Avalia\u00e7\u00e3o da Educa\u00e7\u00e3o Superior (SINAES)<\/strong>. Sua principal fun\u00e7\u00e3o \u00e9 conduzir os processos internos de autoavalia\u00e7\u00e3o institucional, sistematizar informa\u00e7\u00f5es e atender \u00e0s demandas do\u00a0<strong>INEP<\/strong>, garantindo\u00a0<strong>transpar\u00eancia e aprimoramento cont\u00ednuo<\/strong>\u00a0da qualidade educacional.<\/p><\/div><p>A CPA atua de forma\u00a0<strong>aut\u00f4noma<\/strong>, promovendo a\u00a0<strong>participa\u00e7\u00e3o ativa<\/strong>\u00a0da comunidade acad\u00eamica no desenvolvimento da institui\u00e7\u00e3o. Seu trabalho fortalece o processo democr\u00e1tico interno, contribuindo para a tomada de decis\u00f5es e ajustes no\u00a0<strong>Plano de Desenvolvimento Institucional (PDI)<\/strong>.<\/p><p>A comiss\u00e3o \u00e9 composta por quatro membros, representando:<\/p><ul><li><strong>Docentes<\/strong><\/li><li><strong>Discentes<\/strong><\/li><li><strong>T\u00e9cnico-administrativos<\/strong><\/li><li><strong>Sociedade civil<br \/><br \/><\/strong><\/li><\/ul><p>A CPA da FACESP \u00e9 um instrumento de suma import\u00e2ncia para consolidar a <strong>qualidade da educa\u00e7\u00e3o superior<\/strong>, alinhando a avalia\u00e7\u00e3o institucional \u00e0 miss\u00e3o e aos objetivos da institui\u00e7\u00e3o.<\/p>\t\t\t\t\t\t\t\t<\/div>\n\t\t\t\t<\/div>\n\t\t\t\t\t<\/div>\n\t\t<\/div>\n\t\t\t\t\t<\/div>\n\t\t<\/section>\n\t\t\t\t<section class=\"elementor-section elementor-top-section elementor-element elementor-element-77e6018 elementor-section-full_width elementor-section-height-default elementor-section-height-default\" data-id=\"77e6018\" data-element_type=\"section\" data-e-type=\"section\">\n\t\t\t\t\t\t<div class=\"elementor-container elementor-column-gap-no\">\n\t\t\t\t\t<div class=\"elementor-column elementor-col-100 elementor-top-column elementor-element elementor-element-b4fd7e3\" data-id=\"b4fd7e3\" data-element_type=\"column\" data-e-type=\"column\">\n\t\t\t<div class=\"elementor-widget-wrap\">\n\t\t\t\t\t\t\t<\/div>\n\t\t<\/div>\n\t\t\t\t\t<\/div>\n\t\t<\/section>\n\t\t\t\t<\/div>\n\t\t","protected":false},"excerpt":{"rendered":"<p>Comiss\u00e3o Pr\u00f3pria de Avalia\u00e7\u00e3o &#8211;&nbsp;CPA Comiss\u00e3o Pr\u00f3pria de Avalia\u00e7\u00e3o \u2013 CPA da FACESP A\u00a0Comiss\u00e3o Pr\u00f3pria de Avalia\u00e7\u00e3o (CPA) da FACESP segue as diretrizes da Lei Federal n\u00ba 10.861\/2004, que institui o Sistema Nacional de Avalia\u00e7\u00e3o da Educa\u00e7\u00e3o Superior (SINAES). Sua principal fun\u00e7\u00e3o \u00e9 conduzir os processos internos de autoavalia\u00e7\u00e3o institucional, sistematizar informa\u00e7\u00f5es e atender \u00e0s [&hellip;]<\/p>\n","protected":false},"author":1,"featured_media":0,"parent":0,"menu_order":0,"comment_status":"closed","ping_status":"closed","template":"","meta":{"footnotes":""},"class_list":["post-4070","page","type-page","status-publish","hentry"],"_links":{"self":[{"href":"https:\/\/aesp.edu.br\/portal\/wp-json\/wp\/v2\/pages\/4070","targetHints":{"allow":["GET"]}}],"collection":[{"href":"https:\/\/aesp.edu.br\/portal\/wp-json\/wp\/v2\/pages"}],"about":[{"href":"https:\/\/aesp.edu.br\/portal\/wp-json\/wp\/v2\/types\/page"}],"author":[{"embeddable":true,"href":"https:\/\/aesp.edu.br\/portal\/wp-json\/wp\/v2\/users\/1"}],"replies":[{"embeddable":true,"href":"https:\/\/aesp.edu.br\/portal\/wp-json\/wp\/v2\/comments?post=4070"}],"version-history":[{"count":7,"href":"https:\/\/aesp.edu.br\/portal\/wp-json\/wp\/v2\/pages\/4070\/revisions"}],"predecessor-version":[{"id":4078,"href":"https:\/\/aesp.edu.br\/portal\/wp-json\/wp\/v2\/pages\/4070\/revisions\/4078"}],"wp:attachment":[{"href":"https:\/\/aesp.edu.br\/portal\/wp-json\/wp\/v2\/media?parent=4070"}],"curies":[{"name":"wp","href":"https:\/\/api.w.org\/{rel}","templated":true}]}}