{"id":4080,"date":"2025-08-08T08:31:56","date_gmt":"2025-08-08T08:31:56","guid":{"rendered":"https:\/\/aesp.edu.br\/portal\/?page_id=4080"},"modified":"2025-08-08T14:39:15","modified_gmt":"2025-08-08T14:39:15","slug":"ouvidoria-02","status":"publish","type":"page","link":"https:\/\/aesp.edu.br\/portal\/ouvidoria-02\/","title":{"rendered":"Ouvidoria"},"content":{"rendered":"\t\t<div data-elementor-type=\"wp-page\" data-elementor-id=\"4080\" class=\"elementor elementor-4080\">\n\t\t\t\t\t\t<section class=\"elementor-section elementor-top-section elementor-element elementor-element-bed27e4 elementor-section-boxed elementor-section-height-default elementor-section-height-default\" data-id=\"bed27e4\" data-element_type=\"section\" data-e-type=\"section\" data-settings=\"{&quot;background_background&quot;:&quot;classic&quot;}\">\n\t\t\t\t\t\t\t<div class=\"elementor-background-overlay\"><\/div>\n\t\t\t\t\t\t\t<div class=\"elementor-container elementor-column-gap-no\">\n\t\t\t\t\t<div class=\"elementor-column elementor-col-100 elementor-top-column elementor-element elementor-element-ddf7dd6\" data-id=\"ddf7dd6\" data-element_type=\"column\" data-e-type=\"column\">\n\t\t\t<div class=\"elementor-widget-wrap elementor-element-populated\">\n\t\t\t\t\t\t<section class=\"elementor-section elementor-inner-section elementor-element elementor-element-d5af136 elementor-section-boxed elementor-section-height-default elementor-section-height-default\" data-id=\"d5af136\" data-element_type=\"section\" data-e-type=\"section\">\n\t\t\t\t\t\t<div class=\"elementor-container elementor-column-gap-default\">\n\t\t\t\t\t<div class=\"elementor-column elementor-col-100 elementor-inner-column elementor-element elementor-element-b98a3f6\" data-id=\"b98a3f6\" data-element_type=\"column\" data-e-type=\"column\">\n\t\t\t<div class=\"elementor-widget-wrap elementor-element-populated\">\n\t\t\t\t\t\t\t<\/div>\n\t\t<\/div>\n\t\t\t\t\t<\/div>\n\t\t<\/section>\n\t\t\t\t<section class=\"elementor-section elementor-inner-section elementor-element elementor-element-e1cf71b elementor-section-boxed elementor-section-height-default elementor-section-height-default\" data-id=\"e1cf71b\" data-element_type=\"section\" data-e-type=\"section\">\n\t\t\t\t\t\t<div class=\"elementor-container elementor-column-gap-default\">\n\t\t\t\t\t<div class=\"elementor-column elementor-col-100 elementor-inner-column elementor-element elementor-element-e745c90\" data-id=\"e745c90\" data-element_type=\"column\" data-e-type=\"column\">\n\t\t\t<div class=\"elementor-widget-wrap elementor-element-populated\">\n\t\t\t\t\t\t<div class=\"elementor-element elementor-element-7dbde8f elementor-widget elementor-widget-heading\" data-id=\"7dbde8f\" data-element_type=\"widget\" data-e-type=\"widget\" data-widget_type=\"heading.default\">\n\t\t\t\t<div class=\"elementor-widget-container\">\n\t\t\t\t\t<h2 class=\"elementor-heading-title elementor-size-default\">OUVIDORIA FACESP<\/h2>\t\t\t\t<\/div>\n\t\t\t\t<\/div>\n\t\t\t\t\t<\/div>\n\t\t<\/div>\n\t\t\t\t\t<\/div>\n\t\t<\/section>\n\t\t\t\t\t<\/div>\n\t\t<\/div>\n\t\t\t\t\t<\/div>\n\t\t<\/section>\n\t\t\t\t<section class=\"elementor-section elementor-top-section elementor-element elementor-element-d9d074b elementor-section-boxed elementor-section-height-default elementor-section-height-default\" data-id=\"d9d074b\" data-element_type=\"section\" data-e-type=\"section\">\n\t\t\t\t\t\t<div class=\"elementor-container elementor-column-gap-default\">\n\t\t\t\t\t<div class=\"elementor-column elementor-col-100 elementor-top-column elementor-element elementor-element-2cda6ff\" data-id=\"2cda6ff\" data-element_type=\"column\" data-e-type=\"column\">\n\t\t\t<div class=\"elementor-widget-wrap elementor-element-populated\">\n\t\t\t\t\t\t<div class=\"elementor-element elementor-element-872dbcb elementor-widget elementor-widget-text-editor\" data-id=\"872dbcb\" data-element_type=\"widget\" data-e-type=\"widget\" data-widget_type=\"text-editor.default\">\n\t\t\t\t<div class=\"elementor-widget-container\">\n\t\t\t\t\t\t\t\t\t<p>A Ouvidoria da Faculdade FACESP\u00a0 \u00e9 um canal aberto para qualquer pessoa que busque um posicionamento da Faculdade sobre assuntos que n\u00e3o tenham sido respondidos pelos tr\u00e2mites normais da Institui\u00e7\u00e3o ou na possibilidade de haver discord\u00e2ncia com o encaminhamento dado. \u00c9, portanto, mais um espa\u00e7o de di\u00e1logo com toda a comunidade FACESP: funcion\u00e1rios, estudantes, ex-estudantes, fam\u00edlias, vizinhos e comunidade em geral.<\/p><p>A Ouvidoria est\u00e1 diretamente subordinada \u00e0 Diretoria Geral da IES e atua junto \u00e0s diversas Unidades e Departamentos da Faculdade FACESP.<\/p><p>Sua fun\u00e7\u00e3o \u00e9 acolher os chamados das comunidades interna e externa e buscar internamente solu\u00e7\u00f5es poss\u00edveis para os problemas apresentados e contribuir para o bom funcionamento das inst\u00e2ncias administrativas e dos processos comunicacionais da Institui\u00e7\u00e3o.<\/p>\t\t\t\t\t\t\t\t<\/div>\n\t\t\t\t<\/div>\n\t\t\t\t<div class=\"elementor-element elementor-element-c8793a6 elementor-align-center elementor-widget elementor-widget-button\" data-id=\"c8793a6\" data-element_type=\"widget\" data-e-type=\"widget\" data-widget_type=\"button.default\">\n\t\t\t\t<div class=\"elementor-widget-container\">\n\t\t\t\t\t\t\t\t\t<div class=\"elementor-button-wrapper\">\n\t\t\t\t\t<a class=\"elementor-button elementor-button-link elementor-size-sm\" href=\"https:\/\/api.whatsapp.com\/send\/?phone=558994621190&#038;text&#038;type=phone_number&#038;app_absent=0\">\n\t\t\t\t\t\t<span class=\"elementor-button-content-wrapper\">\n\t\t\t\t\t\t\t\t\t<span class=\"elementor-button-text\">FALAR COM OUVIDORIA<\/span>\n\t\t\t\t\t<\/span>\n\t\t\t\t\t<\/a>\n\t\t\t\t<\/div>\n\t\t\t\t\t\t\t\t<\/div>\n\t\t\t\t<\/div>\n\t\t\t\t\t<\/div>\n\t\t<\/div>\n\t\t\t\t\t<\/div>\n\t\t<\/section>\n\t\t\t\t<section class=\"elementor-section elementor-top-section elementor-element elementor-element-5e87238 elementor-section-boxed elementor-section-height-default elementor-section-height-default\" data-id=\"5e87238\" data-element_type=\"section\" data-e-type=\"section\">\n\t\t\t\t\t\t<div class=\"elementor-container elementor-column-gap-default\">\n\t\t\t\t\t<div class=\"elementor-column elementor-col-100 elementor-top-column elementor-element elementor-element-da8a0cf\" data-id=\"da8a0cf\" data-element_type=\"column\" data-e-type=\"column\">\n\t\t\t<div class=\"elementor-widget-wrap elementor-element-populated\">\n\t\t\t\t\t\t<div class=\"elementor-element elementor-element-68b5652 elementor-widget elementor-widget-text-editor\" data-id=\"68b5652\" data-element_type=\"widget\" data-e-type=\"widget\" data-widget_type=\"text-editor.default\">\n\t\t\t\t<div class=\"elementor-widget-container\">\n\t\t\t\t\t\t\t\t\t<div class=\"elementor-element elementor-element-1709b0a e-flex e-con-boxed e-con e-parent e-lazyloaded\" data-id=\"1709b0a\" data-element_type=\"container\" data-settings=\"{&quot;background_background&quot;:&quot;classic&quot;}\">\n<div class=\"e-con-inner\">\n<div class=\"elementor-element elementor-element-a7d09bd elementor-widget elementor-widget-heading\" data-id=\"a7d09bd\" data-element_type=\"widget\" data-widget_type=\"heading.default\">\n<div class=\"elementor-widget-container\">\n<h2 class=\"elementor-heading-title elementor-size-default\">Como Funciona:<\/h2>\n<div>&nbsp;<\/div>\n<\/div>\n<\/div>\n<div class=\"elementor-element elementor-element-a59c140 elementor-widget elementor-widget-text-editor\" data-id=\"a59c140\" data-element_type=\"widget\" data-widget_type=\"text-editor.default\">\n<div class=\"elementor-widget-container\">\n<div>\n<p>Recebemos manifesta\u00e7\u00f5es referentes \u00e0s atividades da Faculdade FACESP (cr\u00edticas, den\u00fancias, elogios, reclama\u00e7\u00f5es e outras demandas), analisamos o pedido e, se for pertinente, um processo \u00e9 aberto. Fazemos o encaminhamento formal ao setor competente, que tem um prazo para responder \u00e0 demanda. O requerente pode ser orientado a encaminhar sua manifesta\u00e7\u00e3o diretamente \u00e0 inst\u00e2ncia ou canal competente e nesse caso, nenhum processo \u00e9 aberto.&nbsp;<\/p>\n<p>Garantimos o sigilo do requerente, dentro dos termos previstos pela lei, caso ele seja solicitado. O compromisso com a confidencialidade dos temas tratados, bem como com seus envolvidos, \u00e9 crucial para a manuten\u00e7\u00e3o da credibilidade da Ouvidoria FACESP. Den\u00fancias an\u00f4nimas n\u00e3o s\u00e3o consideradas objeto de apura\u00e7\u00e3o. A Ouvidoria FACESP buscar\u00e1 sempre orientar o requerente sobre a garantia do sigilo para que o tema seja devidamente tratado.<\/p>\n<\/div>\n<\/div>\n<\/div>\n<div class=\"elementor-element elementor-element-2f613a3 elementor-widget elementor-widget-spacer\" data-id=\"2f613a3\" data-element_type=\"widget\" data-widget_type=\"spacer.default\">\n<div class=\"elementor-widget-container\">\n<div class=\"elementor-spacer\">\n<div class=\"elementor-spacer-inner\">&nbsp;<\/div>\n<\/div>\n<\/div>\n<\/div>\n<\/div>\n<\/div>\n<div class=\"elementor-element elementor-element-f425cab e-flex e-con-boxed e-con e-parent e-lazyloaded\" data-id=\"f425cab\" data-element_type=\"container\">\n<div class=\"e-con-inner\">\n<div class=\"elementor-element elementor-element-22349ac elementor-widget elementor-widget-spacer\" data-id=\"22349ac\" data-element_type=\"widget\" data-widget_type=\"spacer.default\">\n<div class=\"elementor-widget-container\">\n<div class=\"elementor-spacer\">\n<div class=\"elementor-spacer-inner\">&nbsp;<\/div>\n<\/div>\n<\/div>\n<\/div>\n<div class=\"elementor-element elementor-element-0f4f784 elementor-widget elementor-widget-heading\" data-id=\"0f4f784\" data-element_type=\"widget\" data-widget_type=\"heading.default\">\n<div class=\"elementor-widget-container\">\n<h2 class=\"elementor-heading-title elementor-size-default\">Antes de acionar a Ouvidoria FACESP:<\/h2><div><br><\/div>\n<\/div>\n<\/div>\n<div class=\"elementor-element elementor-element-bc611ed elementor-widget elementor-widget-text-editor\" data-id=\"bc611ed\" data-element_type=\"widget\" data-widget_type=\"text-editor.default\">\n<div class=\"elementor-widget-container\">\n<div>\n<p>Certifique-se do caminho para atender sua demanda, pois a Ouvidoria FACESP \u00e9 uma op\u00e7\u00e3o de segunda inst\u00e2ncia para a resolu\u00e7\u00e3o de diversos temas.&nbsp;<\/p>\n<p>Antes de acion\u00e1-la, certifique-se de que o assunto n\u00e3o seja pass\u00edvel de resolu\u00e7\u00e3o pelas diversas \u00e1reas de atendimento da Faculdade, como secretarias, central de relacionamento, coordena\u00e7\u00e3o de cursos, \u00e1reas financeiras e comerciais ou recursos humanos.<\/p>\n<\/div>\n<\/div>\n<\/div>\n<\/div>\n<\/div>\t\t\t\t\t\t\t\t<\/div>\n\t\t\t\t<\/div>\n\t\t\t\t\t<\/div>\n\t\t<\/div>\n\t\t\t\t\t<\/div>\n\t\t<\/section>\n\t\t\t\t<\/div>\n\t\t","protected":false},"excerpt":{"rendered":"<p>OUVIDORIA FACESP A Ouvidoria da Faculdade FACESP\u00a0 \u00e9 um canal aberto para qualquer pessoa que busque um posicionamento da Faculdade sobre assuntos que n\u00e3o tenham sido respondidos pelos tr\u00e2mites normais da Institui\u00e7\u00e3o ou na possibilidade de haver discord\u00e2ncia com o encaminhamento dado. \u00c9, portanto, mais um espa\u00e7o de di\u00e1logo com toda a comunidade FACESP: funcion\u00e1rios, [&hellip;]<\/p>\n","protected":false},"author":1,"featured_media":0,"parent":0,"menu_order":0,"comment_status":"closed","ping_status":"closed","template":"","meta":{"footnotes":""},"class_list":["post-4080","page","type-page","status-publish","hentry"],"_links":{"self":[{"href":"https:\/\/aesp.edu.br\/portal\/wp-json\/wp\/v2\/pages\/4080","targetHints":{"allow":["GET"]}}],"collection":[{"href":"https:\/\/aesp.edu.br\/portal\/wp-json\/wp\/v2\/pages"}],"about":[{"href":"https:\/\/aesp.edu.br\/portal\/wp-json\/wp\/v2\/types\/page"}],"author":[{"embeddable":true,"href":"https:\/\/aesp.edu.br\/portal\/wp-json\/wp\/v2\/users\/1"}],"replies":[{"embeddable":true,"href":"https:\/\/aesp.edu.br\/portal\/wp-json\/wp\/v2\/comments?post=4080"}],"version-history":[{"count":4,"href":"https:\/\/aesp.edu.br\/portal\/wp-json\/wp\/v2\/pages\/4080\/revisions"}],"predecessor-version":[{"id":4084,"href":"https:\/\/aesp.edu.br\/portal\/wp-json\/wp\/v2\/pages\/4080\/revisions\/4084"}],"wp:attachment":[{"href":"https:\/\/aesp.edu.br\/portal\/wp-json\/wp\/v2\/media?parent=4080"}],"curies":[{"name":"wp","href":"https:\/\/api.w.org\/{rel}","templated":true}]}}