{"id":4086,"date":"2025-08-08T08:43:22","date_gmt":"2025-08-08T08:43:22","guid":{"rendered":"https:\/\/aesp.edu.br\/portal\/?page_id=4086"},"modified":"2025-08-08T14:45:51","modified_gmt":"2025-08-08T14:45:51","slug":"portal-doegresso","status":"publish","type":"page","link":"https:\/\/aesp.edu.br\/portal\/portal-doegresso\/","title":{"rendered":"PORTAL DO EGRESSO"},"content":{"rendered":"\t\t<div data-elementor-type=\"wp-page\" data-elementor-id=\"4086\" class=\"elementor elementor-4086\">\n\t\t\t\t\t\t<section class=\"elementor-section elementor-top-section elementor-element elementor-element-bed27e4 elementor-section-boxed elementor-section-height-default elementor-section-height-default\" data-id=\"bed27e4\" data-element_type=\"section\" data-e-type=\"section\" data-settings=\"{&quot;background_background&quot;:&quot;classic&quot;}\">\n\t\t\t\t\t\t\t<div class=\"elementor-background-overlay\"><\/div>\n\t\t\t\t\t\t\t<div class=\"elementor-container elementor-column-gap-no\">\n\t\t\t\t\t<div class=\"elementor-column elementor-col-100 elementor-top-column elementor-element elementor-element-ddf7dd6\" data-id=\"ddf7dd6\" data-element_type=\"column\" data-e-type=\"column\">\n\t\t\t<div class=\"elementor-widget-wrap elementor-element-populated\">\n\t\t\t\t\t\t<section class=\"elementor-section elementor-inner-section elementor-element elementor-element-d5af136 elementor-section-boxed elementor-section-height-default elementor-section-height-default\" data-id=\"d5af136\" data-element_type=\"section\" data-e-type=\"section\">\n\t\t\t\t\t\t<div class=\"elementor-container elementor-column-gap-default\">\n\t\t\t\t\t<div class=\"elementor-column elementor-col-100 elementor-inner-column elementor-element elementor-element-b98a3f6\" data-id=\"b98a3f6\" data-element_type=\"column\" data-e-type=\"column\">\n\t\t\t<div class=\"elementor-widget-wrap elementor-element-populated\">\n\t\t\t\t\t\t\t<\/div>\n\t\t<\/div>\n\t\t\t\t\t<\/div>\n\t\t<\/section>\n\t\t\t\t<section class=\"elementor-section elementor-inner-section elementor-element elementor-element-e1cf71b elementor-section-boxed elementor-section-height-default elementor-section-height-default\" data-id=\"e1cf71b\" data-element_type=\"section\" data-e-type=\"section\">\n\t\t\t\t\t\t<div class=\"elementor-container elementor-column-gap-default\">\n\t\t\t\t\t<div class=\"elementor-column elementor-col-100 elementor-inner-column elementor-element elementor-element-e745c90\" data-id=\"e745c90\" data-element_type=\"column\" data-e-type=\"column\">\n\t\t\t<div class=\"elementor-widget-wrap elementor-element-populated\">\n\t\t\t\t\t\t<div class=\"elementor-element elementor-element-7dbde8f elementor-widget elementor-widget-heading\" data-id=\"7dbde8f\" data-element_type=\"widget\" data-e-type=\"widget\" data-widget_type=\"heading.default\">\n\t\t\t\t<div class=\"elementor-widget-container\">\n\t\t\t\t\t<h2 class=\"elementor-heading-title elementor-size-default\">PORTAL DO EGRESSO<\/h2>\t\t\t\t<\/div>\n\t\t\t\t<\/div>\n\t\t\t\t\t<\/div>\n\t\t<\/div>\n\t\t\t\t\t<\/div>\n\t\t<\/section>\n\t\t\t\t\t<\/div>\n\t\t<\/div>\n\t\t\t\t\t<\/div>\n\t\t<\/section>\n\t\t\t\t<section class=\"elementor-section elementor-top-section elementor-element elementor-element-d9d074b elementor-section-boxed elementor-section-height-default elementor-section-height-default\" data-id=\"d9d074b\" data-element_type=\"section\" data-e-type=\"section\">\n\t\t\t\t\t\t<div class=\"elementor-container elementor-column-gap-default\">\n\t\t\t\t\t<div class=\"elementor-column elementor-col-100 elementor-top-column elementor-element elementor-element-2cda6ff\" data-id=\"2cda6ff\" data-element_type=\"column\" data-e-type=\"column\">\n\t\t\t<div class=\"elementor-widget-wrap elementor-element-populated\">\n\t\t\t\t\t\t<div class=\"elementor-element elementor-element-872dbcb elementor-widget elementor-widget-text-editor\" data-id=\"872dbcb\" data-element_type=\"widget\" data-e-type=\"widget\" data-widget_type=\"text-editor.default\">\n\t\t\t\t<div class=\"elementor-widget-container\">\n\t\t\t\t\t\t\t\t\t<div class=\"elementor-element elementor-element-8767728 e-flex e-con-boxed e-con e-parent e-lazyloaded\" data-id=\"8767728\" data-element_type=\"container\"><div class=\"e-con-inner\"><div class=\"elementor-element elementor-element-36c8499 elementor-widget elementor-widget-heading\" data-id=\"36c8499\" data-element_type=\"widget\" data-widget_type=\"heading.default\"><div class=\"elementor-widget-container\"><h2 class=\"elementor-heading-title elementor-size-medium\"><span style=\"font-size: 16px;\">Os Egressos da Faculdade FACESP contam com vantagens exclusivas.<\/span><\/h2><\/div><\/div><\/div><\/div><div class=\"elementor-element elementor-element-f0c9c90 e-flex e-con-boxed e-con e-parent e-lazyloaded\" data-id=\"f0c9c90\" data-element_type=\"container\"><div class=\"e-con-inner\"><div class=\"elementor-element elementor-element-b0a7f5d elementor-widget elementor-widget-text-editor\" data-id=\"b0a7f5d\" data-element_type=\"widget\" data-widget_type=\"text-editor.default\"><div class=\"elementor-widget-container\"><p><span class=\"wixui-rich-text__text\">Confira as principais:<\/span><\/p><ul class=\"font_8 wixui-rich-text__text\"><li class=\"wixui-rich-text__text\"><h6 class=\"font_8 wixui-rich-text__text\"><span class=\"wixui-rich-text__text\">Descontos especiais nas mensalidades para realizar um segundo curso de gradua\u00e7\u00e3o ou p\u00f3s-gradua\u00e7\u00e3o de forma vital\u00edcia. S\u00e3o descontos de at\u00e9 50%, em todas as mensalidades, v\u00e1lidos para todos egressos formados em qualquer curso da Gradua\u00e7\u00e3o ou P\u00f3s-Gradua\u00e7\u00e3o da Faculdade FACESP.<\/span><\/h6><\/li><\/ul><ul class=\"font_8 wixui-rich-text__text\"><li class=\"wixui-rich-text__text\"><h6 class=\"font_8 wixui-rich-text__text\"><span class=\"wixui-rich-text__text\">A Faculdade ainda busca apoiar a busca de novas oportunidades de emprego, al\u00e9m de facilitar acesso aos livros e materiais did\u00e1ticos pela Biblioteca.<\/span><\/h6><\/li><\/ul><p class=\"font_2 wixui-rich-text__text\"><span class=\"wixui-rich-text__text\">Outros benef\u00edcios<\/span><\/p><ul class=\"font_8 wixui-rich-text__text\"><li class=\"wixui-rich-text__text\"><h6 class=\"font_8 wixui-rich-text__text\"><span class=\"wixui-rich-text__text\">Os egressos ser\u00e3o convidados a participar de palestras e atividades voltadas para sua forma\u00e7\u00e3o continuada. Este contato ser\u00e1 feito atrav\u00e9s de e-mail, telefone ou correspond\u00eancia.<\/span><\/h6><\/li><\/ul><ul class=\"font_8 wixui-rich-text__text\"><li class=\"wixui-rich-text__text\"><h6 class=\"font_8 wixui-rich-text__text\"><span class=\"wixui-rich-text__text\">Uso dos laborat\u00f3rios da Institui\u00e7\u00e3o durante os hor\u00e1rios livres de aula \u2013 manh\u00e3 e tarde.<\/span><\/h6><\/li><\/ul><\/div><\/div><\/div><\/div>\t\t\t\t\t\t\t\t<\/div>\n\t\t\t\t<\/div>\n\t\t\t\t\t<\/div>\n\t\t<\/div>\n\t\t\t\t\t<\/div>\n\t\t<\/section>\n\t\t\t\t<section class=\"elementor-section elementor-top-section elementor-element elementor-element-77e6018 elementor-section-full_width elementor-section-height-default elementor-section-height-default\" data-id=\"77e6018\" data-element_type=\"section\" data-e-type=\"section\">\n\t\t\t\t\t\t<div class=\"elementor-container elementor-column-gap-no\">\n\t\t\t\t\t<div class=\"elementor-column elementor-col-100 elementor-top-column elementor-element elementor-element-b4fd7e3\" data-id=\"b4fd7e3\" data-element_type=\"column\" data-e-type=\"column\">\n\t\t\t<div class=\"elementor-widget-wrap\">\n\t\t\t\t\t\t\t<\/div>\n\t\t<\/div>\n\t\t\t\t\t<\/div>\n\t\t<\/section>\n\t\t\t\t<\/div>\n\t\t","protected":false},"excerpt":{"rendered":"<p>PORTAL DO EGRESSO Os Egressos da Faculdade FACESP contam com vantagens exclusivas. Confira as principais: Descontos especiais nas mensalidades para realizar um segundo curso de gradua\u00e7\u00e3o ou p\u00f3s-gradua\u00e7\u00e3o de forma vital\u00edcia. S\u00e3o descontos de at\u00e9 50%, em todas as mensalidades, v\u00e1lidos para todos egressos formados em qualquer curso da Gradua\u00e7\u00e3o ou P\u00f3s-Gradua\u00e7\u00e3o da Faculdade FACESP. [&hellip;]<\/p>\n","protected":false},"author":1,"featured_media":0,"parent":0,"menu_order":0,"comment_status":"closed","ping_status":"closed","template":"","meta":{"footnotes":""},"class_list":["post-4086","page","type-page","status-publish","hentry"],"_links":{"self":[{"href":"https:\/\/aesp.edu.br\/portal\/wp-json\/wp\/v2\/pages\/4086","targetHints":{"allow":["GET"]}}],"collection":[{"href":"https:\/\/aesp.edu.br\/portal\/wp-json\/wp\/v2\/pages"}],"about":[{"href":"https:\/\/aesp.edu.br\/portal\/wp-json\/wp\/v2\/types\/page"}],"author":[{"embeddable":true,"href":"https:\/\/aesp.edu.br\/portal\/wp-json\/wp\/v2\/users\/1"}],"replies":[{"embeddable":true,"href":"https:\/\/aesp.edu.br\/portal\/wp-json\/wp\/v2\/comments?post=4086"}],"version-history":[{"count":7,"href":"https:\/\/aesp.edu.br\/portal\/wp-json\/wp\/v2\/pages\/4086\/revisions"}],"predecessor-version":[{"id":4093,"href":"https:\/\/aesp.edu.br\/portal\/wp-json\/wp\/v2\/pages\/4086\/revisions\/4093"}],"wp:attachment":[{"href":"https:\/\/aesp.edu.br\/portal\/wp-json\/wp\/v2\/media?parent=4086"}],"curies":[{"name":"wp","href":"https:\/\/api.w.org\/{rel}","templated":true}]}}