{"id":524,"date":"2022-06-27T17:31:04","date_gmt":"2022-06-27T17:31:04","guid":{"rendered":"https:\/\/aesp.edu.br\/portal\/?page_id=524"},"modified":"2022-06-27T17:35:34","modified_gmt":"2022-06-27T17:35:34","slug":"periodicos-pedagogia","status":"publish","type":"page","link":"https:\/\/aesp.edu.br\/portal\/periodicos-pedagogia\/","title":{"rendered":"Peri\u00f3dicos Pedagogia"},"content":{"rendered":"\t\t<div data-elementor-type=\"wp-page\" data-elementor-id=\"524\" class=\"elementor elementor-524\">\n\t\t\t\t\t\t<section class=\"elementor-section elementor-top-section elementor-element elementor-element-bed27e4 elementor-section-boxed elementor-section-height-default elementor-section-height-default\" data-id=\"bed27e4\" data-element_type=\"section\" data-e-type=\"section\" data-settings=\"{&quot;background_background&quot;:&quot;classic&quot;}\">\n\t\t\t\t\t\t\t<div class=\"elementor-background-overlay\"><\/div>\n\t\t\t\t\t\t\t<div class=\"elementor-container elementor-column-gap-no\">\n\t\t\t\t\t<div class=\"elementor-column elementor-col-100 elementor-top-column elementor-element elementor-element-ddf7dd6\" data-id=\"ddf7dd6\" data-element_type=\"column\" data-e-type=\"column\">\n\t\t\t<div class=\"elementor-widget-wrap elementor-element-populated\">\n\t\t\t\t\t\t<section class=\"elementor-section elementor-inner-section elementor-element elementor-element-d5af136 elementor-section-boxed elementor-section-height-default elementor-section-height-default\" data-id=\"d5af136\" data-element_type=\"section\" data-e-type=\"section\">\n\t\t\t\t\t\t<div class=\"elementor-container elementor-column-gap-default\">\n\t\t\t\t\t<div class=\"elementor-column elementor-col-100 elementor-inner-column elementor-element elementor-element-b98a3f6\" data-id=\"b98a3f6\" data-element_type=\"column\" data-e-type=\"column\">\n\t\t\t<div class=\"elementor-widget-wrap elementor-element-populated\">\n\t\t\t\t\t\t<div class=\"elementor-element elementor-element-833265d elementor-widget elementor-widget-heading\" data-id=\"833265d\" data-element_type=\"widget\" data-e-type=\"widget\" data-widget_type=\"heading.default\">\n\t\t\t\t<div class=\"elementor-widget-container\">\n\t\t\t\t\t<h2 class=\"elementor-heading-title elementor-size-default\">ACAD\u00caMICO<\/h2>\t\t\t\t<\/div>\n\t\t\t\t<\/div>\n\t\t\t\t\t<\/div>\n\t\t<\/div>\n\t\t\t\t\t<\/div>\n\t\t<\/section>\n\t\t\t\t<section class=\"elementor-section elementor-inner-section elementor-element elementor-element-e1cf71b elementor-section-boxed elementor-section-height-default elementor-section-height-default\" data-id=\"e1cf71b\" data-element_type=\"section\" data-e-type=\"section\">\n\t\t\t\t\t\t<div class=\"elementor-container elementor-column-gap-default\">\n\t\t\t\t\t<div class=\"elementor-column elementor-col-100 elementor-inner-column elementor-element elementor-element-e745c90\" data-id=\"e745c90\" data-element_type=\"column\" data-e-type=\"column\">\n\t\t\t<div class=\"elementor-widget-wrap elementor-element-populated\">\n\t\t\t\t\t\t<div class=\"elementor-element elementor-element-7dbde8f elementor-widget elementor-widget-heading\" data-id=\"7dbde8f\" data-element_type=\"widget\" data-e-type=\"widget\" data-widget_type=\"heading.default\">\n\t\t\t\t<div class=\"elementor-widget-container\">\n\t\t\t\t\t<h2 class=\"elementor-heading-title elementor-size-default\">PER\u00cdODICOS DE PEDAGOGIA<\/h2>\t\t\t\t<\/div>\n\t\t\t\t<\/div>\n\t\t\t\t\t<\/div>\n\t\t<\/div>\n\t\t\t\t\t<\/div>\n\t\t<\/section>\n\t\t\t\t\t<\/div>\n\t\t<\/div>\n\t\t\t\t\t<\/div>\n\t\t<\/section>\n\t\t\t\t<section class=\"elementor-section elementor-top-section elementor-element elementor-element-d9d074b elementor-section-boxed elementor-section-height-default elementor-section-height-default\" data-id=\"d9d074b\" data-element_type=\"section\" data-e-type=\"section\">\n\t\t\t\t\t\t<div class=\"elementor-container elementor-column-gap-default\">\n\t\t\t\t\t<div class=\"elementor-column elementor-col-100 elementor-top-column elementor-element elementor-element-2cda6ff\" data-id=\"2cda6ff\" data-element_type=\"column\" data-e-type=\"column\">\n\t\t\t<div class=\"elementor-widget-wrap elementor-element-populated\">\n\t\t\t\t\t\t<div class=\"elementor-element elementor-element-872dbcb elementor-widget elementor-widget-text-editor\" data-id=\"872dbcb\" data-element_type=\"widget\" data-e-type=\"widget\" data-widget_type=\"text-editor.default\">\n\t\t\t\t<div class=\"elementor-widget-container\">\n\t\t\t\t\t\t\t\t\t<table width=\"435\"><tbody><tr><td width=\"52\">1<\/td><td width=\"383\"><a style=\"font-weight: var( --e-global-typography-text-font-weight );\" href=\"https:\/\/www-periodicos-capes-gov-br.ezl.periodicos.capes.gov.br\/index.php\"><b>Biblioteca Virtual De Educa\u00e7\u00e3o<\/b><\/a><\/td><\/tr><tr><td>2<\/td><td width=\"383\"><a style=\"font-weight: var( --e-global-typography-text-font-weight );\" href=\"https:\/\/www.bts.senac.br\/bts\"><b>Boletim T\u00e9cnico Do Senac<\/b><\/a><\/td><\/tr><tr><td>3<\/td><td width=\"383\"><a style=\"font-weight: var( --e-global-typography-text-font-weight );\" href=\"https:\/\/www.scielo.br\/j\/ccedes\/\"><b>Cadernos Cedes<\/b><\/a><\/td><\/tr><tr><td>4<\/td><td width=\"383\"><a style=\"font-weight: var( --e-global-typography-text-font-weight );\" href=\"http:\/\/cienciaecultura.bvs.br\/scielo.php?script=sci_serial&amp;pid=0009-6725&amp;lng=pt&amp;nrm=iso\"><b>Ci\u00eancia E Cultura<\/b><\/a><\/td><\/tr><tr><td>5<\/td><td width=\"383\"><a style=\"font-weight: var( --e-global-typography-text-font-weight );\" href=\"https:\/\/www.scielo.br\/j\/ciedu\/\"><b>Ci\u00eancia E Educa\u00e7\u00e3o<\/b><\/a><\/td><\/tr><tr><td>6<\/td><td width=\"383\"><a style=\"font-weight: var( --e-global-typography-text-font-weight );\" href=\"http:\/\/www.ucs.br\/etc\/revistas\/index.php\/conjectura\"><b>Conjectura: Filosofia E Educa\u00e7\u00e3o<\/b><\/a><\/td><\/tr><tr><td>7<\/td><td width=\"383\"><a style=\"font-weight: var( --e-global-typography-text-font-weight );\" href=\"http:\/\/www.curriculosemfronteiras.org\/)\"><b>Curr\u00edculo Sem Fronteiras<\/b><\/a><\/td><\/tr><tr><td>8<\/td><td width=\"383\"><a style=\"font-weight: var( --e-global-typography-text-font-weight );\" href=\"https:\/\/www.scielo.br\/j\/er\/\"><b>Educar Em Revista<\/b><\/a><\/td><\/tr><tr><td>9<\/td><td width=\"383\"><a style=\"font-weight: var( --e-global-typography-text-font-weight );\" href=\"https:\/\/www.scielo.br\/j\/ep\/\"><b>Educa\u00e7\u00e3o E Pesquisa<\/b><\/a><\/td><\/tr><tr><td>10<\/td><td width=\"383\"><a style=\"font-weight: var( --e-global-typography-text-font-weight );\" href=\"https:\/\/www.scielo.br\/j\/es\/\"><b>Educa\u00e7\u00e3o E Sociedade<\/b><\/a><\/td><\/tr><tr><td>11<\/td><td width=\"383\"><a style=\"font-weight: var( --e-global-typography-text-font-weight );\" href=\"https:\/\/www.periodicos.rc.biblioteca.unesp.br\/index.php\/educacao\"><b>Educa\u00e7\u00e3o Teoria &amp; Pr\u00e1tica<\/b><\/a><\/td><\/tr><tr><td>12<\/td><td width=\"383\"><a style=\"font-weight: var( --e-global-typography-text-font-weight );\" href=\"http:\/\/revistas.unisinos.br\/index.php\/educacao\"><b>Educa\u00e7\u00e3o Unisinos<\/b><\/a><\/td><\/tr><tr><td>13<\/td><td width=\"383\"><a style=\"font-weight: var( --e-global-typography-text-font-weight );\" href=\"https:\/\/jime.open.ac.uk\/\"><b>Journal Of Interactive Media In Education<\/b><\/a><\/td><\/tr><tr><td>14<\/td><td width=\"383\"><a style=\"font-weight: var( --e-global-typography-text-font-weight );\" href=\"https:\/\/scholar.lib.vt.edu\/ejournals\/JTE\/\"><b>Journal Of Technology Education<\/b><\/a><\/td><\/tr><tr><td>15<\/td><td width=\"383\"><a style=\"font-weight: var( --e-global-typography-text-font-weight );\" href=\"https:\/\/revistas.uepg.br\/index.php\/olhardeprofessor\"><b>Olhar De Professor<\/b><\/a><\/td><\/tr><tr><td>16<\/td><td width=\"383\"><a style=\"font-weight: var( --e-global-typography-text-font-weight );\" href=\"https:\/\/www.scielo.br\/j\/paideia\/\"><b>Paid\u00e9ia<\/b><\/a><\/td><\/tr><tr><td>17<\/td><td width=\"383\"><a style=\"font-weight: var( --e-global-typography-text-font-weight );\" href=\"https:\/\/revistas.uepg.br\/index.php\/praxiseducativa\"><b>Pr\u00e1xis Educativa<\/b><\/a><\/td><\/tr><tr><td>18<\/td><td width=\"383\"><a style=\"font-weight: var( --e-global-typography-text-font-weight );\" href=\"https:\/\/online.unisc.br\/seer\/index.php\/reflex\"><b>Reflex\u00e3o E A\u00e7\u00e3o<\/b><\/a><\/td><\/tr><tr><td>19<\/td><td width=\"383\"><a style=\"font-weight: var( --e-global-typography-text-font-weight );\" href=\"https:\/\/www.scielo.br\/j\/rfe\/\"><b>Revista Da Faculdade De Educa\u00e7\u00e3o<\/b><\/a><\/td><\/tr><tr><td>20<\/td><td width=\"383\"><a style=\"font-weight: var( --e-global-typography-text-font-weight );\" href=\"https:\/\/historycooperative.org\/history-teacher-journal\/\"><b>The History Teacher<\/b><\/a><\/td><\/tr><\/tbody><\/table>\t\t\t\t\t\t\t\t<\/div>\n\t\t\t\t<\/div>\n\t\t\t\t\t<\/div>\n\t\t<\/div>\n\t\t\t\t\t<\/div>\n\t\t<\/section>\n\t\t\t\t<section class=\"elementor-section elementor-top-section elementor-element elementor-element-77e6018 elementor-section-full_width elementor-section-height-default elementor-section-height-default\" data-id=\"77e6018\" data-element_type=\"section\" data-e-type=\"section\">\n\t\t\t\t\t\t<div class=\"elementor-container elementor-column-gap-no\">\n\t\t\t\t\t<div class=\"elementor-column elementor-col-100 elementor-top-column elementor-element elementor-element-b4fd7e3\" data-id=\"b4fd7e3\" data-element_type=\"column\" data-e-type=\"column\">\n\t\t\t<div class=\"elementor-widget-wrap\">\n\t\t\t\t\t\t\t<\/div>\n\t\t<\/div>\n\t\t\t\t\t<\/div>\n\t\t<\/section>\n\t\t\t\t<\/div>\n\t\t","protected":false},"excerpt":{"rendered":"<p>ACAD\u00caMICO PER\u00cdODICOS DE PEDAGOGIA 1 Biblioteca Virtual De Educa\u00e7\u00e3o 2 Boletim T\u00e9cnico Do Senac 3 Cadernos Cedes 4 Ci\u00eancia E Cultura 5 Ci\u00eancia E Educa\u00e7\u00e3o 6 Conjectura: Filosofia E Educa\u00e7\u00e3o 7 Curr\u00edculo Sem Fronteiras 8 Educar Em Revista 9 Educa\u00e7\u00e3o E Pesquisa 10 Educa\u00e7\u00e3o E Sociedade 11 Educa\u00e7\u00e3o Teoria &amp; Pr\u00e1tica 12 Educa\u00e7\u00e3o Unisinos 13 [&hellip;]<\/p>\n","protected":false},"author":1,"featured_media":0,"parent":0,"menu_order":0,"comment_status":"closed","ping_status":"closed","template":"","meta":{"footnotes":""},"class_list":["post-524","page","type-page","status-publish","hentry"],"_links":{"self":[{"href":"https:\/\/aesp.edu.br\/portal\/wp-json\/wp\/v2\/pages\/524","targetHints":{"allow":["GET"]}}],"collection":[{"href":"https:\/\/aesp.edu.br\/portal\/wp-json\/wp\/v2\/pages"}],"about":[{"href":"https:\/\/aesp.edu.br\/portal\/wp-json\/wp\/v2\/types\/page"}],"author":[{"embeddable":true,"href":"https:\/\/aesp.edu.br\/portal\/wp-json\/wp\/v2\/users\/1"}],"replies":[{"embeddable":true,"href":"https:\/\/aesp.edu.br\/portal\/wp-json\/wp\/v2\/comments?post=524"}],"version-history":[{"count":4,"href":"https:\/\/aesp.edu.br\/portal\/wp-json\/wp\/v2\/pages\/524\/revisions"}],"predecessor-version":[{"id":528,"href":"https:\/\/aesp.edu.br\/portal\/wp-json\/wp\/v2\/pages\/524\/revisions\/528"}],"wp:attachment":[{"href":"https:\/\/aesp.edu.br\/portal\/wp-json\/wp\/v2\/media?parent=524"}],"curies":[{"name":"wp","href":"https:\/\/api.w.org\/{rel}","templated":true}]}}