{"id":531,"date":"2022-07-06T03:10:14","date_gmt":"2022-07-06T03:10:14","guid":{"rendered":"https:\/\/aesp.edu.br\/portal\/?page_id=531"},"modified":"2022-07-06T03:17:32","modified_gmt":"2022-07-06T03:17:32","slug":"historico-cesp","status":"publish","type":"page","link":"https:\/\/aesp.edu.br\/portal\/historico-cesp\/","title":{"rendered":"Hist\u00f3rico #CESP"},"content":{"rendered":"\t\t<div data-elementor-type=\"wp-page\" data-elementor-id=\"531\" class=\"elementor elementor-531\">\n\t\t\t\t\t\t<section class=\"elementor-section elementor-top-section elementor-element elementor-element-fe83ea9 elementor-section-boxed elementor-section-height-default elementor-section-height-default\" data-id=\"fe83ea9\" data-element_type=\"section\" data-e-type=\"section\" data-settings=\"{&quot;background_background&quot;:&quot;classic&quot;}\">\n\t\t\t\t\t\t\t<div class=\"elementor-background-overlay\"><\/div>\n\t\t\t\t\t\t\t<div class=\"elementor-container elementor-column-gap-no\">\n\t\t\t\t\t<div class=\"elementor-column elementor-col-100 elementor-top-column elementor-element elementor-element-570180c\" data-id=\"570180c\" data-element_type=\"column\" data-e-type=\"column\">\n\t\t\t<div class=\"elementor-widget-wrap elementor-element-populated\">\n\t\t\t\t\t\t<section class=\"elementor-section elementor-inner-section elementor-element elementor-element-5a3ea97 elementor-section-boxed elementor-section-height-default elementor-section-height-default\" data-id=\"5a3ea97\" data-element_type=\"section\" data-e-type=\"section\">\n\t\t\t\t\t\t<div class=\"elementor-container elementor-column-gap-default\">\n\t\t\t\t\t<div class=\"elementor-column elementor-col-100 elementor-inner-column elementor-element elementor-element-ab75d08\" data-id=\"ab75d08\" data-element_type=\"column\" data-e-type=\"column\">\n\t\t\t<div class=\"elementor-widget-wrap elementor-element-populated\">\n\t\t\t\t\t\t<div class=\"elementor-element elementor-element-50e20e4 elementor-widget elementor-widget-heading\" data-id=\"50e20e4\" data-element_type=\"widget\" data-e-type=\"widget\" data-widget_type=\"heading.default\">\n\t\t\t\t<div class=\"elementor-widget-container\">\n\t\t\t\t\t<h2 class=\"elementor-heading-title elementor-size-default\">INSTITUCIONAL<\/h2>\t\t\t\t<\/div>\n\t\t\t\t<\/div>\n\t\t\t\t\t<\/div>\n\t\t<\/div>\n\t\t\t\t\t<\/div>\n\t\t<\/section>\n\t\t\t\t<section class=\"elementor-section elementor-inner-section elementor-element elementor-element-ac16cfe elementor-section-boxed elementor-section-height-default elementor-section-height-default\" data-id=\"ac16cfe\" data-element_type=\"section\" data-e-type=\"section\">\n\t\t\t\t\t\t<div class=\"elementor-container elementor-column-gap-default\">\n\t\t\t\t\t<div class=\"elementor-column elementor-col-100 elementor-inner-column elementor-element elementor-element-0e31712\" data-id=\"0e31712\" data-element_type=\"column\" data-e-type=\"column\">\n\t\t\t<div class=\"elementor-widget-wrap elementor-element-populated\">\n\t\t\t\t\t\t<div class=\"elementor-element elementor-element-e81f34a elementor-widget elementor-widget-heading\" data-id=\"e81f34a\" data-element_type=\"widget\" data-e-type=\"widget\" data-widget_type=\"heading.default\">\n\t\t\t\t<div class=\"elementor-widget-container\">\n\t\t\t\t\t<h2 class=\"elementor-heading-title elementor-size-default\">HIST\u00d3RICO CESP<\/h2>\t\t\t\t<\/div>\n\t\t\t\t<\/div>\n\t\t\t\t\t<\/div>\n\t\t<\/div>\n\t\t\t\t\t<\/div>\n\t\t<\/section>\n\t\t\t\t\t<\/div>\n\t\t<\/div>\n\t\t\t\t\t<\/div>\n\t\t<\/section>\n\t\t\t\t<section class=\"elementor-section elementor-top-section elementor-element elementor-element-8ec27e2 elementor-section-boxed elementor-section-height-default elementor-section-height-default\" data-id=\"8ec27e2\" data-element_type=\"section\" data-e-type=\"section\">\n\t\t\t\t\t\t<div class=\"elementor-container elementor-column-gap-default\">\n\t\t\t\t\t<div class=\"elementor-column elementor-col-100 elementor-top-column elementor-element elementor-element-40d7ba7\" data-id=\"40d7ba7\" data-element_type=\"column\" data-e-type=\"column\">\n\t\t\t<div class=\"elementor-widget-wrap elementor-element-populated\">\n\t\t\t\t\t\t<div class=\"elementor-element elementor-element-1ae5ff2 elementor-widget elementor-widget-text-editor\" data-id=\"1ae5ff2\" data-element_type=\"widget\" data-e-type=\"widget\" data-widget_type=\"text-editor.default\">\n\t\t\t\t<div class=\"elementor-widget-container\">\n\t\t\t\t\t\t\t\t\t<p class=\"MsoNormal\" style=\"margin-bottom: 6pt; line-height: normal; text-align: left;\"><span style=\"font-size: 12.0pt; font-family: 'Arial',sans-serif;\"><img fetchpriority=\"high\" decoding=\"async\" class=\"wp-image-533 alignright\" src=\"https:\/\/aesp.edu.br\/portal\/wp-content\/uploads\/2022\/07\/logo-oficial_n-300x300.png\" alt=\"\" width=\"272\" height=\"272\" srcset=\"https:\/\/aesp.edu.br\/portal\/wp-content\/uploads\/2022\/07\/logo-oficial_n-300x300.png 300w, https:\/\/aesp.edu.br\/portal\/wp-content\/uploads\/2022\/07\/logo-oficial_n-150x150.png 150w, https:\/\/aesp.edu.br\/portal\/wp-content\/uploads\/2022\/07\/logo-oficial_n.png 400w\" sizes=\"(max-width: 272px) 100vw, 272px\" \/>O CENTRO EDUCACIONAL SUL DO PIAUI \u00e9 uma institui\u00e7\u00e3o de N\u00edvel T\u00e9cnico criada para oferecer Cursos T\u00e9cnicos visando contribuir para a educa\u00e7\u00e3o e desenvolvimento social e cultural da regi\u00e3o Nordeste. <\/span><\/p><p class=\"MsoNormal\" style=\"margin-bottom: 6pt; line-height: normal;\"><span style=\"font-size: 12.0pt; font-family: 'Arial',sans-serif;\">Por constatar o interesse de seu p\u00fablico-alvo em ter cursos t\u00e9cnicos credenciados pelo Conselho Estadual de Educa\u00e7\u00e3o, foi protocolado no ano de 2015 a solicita\u00e7\u00e3o de autoriza\u00e7\u00e3o dos cursos na modalidade presencial dos cursos T\u00e9cnicos em Enfermagem e T\u00e9cnico em Seguran\u00e7a do trabalho, sendo autorizada pela resolu\u00e7\u00e3o CEE\/PI N\u00b0 074\/2015 do corrente ano.<\/span><\/p><p class=\"MsoNormal\" style=\"margin-bottom: 6pt; line-height: normal;\"><span style=\"font-size: 12.0pt; font-family: 'Arial',sans-serif;\">Nesta perspectiva, no ano de 2018 foi solicitada junto ao Conselho Estadual de Educa\u00e7\u00e3o a autoriza\u00e7\u00e3o do curso de Especializa\u00e7\u00e3o de N\u00edvel M\u00e9dio em Enfermagem do Trabalho, vindo esta a ser autorizada pela resolu\u00e7\u00e3o CEE\/PI N\u00b0 025\/2018 para funcionamento do respectivo curso.<\/span><\/p><p class=\"MsoNormal\" style=\"margin-bottom: 6pt; line-height: normal;\"><span style=\"font-size: 12.0pt; font-family: 'Arial',sans-serif;\">Em 2019, pela resolu\u00e7\u00e3o CEE\/PI N\u00b0 146\/2019, foi autorizado o curso T\u00e9cnico em Inform\u00e1tica na modalidade presencial, complementando assim as nossas ofertas de cursos t\u00e9cnicos.<\/span><\/p><p class=\"MsoNormal\" style=\"margin-bottom: 6pt; line-height: normal;\"><span style=\"font-size: 12.0pt; font-family: 'Arial',sans-serif;\">Em seguida, ainda no ano de 2019, o <b>CENTRO EDUCACIONAL SUL DO PIAU\u00cd<\/b> d\u00e1 mais um grande passo em dire\u00e7\u00e3o ao sucesso e qualidade do ensino, se tornando a primeira escola t\u00e9cnica no munic\u00edpio de S\u00e3o Jo\u00e3o do Piau\u00ed \/ PI a ampliar suas margens de ensino, dando entrada nos trabalhos de Educa\u00e7\u00e3o \u00e0 Dist\u00e2ncia (EaD), conseguindo autoriza\u00e7\u00e3o para funcionamento do Curso T\u00e9cnico em Seguran\u00e7a do Trabalho, T\u00e9cnico em Enfermagem e T\u00e9cnico em Inform\u00e1tica tamb\u00e9m \u00e0 dist\u00e2ncia.<\/span><\/p><p class=\"MsoNormal\" style=\"margin-bottom: 6pt; line-height: normal;\"><span style=\"font-size: 12.0pt; font-family: 'Arial',sans-serif;\">No ano de 2020 foram autorizados mais 02 cursos t\u00e9cnicos que contemplam nossa grade de oferta na modalidade presencial e EaD, s\u00e3o eles: Curso T\u00e9cnico em Eletrot\u00e9cnica e Curso T\u00e9cnico em Est\u00e9tica, ambos autorizados ao funcionamento pela resolu\u00e7\u00e3o CEE\/PI N\u00b0 097\/2020.<\/span><\/p><p class=\"MsoNormal\" style=\"margin-bottom: 6pt; line-height: normal;\"><span style=\"font-size: 12.0pt; font-family: 'Arial',sans-serif;\">A modalidade EaD do <b>CENTRO EDUCACIONAL SUL DO PIAU\u00cd<\/b> explora os diversos recursos da tecnologia, com interface moderna e informa\u00e7\u00f5es permanentemente atualizadas, oferecendo conte\u00fados exclusivos de conhecimento, capacita\u00e7\u00e3o profissional, al\u00e9m da autonomia do aluno, interatividade entre aluno-professor, acesso ao ambiente virtual de aprendizagem em qualquer tempo e lugar, atrav\u00e9s de celulares, tablets, notebooks e computador, uma vez que n\u00e3o possui limites geogr\u00e1ficos.<\/span><\/p><p class=\"MsoNormal\" style=\"margin-bottom: 6pt; line-height: normal;\"><span style=\"font-size: 12.0pt; font-family: 'Arial',sans-serif;\">Al\u00e9m disso, o CESP possui ao todo 05 cursos na modalidade \u00e0 dist\u00e2ncia\/presencial, al\u00e9m de cursos de Especializa\u00e7\u00e3o de N\u00edvel M\u00e9dio, Cursos Livres, e capacita\u00e7\u00f5es em diversas \u00e1reas de atua\u00e7\u00e3o.<\/span><\/p><p class=\"MsoNormal\" style=\"margin-bottom: 6pt; line-height: normal;\"><span style=\"font-size: 12.0pt; font-family: 'Arial',sans-serif;\">Toda a hist\u00f3ria da cria\u00e7\u00e3o e funcionamento da Educa\u00e7\u00e3o Profissional do <b>CENTRO EDUCACIONAL SUL DO PIAU\u00cd<\/b>, foi marcada por profissionais extremamente capacitados, especializados na \u00e1rea, laborat\u00f3rios e equipamentos de \u00faltima gera\u00e7\u00e3o, visitas t\u00e9cnicas frequentes, que permitem aproximar os estudantes da realidade profissional da \u00e1rea que escolheram atuar, al\u00e9m da possibilidade de realizar est\u00e1gios supervisionados no mercado de trabalho.<\/span><\/p><p class=\"MsoNormal\" style=\"margin-bottom: 6pt; line-height: normal;\"><span style=\"font-size: 12.0pt; font-family: 'Arial',sans-serif;\">O CESP, h\u00e1 quase 7 anos, \u00e9 parceira de empresas privadas, participando dos programas Dia Solid\u00e1rio, dentre outros, al\u00e9m de possuir seu pr\u00f3prio programa de bolsas de estudo, que contribui socialmente e economicamente com a comunidade de S\u00e3o Jo\u00e3o do Piau\u00ed e demais cidades, visto que essas pr\u00e1ticas contribuem para maior acesso \u00e0 educa\u00e7\u00e3o.<\/span><\/p><div id=\"icpbravoaccess_loaded\">\u00a0<\/div><div id=\"icpbravoaccess_loaded\">\u00a0<\/div><div id=\"icpbravoaccess_loaded\">\u00a0<\/div>\t\t\t\t\t\t\t\t<\/div>\n\t\t\t\t<\/div>\n\t\t\t\t\t<\/div>\n\t\t<\/div>\n\t\t\t\t\t<\/div>\n\t\t<\/section>\n\t\t\t\t<section class=\"elementor-section elementor-top-section elementor-element elementor-element-a0229d0 elementor-section-boxed elementor-section-height-default elementor-section-height-default\" data-id=\"a0229d0\" data-element_type=\"section\" data-e-type=\"section\">\n\t\t\t\t\t\t<div class=\"elementor-container elementor-column-gap-default\">\n\t\t\t\t\t<div class=\"elementor-column elementor-col-100 elementor-top-column elementor-element elementor-element-ecb06e4\" data-id=\"ecb06e4\" data-element_type=\"column\" data-e-type=\"column\">\n\t\t\t<div class=\"elementor-widget-wrap elementor-element-populated\">\n\t\t\t\t\t\t<div class=\"elementor-element elementor-element-3bdb94e elementor-widget elementor-widget-spacer\" data-id=\"3bdb94e\" data-element_type=\"widget\" data-e-type=\"widget\" data-widget_type=\"spacer.default\">\n\t\t\t\t<div class=\"elementor-widget-container\">\n\t\t\t\t\t\t\t<div class=\"elementor-spacer\">\n\t\t\t<div class=\"elementor-spacer-inner\"><\/div>\n\t\t<\/div>\n\t\t\t\t\t\t<\/div>\n\t\t\t\t<\/div>\n\t\t\t\t\t<\/div>\n\t\t<\/div>\n\t\t\t\t\t<\/div>\n\t\t<\/section>\n\t\t\t\t<\/div>\n\t\t","protected":false},"excerpt":{"rendered":"<p>INSTITUCIONAL HIST\u00d3RICO CESP O CENTRO EDUCACIONAL SUL DO PIAUI \u00e9 uma institui\u00e7\u00e3o de N\u00edvel T\u00e9cnico criada para oferecer Cursos T\u00e9cnicos visando contribuir para a educa\u00e7\u00e3o e desenvolvimento social e cultural da regi\u00e3o Nordeste. Por constatar o interesse de seu p\u00fablico-alvo em ter cursos t\u00e9cnicos credenciados pelo Conselho Estadual de Educa\u00e7\u00e3o, foi protocolado no ano de [&hellip;]<\/p>\n","protected":false},"author":1,"featured_media":0,"parent":0,"menu_order":0,"comment_status":"closed","ping_status":"closed","template":"","meta":{"footnotes":""},"class_list":["post-531","page","type-page","status-publish","hentry"],"_links":{"self":[{"href":"https:\/\/aesp.edu.br\/portal\/wp-json\/wp\/v2\/pages\/531","targetHints":{"allow":["GET"]}}],"collection":[{"href":"https:\/\/aesp.edu.br\/portal\/wp-json\/wp\/v2\/pages"}],"about":[{"href":"https:\/\/aesp.edu.br\/portal\/wp-json\/wp\/v2\/types\/page"}],"author":[{"embeddable":true,"href":"https:\/\/aesp.edu.br\/portal\/wp-json\/wp\/v2\/users\/1"}],"replies":[{"embeddable":true,"href":"https:\/\/aesp.edu.br\/portal\/wp-json\/wp\/v2\/comments?post=531"}],"version-history":[{"count":7,"href":"https:\/\/aesp.edu.br\/portal\/wp-json\/wp\/v2\/pages\/531\/revisions"}],"predecessor-version":[{"id":540,"href":"https:\/\/aesp.edu.br\/portal\/wp-json\/wp\/v2\/pages\/531\/revisions\/540"}],"wp:attachment":[{"href":"https:\/\/aesp.edu.br\/portal\/wp-json\/wp\/v2\/media?parent=531"}],"curies":[{"name":"wp","href":"https:\/\/api.w.org\/{rel}","templated":true}]}}